{"id":19973,"date":"2022-05-07T10:43:40","date_gmt":"2022-05-07T08:43:40","guid":{"rendered":"https:\/\/ak47.nu\/produkt\/stti-st92f-two-tone-6mm-green-gas-airsoft-pistol\/"},"modified":"2025-12-03T20:09:08","modified_gmt":"2025-12-03T19:09:08","slug":"stti-st92f-two-tone-6mm-gaz-vert-airsoft","status":"publish","type":"product","link":"https:\/\/ak47.nu\/fr\/produit\/airsoft\/grongas\/pistoler-grongas\/stti-st92f-two-tone-6mm-gaz-vert-airsoft\/","title":{"rendered":"Pistolet Airsoft STTI ST92F Two Tone | Gaz Vert 6mm"},"content":{"rendered":"<h1>Pistolet Airsoft STTI ST92F Two Tone 6mm Gaz Vert<\/h1>\n<h2>Pistolet Airsoft Fiable et \u00c9conomique<\/h2>\n<p>La STTI ST92F est une r\u00e9plique ta\u00efwanaise fabriqu\u00e9e en plastique ABS, avec une d\u00e9tente et un marteau en m\u00e9tal pour une durabilit\u00e9 accrue. Ce pistolet airsoft est con\u00e7u pour ceux qui appr\u00e9cient la fiabilit\u00e9 et la consommation \u00e9conomique de gaz. Il est parfait pour les joueurs recherchant une solution rentable sans compromettre les performances. D\u00e9couvrez notre gamme <a href=\"https:\/\/ak47.nu\/fr\/butik\/\">d'autres pistolets airsoft<\/a> et trouvez le mod\u00e8le qui vous convient le mieux.<\/p>\n\n<h3>Conception \u00c9conomique en Gaz<\/h3>\n<p>Ce pistolet \u00e9conomise une quantit\u00e9 importante de gaz car il n'utilise pas de gaz pour le blowback, mais uniquement pour tirer des coups. Cela vous permet de tirer plus de coups par cartouche de gaz, ce qui vous permet d'\u00e9conomiser de l'argent et du temps sur le terrain. Le STTI ST92F dispose \u00e9galement d'une s\u00e9curit\u00e9 fonctionnelle qui bloque le marteau.<\/p>\n\n<h3>Caract\u00e9ristiques:<\/h3>\n<ul>\n  <li>Poids: 490 g<\/li>\n  <li>Type de chargeur: Gaz vert<\/li>\n  <li>Vitesse initiale: 280 fps<\/li>\n  <li>Blowback: Non<\/li>\n  <li>Capacit\u00e9 du chargeur: 22 BBs<\/li>\n  <li>Mat\u00e9riau: ABS<\/li>\n  <li>Couleur: Bicolore<\/li>\n  <li>Longueur: 218 mm<\/li>\n  <li>\u00c9nergie \u00e0 la bouche: 0,73 J<\/li>\n  <li>Mode de tir: Simple<\/li>\n  <li>Hauteur: 140 mm<\/li>\n  <li>Munitions: .23g, .20g<\/li>\n<\/ul>\n\n<p>Avec son mat\u00e9riau ABS solide et ses principaux composants en m\u00e9tal, le STTI ST92F offre un excellent \u00e9quilibre entre poids et durabilit\u00e9. La conception bicolore donne au pistolet un look distinctif. Curieux de conna\u00eetre nos autres produits\u00a0? Jetez un coup d'\u0153il \u00e0 notre <a href=\"https:\/\/ak47.nu\/fr\/airsoft\/\">cat\u00e9gorie Pistolets Airsoft<\/a> pour voir plus d'options. Bienvenue sur <a href=\"https:\/\/ak47.nu\/fr\/\">notre boutique en ligne<\/a>\u00a0!<\/p>","protected":false},"excerpt":{"rendered":"<p>Pistolet Airsoft STTI ST92F Two Tone 6mm Gaz Vert Pistolet Airsoft Fiable et \u00c9conomique La STTI ST92F est une r\u00e9plique ta\u00efwanaise fabriqu\u00e9e en plastique ABS, avec une d\u00e9tente et un marteau en m\u00e9tal pour une durabilit\u00e9 accrue. Ce pistolet airsoft est con\u00e7u pour ceux qui appr\u00e9cient la fiabilit\u00e9 et la consommation \u00e9conomique de gaz. Il [&#8230;]","protected":false},"featured_media":19969,"template":"","meta":[],"product_brand":[],"product_cat":[411],"product_tag":[],"class_list":{"0":"post-19973","1":"product","2":"type-product","3":"status-publish","4":"has-post-thumbnail","6":"product_cat-pistoler-grongas","7":"pa_brand-stti","9":"first","10":"outofstock","11":"sale","12":"taxable","13":"shipping-taxable","14":"purchasable","15":"product-type-simple"},"_links":{"self":[{"href":"https:\/\/ak47.nu\/fr\/wp-json\/wp\/v2\/product\/19973","targetHints":{"allow":["GET"]}}],"collection":[{"href":"https:\/\/ak47.nu\/fr\/wp-json\/wp\/v2\/product"}],"about":[{"href":"https:\/\/ak47.nu\/fr\/wp-json\/wp\/v2\/types\/product"}],"wp:featuredmedia":[{"embeddable":true,"href":"https:\/\/ak47.nu\/fr\/wp-json\/wp\/v2\/media\/19969"}],"wp:attachment":[{"href":"https:\/\/ak47.nu\/fr\/wp-json\/wp\/v2\/media?parent=19973"}],"wp:term":[{"taxonomy":"product_brand","embeddable":true,"href":"https:\/\/ak47.nu\/fr\/wp-json\/wp\/v2\/product_brand?post=19973"},{"taxonomy":"product_cat","embeddable":true,"href":"https:\/\/ak47.nu\/fr\/wp-json\/wp\/v2\/product_cat?post=19973"},{"taxonomy":"product_tag","embeddable":true,"href":"https:\/\/ak47.nu\/fr\/wp-json\/wp\/v2\/product_tag?post=19973"}],"curies":[{"name":"wp","href":"https:\/\/api.w.org\/{rel}","templated":true}]}}