{"id":20000,"date":"2022-05-07T10:44:07","date_gmt":"2022-05-07T08:44:07","guid":{"rendered":"https:\/\/ak47.nu\/produkt\/src-pocket-pistol-airsoft-replica-6mm-greengas\/"},"modified":"2025-12-03T20:11:34","modified_gmt":"2025-12-03T19:11:34","slug":"src-pocket-pistol-airsoft-replique-6mm-gaz-vert","status":"publish","type":"product","link":"https:\/\/ak47.nu\/fr\/produit\/airsoft\/grongas\/pistoler-grongas\/src-pocket-pistol-airsoft-replique-6mm-gaz-vert\/","title":{"rendered":"SRC Pocket Pistol Airsoft R\u00e9plique 6mm - Gaz Vert"},"content":{"rendered":"<h1>SRC Pocket Pistol Airsoft R\u00e9plique 6mm Gaz Vert<\/h1>\n<h2>Pistolet Airsoft Compact et L\u00e9ger<\/h2>\n<p>La r\u00e9plique airsoft SRC Pocket Pistol est un pistolet petit et l\u00e9ger, id\u00e9al comme arme de secours. Fabriqu\u00e9 en polym\u00e8re, il est dot\u00e9 d'une s\u00e9curit\u00e9 pour \u00e9viter les tirs accidentels. Le chargeur peut contenir jusqu'\u00e0 6 billes, et le conteneur de gaz vert est situ\u00e9 dans la poign\u00e9e du pistolet, contrairement \u00e0 la plupart des r\u00e9pliques \u00e0 gaz. Sa petite taille le rend facile \u00e0 ranger dans une petite poche ou une poche de pantalon.<\/p>\n\n<h3>Caract\u00e9ristiques:<\/h3>\n<ul>\n <li>Fabriqu\u00e9 en polym\u00e8re<\/li>\n <li>S\u00e9curit\u00e9 pour \u00e9viter les tirs<\/li>\n <li>Chargeur de 6 billes<\/li>\n <li>Compartiment \u00e0 gaz vert dans la poign\u00e9e<\/li>\n <li>Taille compacte pour un rangement facile<\/li>\n<\/ul>\n\n<h3>Sp\u00e9cifications:<\/h3>\n<ul>\n <li>EAN: 4715997077879<\/li>\n <li>Blow Back: Non<\/li>\n <li>Couleur: Argent<\/li>\n <li>R\u00e9pliques \u00e0 gaz: Pistolets - Gaz Vert<\/li>\n <li>Hop-up: Non<\/li>\n <li>Longueur: 120 mm<\/li>\n <li>Mat\u00e9riau: Plastique<\/li>\n <li>Type de chargeur: Chargeur Low-Cap<\/li>\n <li>Fabricant: SRC<\/li>\n <li>Propulsion: Gaz - Gaz Vert<\/li>\n <li>Mode de tir: Unique<\/li>\n <li>Vitesse: ~170 FPS<\/li>\n <li>Garantie: 6 mois<\/li>\n <li>Poids: 150 g<\/li>\n<\/ul>\n\n<h3>L'ensemble comprend:<\/h3>\n<ul>\n <li>R\u00e9plique de pistolet \u00e0 gaz SRC GGH0401<\/li>\n <li>Chargeur Low-Cap (6 billes)<\/li>\n<\/ul>\n\n<p>Vous recherchez un pistolet airsoft fiable et facile \u00e0 utiliser? Ce <a href=\"https:\/\/ak47.nu\/fr\/butik\/\">pistolet airsoft SRC<\/a> est un excellent choix comme arme de secours ou pour les jeux CQB. Pour plus d'options, consultez notre gamme de <a href=\"https:\/\/ak47.nu\/fr\/airsoft\/\">pistolets airsoft<\/a>. Visitez <a href=\"https:\/\/ak47.nu\/fr\/\">notre site web<\/a> pour voir toute notre gamme.<\/p>","protected":false},"excerpt":{"rendered":"<p>SRC Pocket Pistol Airsoft R\u00e9plique 6mm Gaz Vert Pistolet Airsoft Compact et L\u00e9ger La r\u00e9plique airsoft SRC Pocket Pistol est un pistolet petit et l\u00e9ger, id\u00e9al comme arme de secours. Fabriqu\u00e9 en polym\u00e8re, il est dot\u00e9 d&#8217;une s\u00e9curit\u00e9 pour \u00e9viter les tirs accidentels. Le chargeur peut contenir jusqu&#8217;\u00e0 6 billes, et le conteneur de gaz [&#8230;]","protected":false},"featured_media":19995,"template":"","meta":[],"product_brand":[],"product_cat":[411],"product_tag":[],"class_list":{"0":"post-20000","1":"product","2":"type-product","3":"status-publish","4":"has-post-thumbnail","6":"product_cat-pistoler-grongas","7":"pa_brand-src","9":"first","10":"outofstock","11":"sale","12":"taxable","13":"shipping-taxable","14":"purchasable","15":"product-type-simple"},"_links":{"self":[{"href":"https:\/\/ak47.nu\/fr\/wp-json\/wp\/v2\/product\/20000","targetHints":{"allow":["GET"]}}],"collection":[{"href":"https:\/\/ak47.nu\/fr\/wp-json\/wp\/v2\/product"}],"about":[{"href":"https:\/\/ak47.nu\/fr\/wp-json\/wp\/v2\/types\/product"}],"wp:featuredmedia":[{"embeddable":true,"href":"https:\/\/ak47.nu\/fr\/wp-json\/wp\/v2\/media\/19995"}],"wp:attachment":[{"href":"https:\/\/ak47.nu\/fr\/wp-json\/wp\/v2\/media?parent=20000"}],"wp:term":[{"taxonomy":"product_brand","embeddable":true,"href":"https:\/\/ak47.nu\/fr\/wp-json\/wp\/v2\/product_brand?post=20000"},{"taxonomy":"product_cat","embeddable":true,"href":"https:\/\/ak47.nu\/fr\/wp-json\/wp\/v2\/product_cat?post=20000"},{"taxonomy":"product_tag","embeddable":true,"href":"https:\/\/ak47.nu\/fr\/wp-json\/wp\/v2\/product_tag?post=20000"}],"curies":[{"name":"wp","href":"https:\/\/api.w.org\/{rel}","templated":true}]}}