{"id":20006,"date":"2022-05-07T10:44:12","date_gmt":"2022-05-07T08:44:12","guid":{"rendered":"https:\/\/ak47.nu\/produkt\/aps-m1911-gladiator-crixus-6mm-green-gas-blowback-airsoft\/"},"modified":"2025-12-03T19:26:11","modified_gmt":"2025-12-03T18:26:11","slug":"aps-m1911-gladiator-crixus-6mm-airsoft-blowback-gaz-vert","status":"publish","type":"product","link":"https:\/\/ak47.nu\/fr\/produit\/airsoft\/grongas\/pistoler-grongas\/aps-m1911-gladiator-crixus-6mm-airsoft-blowback-gaz-vert\/","title":{"rendered":"APS M1911 Gladiator Crixus Airsoft | Blowback Gaz Vert"},"content":{"rendered":"<h1>APS M1911 Gladiator Crixus 6mm Airsoft Blowback Gaz Vert<\/h1>\n<h2>\u00c0 propos du APS M1911 Gladiator Crixus<\/h2>\n<p>Le M1911 est surnomm\u00e9 \"American Gun\" en raison de sa popularit\u00e9 et de sa longue histoire de service. APS souhaitait fabriquer une arme de poing capable d'assumer le nom de cette arme l\u00e9gendaire. Apr\u00e8s 2 ans de R&D, bas\u00e9 sur la conception Airsoft M1911, APS fabrique un nouveau pistolet Airsoft appel\u00e9 \"Gladiator\". Le mod\u00e8le est nomm\u00e9 d'apr\u00e8s les combattants romains \"Marcux\" et \"Crxius\" pour montrer sa capacit\u00e9 de combat.<\/p>\n<p>Cette r\u00e9plique est \u00e9quip\u00e9e d'un canon interne en acier inoxydable de 6,03 mm.<\/p>\n<h3>Caract\u00e9ristiques du APS M1911 Gladiator Crixus<\/h3>\n<ul>\n <li>Corps recouvert de couleur terre fonc\u00e9e<\/li>\n <li>Buse renforc\u00e9e r\u00e9sistante au froid<\/li>\n <li>Caoutchouc herm\u00e9tique r\u00e9sistant \u00e0 l'usure et au froid<\/li>\n <li>Chargeur Turbo (tire plus de 40 coups par charge)<\/li>\n <li>Rail Picatinny Mil-Std 1913<\/li>\n <li>Plaquette de poign\u00e9e rempla\u00e7able avec Kryptek Highlander Camo<\/li>\n <li>Protection de marteau<\/li>\n <li>Guidon \u00e0 fibre optique<\/li>\n <li>Compatible avec les \u00e9tuis de rechange<\/li>\n<\/ul>\n<p>En conclusion, le M1911 est une arme l\u00e9gendaire fi\u00e8rement fabriqu\u00e9e par les Am\u00e9ricains. Les \u00c9tats-Unis \u00e0 eux seuls ont acquis environ 2,7 millions de 1911 dans le cadre de contrats militaires au cours de sa dur\u00e9e de vie. Ce mod\u00e8le est si populaire qu'il est non seulement pr\u00e9sent dans l'arm\u00e9e, mais aussi largement utilis\u00e9 dans divers matchs de comp\u00e9tition en civil. APS \u00e9coute les utilisateurs et fabrique des produits pour eux. C'est pourquoi nous mettons ce nouveau pistolet sur le march\u00e9 et conservons la m\u00e9thode APS qui consiste non pas \u00e0 copier, mais \u00e0 ajouter de l'innovation \u00e0 un produit. Le \"Gladiator\" M1911 est n\u00e9 ! D\u00e9couvrez la puissance et la pr\u00e9cision des <a href=\"https:\/\/ak47.nu\/fr\/butik\/\">autres pistolets airsoft<\/a> pour compl\u00e9ter votre arsenal.<\/p>\n<p><strong>Sp\u00e9cifications :<\/strong><\/p>\n<ul>\n <li>Poids : 970 g<\/li>\n <li>Vitesse initiale : 320 fps<\/li>\n <li>Blowback : Oui<\/li>\n <li>Diam\u00e8tre du canon interne : 6,03 mm<\/li>\n <li>Capacit\u00e9 du chargeur : 25 BBs<\/li>\n <li>Mat\u00e9riau : Aluminium<\/li>\n <li>Couleur : Terre fonc\u00e9e<\/li>\n <li>Longueur : 220 mm<\/li>\n <li>\u00c9nergie initiale : 0,95 J<\/li>\n <li>Mode de tir : Simple<\/li>\n <li>Code : AG803<\/li>\n<\/ul>\n<p>D\u00e9couvrez les performances et la durabilit\u00e9 de ce pistolet airsoft. Am\u00e9liorez votre exp\u00e9rience airsoft avec des accessoires de haute qualit\u00e9 de notre <a href=\"https:\/\/ak47.nu\/fr\/airsoft\/\">cat\u00e9gorie d'accessoires airsoft<\/a>. Visitez <a href=\"https:\/\/ak47.nu\/fr\/\">notre site web<\/a> pour d\u00e9couvrir toute notre gamme.<\/p>","protected":false},"excerpt":{"rendered":"<p>APS M1911 Gladiator Crixus 6mm Airsoft Blowback Gaz Vert \u00c0 propos du APS M1911 Gladiator Crixus Le M1911 est surnomm\u00e9 &#8221;American Gun&#8221; en raison de sa popularit\u00e9 et de sa longue histoire de service. APS souhaitait fabriquer une arme de poing capable d&#8217;assumer le nom de cette arme l\u00e9gendaire. Apr\u00e8s 2 ans de R&#038;D, bas\u00e9 [&#8230;]","protected":false},"featured_media":20001,"template":"","meta":[],"product_brand":[],"product_cat":[411],"product_tag":[],"class_list":{"0":"post-20006","1":"product","2":"type-product","3":"status-publish","4":"has-post-thumbnail","6":"product_cat-pistoler-grongas","7":"pa_brand-aps","9":"first","10":"outofstock","11":"sale","12":"taxable","13":"shipping-taxable","14":"purchasable","15":"product-type-simple"},"_links":{"self":[{"href":"https:\/\/ak47.nu\/fr\/wp-json\/wp\/v2\/product\/20006","targetHints":{"allow":["GET"]}}],"collection":[{"href":"https:\/\/ak47.nu\/fr\/wp-json\/wp\/v2\/product"}],"about":[{"href":"https:\/\/ak47.nu\/fr\/wp-json\/wp\/v2\/types\/product"}],"wp:featuredmedia":[{"embeddable":true,"href":"https:\/\/ak47.nu\/fr\/wp-json\/wp\/v2\/media\/20001"}],"wp:attachment":[{"href":"https:\/\/ak47.nu\/fr\/wp-json\/wp\/v2\/media?parent=20006"}],"wp:term":[{"taxonomy":"product_brand","embeddable":true,"href":"https:\/\/ak47.nu\/fr\/wp-json\/wp\/v2\/product_brand?post=20006"},{"taxonomy":"product_cat","embeddable":true,"href":"https:\/\/ak47.nu\/fr\/wp-json\/wp\/v2\/product_cat?post=20006"},{"taxonomy":"product_tag","embeddable":true,"href":"https:\/\/ak47.nu\/fr\/wp-json\/wp\/v2\/product_tag?post=20006"}],"curies":[{"name":"wp","href":"https:\/\/api.w.org\/{rel}","templated":true}]}}