{"id":20033,"date":"2022-05-07T10:44:35","date_gmt":"2022-05-07T08:44:35","guid":{"rendered":"https:\/\/ak47.nu\/produkt\/src-pocket-pistol-airsoft-replica-6mm-greengas-2\/"},"modified":"2025-12-03T20:11:42","modified_gmt":"2025-12-03T19:11:42","slug":"replique-airsoft-src-pocket-pistol-6mm","status":"publish","type":"product","link":"https:\/\/ak47.nu\/fr\/produit\/airsoft\/grongas\/pistoler-grongas\/replique-airsoft-src-pocket-pistol-6mm\/","title":{"rendered":"R\u00e9plique Airsoft SRC Pocket Pistol 6mm Gaz Vert"},"content":{"rendered":"<h1>R\u00e9plique Airsoft SRC Pocket Pistol 6mm Gaz Vert<\/h1>\n<h2>Pistolet Airsoft Compact et L\u00e9ger pour CQB<\/h2>\n<p>Le SRC Pocket Pistol est une r\u00e9plique airsoft petite et facile \u00e0 dissimuler, aliment\u00e9e par du gaz vert. Fabriqu\u00e9 en polym\u00e8re, il est dot\u00e9 d'une s\u00e9curit\u00e9 pour \u00e9viter tout tir accidentel. Le chargeur peut contenir 6 billes. Le r\u00e9servoir de gaz vert est situ\u00e9 dans la poign\u00e9e du pistolet au lieu du chargeur, ce qui permet de changer de chargeur rapidement et facilement dans le feu de l'action. Gr\u00e2ce \u00e0 sa petite taille, il peut \u00eatre facilement rang\u00e9 dans une petite poche ou une poche de pantalon, ce qui le rend id\u00e9al comme arme de dernier recours.<\/p>\n<h3>Caract\u00e9ristiques du SRC Pocket Pistol :<\/h3>\n<ul>\n <li>Fabriqu\u00e9 en polym\u00e8re durable<\/li>\n <li>S\u00e9curit\u00e9 pour \u00e9viter tout tir accidentel<\/li>\n <li>Le chargeur peut contenir 6 billes<\/li>\n <li>R\u00e9servoir de gaz vert situ\u00e9 dans la poign\u00e9e du pistolet<\/li>\n <li>Taille compacte - parfait comme arme de secours<\/li>\n<\/ul>\n<h3>L'ensemble comprend :<\/h3>\n<ul>\n <li>R\u00e9plique de pistolet airsoft \u00e0 gaz SRC GGH0401<\/li>\n <li>Chargeur Low-Cap (6 billes)<\/li>\n<\/ul>\n<p>Avec son poids l\u00e9ger et sa conception compacte, le SRC Pocket Pistol est un excellent choix pour les jeux CQB ou comme pistolet de secours. Il est facile \u00e0 transporter et rapide \u00e0 d\u00e9ployer lorsque vous en avez le plus besoin. Consultez nos autres <a href=\"https:\/\/ak47.nu\/fr\/butik\/\">pistolets airsoft<\/a> pour trouver celui qui vous convient le mieux. Visitez notre <a href=\"https:\/\/ak47.nu\/fr\/airsoft\/\">page airsoft<\/a> pour voir toute notre s\u00e9lection. Vous pouvez \u00e9galement visiter notre <a href=\"https:\/\/ak47.nu\/fr\/\">page d'accueil<\/a> pour voir tous nos produits.<\/p>\n<h3>Sp\u00e9cifications :<\/h3>\n<ul>\n <li>EAN : 4715997077879<\/li>\n <li>Blow Back : Non<\/li>\n <li>Couleur : Noir<\/li>\n <li>Gaz : Gaz Vert<\/li>\n <li>Hop-up : Non<\/li>\n <li>Longueur : 120 mm<\/li>\n <li>Mat\u00e9riau : Plastique<\/li>\n <li>Type de chargeur : Low-Cap<\/li>\n <li>Fabricant : SRC<\/li>\n <li>Propulsion : Gaz - Gaz Vert<\/li>\n <li>Type de tir : Unique<\/li>\n <li>V\u00e9locit\u00e9 : ~170 FPS<\/li>\n <li>Garantie : 6 mois<\/li>\n <li>Poids : 150 g<\/li>\n<\/ul>","protected":false},"excerpt":{"rendered":"<p>R\u00e9plique Airsoft SRC Pocket Pistol 6mm Gaz Vert Pistolet Airsoft Compact et L\u00e9ger pour CQB Le SRC Pocket Pistol est une r\u00e9plique airsoft petite et facile \u00e0 dissimuler, aliment\u00e9e par du gaz vert. Fabriqu\u00e9 en polym\u00e8re, il est dot\u00e9 d&#8217;une s\u00e9curit\u00e9 pour \u00e9viter tout tir accidentel. Le chargeur peut contenir 6 billes. Le r\u00e9servoir de [&#8230;]","protected":false},"featured_media":20023,"template":"","meta":[],"product_brand":[],"product_cat":[411],"product_tag":[],"class_list":{"0":"post-20033","1":"product","2":"type-product","3":"status-publish","4":"has-post-thumbnail","6":"product_cat-pistoler-grongas","7":"pa_brand-src","9":"first","10":"outofstock","11":"sale","12":"taxable","13":"shipping-taxable","14":"purchasable","15":"product-type-simple"},"_links":{"self":[{"href":"https:\/\/ak47.nu\/fr\/wp-json\/wp\/v2\/product\/20033","targetHints":{"allow":["GET"]}}],"collection":[{"href":"https:\/\/ak47.nu\/fr\/wp-json\/wp\/v2\/product"}],"about":[{"href":"https:\/\/ak47.nu\/fr\/wp-json\/wp\/v2\/types\/product"}],"wp:featuredmedia":[{"embeddable":true,"href":"https:\/\/ak47.nu\/fr\/wp-json\/wp\/v2\/media\/20023"}],"wp:attachment":[{"href":"https:\/\/ak47.nu\/fr\/wp-json\/wp\/v2\/media?parent=20033"}],"wp:term":[{"taxonomy":"product_brand","embeddable":true,"href":"https:\/\/ak47.nu\/fr\/wp-json\/wp\/v2\/product_brand?post=20033"},{"taxonomy":"product_cat","embeddable":true,"href":"https:\/\/ak47.nu\/fr\/wp-json\/wp\/v2\/product_cat?post=20033"},{"taxonomy":"product_tag","embeddable":true,"href":"https:\/\/ak47.nu\/fr\/wp-json\/wp\/v2\/product_tag?post=20033"}],"curies":[{"name":"wp","href":"https:\/\/api.w.org\/{rel}","templated":true}]}}