{"id":20042,"date":"2022-05-07T10:44:41","date_gmt":"2022-05-07T08:44:41","guid":{"rendered":"https:\/\/ak47.nu\/produkt\/src-11-6mm-replica-air-soft-gun-7-65-pistol-green-gas\/"},"modified":"2025-12-03T20:11:43","modified_gmt":"2025-12-03T19:11:43","slug":"src-1-1-6mm-replique-airsoft-7-65-pistolet-gaz-vert","status":"publish","type":"product","link":"https:\/\/ak47.nu\/fr\/produit\/airsoft\/grongas\/pistoler-grongas\/src-1-1-6mm-replique-airsoft-7-65-pistolet-gaz-vert\/","title":{"rendered":"SRC 1:1 6mm R\u00e9plique Airsoft 7.65 Pistolet | Gaz Vert"},"content":{"rendered":"<h1>SRC 1:1 6mm R\u00e9plique Airsoft 7.65 Pistolet Gaz Vert<\/h1>\n<h2>Pistolet Airsoft Fiable et \u00c9conomique<\/h2>\n<p>Cette r\u00e9plique ta\u00efwanaise de SRC est fabriqu\u00e9e en plastique ABS et est dot\u00e9e d'une g\u00e2chette en m\u00e9tal. Le pistolet offre des performances standard pour sa cat\u00e9gorie et est con\u00e7u pour ceux qui appr\u00e9cient la fiabilit\u00e9 et la consommation de gaz \u00e9conomique. Ce pistolet \u00e9conomise du gaz en n'utilisant pas de gaz pour le blowback, mais seulement lors du tir. Il dispose \u00e9galement d'une s\u00e9curit\u00e9 fonctionnelle qui bloque la g\u00e2chette.<\/p>\n<h3>Caract\u00e9ristiques Principales :<\/h3>\n<ul>\n <li><strong>Mat\u00e9riau :<\/strong> Plastique ABS<\/li>\n <li><strong>Couleur :<\/strong> Argent<\/li>\n <li><strong>Capacit\u00e9 du Chargeur :<\/strong> 8 BBs<\/li>\n <li><strong>Poids :<\/strong> 220 g<\/li>\n <li><strong>Longueur :<\/strong> 165 mm<\/li>\n <li><strong>Type de Chargeur :<\/strong> Gaz Vert<\/li>\n <li><strong>Vitesse Initiale :<\/strong> 250 fps<\/li>\n <li><strong>Blowback :<\/strong> Non<\/li>\n <li><strong>\u00c9nergie Initiale :<\/strong> 0.58 J<\/li>\n <li><strong>Mode de Tir :<\/strong> Simple<\/li>\n <li><strong>Munitions :<\/strong> .23g, .20g<\/li>\n<\/ul>\n<p>Ce pistolet airsoft est id\u00e9al pour les joueurs \u00e0 la recherche d'une option fiable et \u00e9conomique. Sans la fonction de blowback, le pistolet \u00e9conomise du gaz, offrant ainsi plus de tirs par cartouche de gaz. La s\u00e9curit\u00e9 fonctionnelle am\u00e9liore la s\u00e9curit\u00e9 pendant l'utilisation. Parfait pour les d\u00e9butants et les passionn\u00e9s d'airsoft exp\u00e9riment\u00e9s.<\/p>\n<p>D\u00e9couvrez davantage de <a href=\"https:\/\/ak47.nu\/fr\/butik\/\">pistolets airsoft<\/a> dans notre gamme et trouvez celui qui vous convient le mieux. Visitez notre <a href=\"https:\/\/ak47.nu\/fr\/airsoft\/grongas\/pistoler-grongas\/\">cat\u00e9gorie airsoft<\/a> pour voir toute la s\u00e9lection. Ne manquez pas nos autres produits sur <a href=\"https:\/\/ak47.nu\/fr\/\">notre page d'accueil<\/a>.<\/p>","protected":false},"excerpt":{"rendered":"<p>SRC 1:1 6mm R\u00e9plique Airsoft 7.65 Pistolet Gaz Vert Pistolet Airsoft Fiable et \u00c9conomique Cette r\u00e9plique ta\u00efwanaise de SRC est fabriqu\u00e9e en plastique ABS et est dot\u00e9e d&#8217;une g\u00e2chette en m\u00e9tal. Le pistolet offre des performances standard pour sa cat\u00e9gorie et est con\u00e7u pour ceux qui appr\u00e9cient la fiabilit\u00e9 et la consommation de gaz \u00e9conomique. [&#8230;]","protected":false},"featured_media":20035,"template":"","meta":[],"product_brand":[],"product_cat":[411],"product_tag":[],"class_list":{"0":"post-20042","1":"product","2":"type-product","3":"status-publish","4":"has-post-thumbnail","6":"product_cat-pistoler-grongas","7":"pa_brand-src","8":"pa_farg-gra","10":"first","11":"instock","12":"sale","13":"taxable","14":"shipping-taxable","15":"purchasable","16":"product-type-simple"},"_links":{"self":[{"href":"https:\/\/ak47.nu\/fr\/wp-json\/wp\/v2\/product\/20042","targetHints":{"allow":["GET"]}}],"collection":[{"href":"https:\/\/ak47.nu\/fr\/wp-json\/wp\/v2\/product"}],"about":[{"href":"https:\/\/ak47.nu\/fr\/wp-json\/wp\/v2\/types\/product"}],"wp:featuredmedia":[{"embeddable":true,"href":"https:\/\/ak47.nu\/fr\/wp-json\/wp\/v2\/media\/20035"}],"wp:attachment":[{"href":"https:\/\/ak47.nu\/fr\/wp-json\/wp\/v2\/media?parent=20042"}],"wp:term":[{"taxonomy":"product_brand","embeddable":true,"href":"https:\/\/ak47.nu\/fr\/wp-json\/wp\/v2\/product_brand?post=20042"},{"taxonomy":"product_cat","embeddable":true,"href":"https:\/\/ak47.nu\/fr\/wp-json\/wp\/v2\/product_cat?post=20042"},{"taxonomy":"product_tag","embeddable":true,"href":"https:\/\/ak47.nu\/fr\/wp-json\/wp\/v2\/product_tag?post=20042"}],"curies":[{"name":"wp","href":"https:\/\/api.w.org\/{rel}","templated":true}]}}