{"id":20085,"date":"2022-05-07T10:45:04","date_gmt":"2022-05-07T08:45:04","guid":{"rendered":"https:\/\/ak47.nu\/produkt\/asg-airsoft-manuell-spring-loaded-6mm-beretta-m92fs\/"},"modified":"2025-12-03T20:11:31","modified_gmt":"2025-12-03T19:11:31","slug":"asg-beretta-m92fs-airsoft-ressort-manuel","status":"publish","type":"product","link":"https:\/\/ak47.nu\/fr\/produit\/airsoft\/fjader\/pistoler-fjader\/asg-beretta-m92fs-airsoft-ressort-manuel\/","title":{"rendered":"ASG Beretta M92FS Airsoft - Ressort Manuel"},"content":{"rendered":"<h1>ASG - airsoft - Manuelle \u00e0 ressort 6mm Beretta M92FS<\/h1>\n<h2>R\u00e9plique Airsoft Beretta M92FS<\/h2>\n<p>Cette r\u00e9plique de pistolet REF14760 est fabriqu\u00e9e par Action Sport Games \u00e0 partir de plastique ABS et d'\u00e9l\u00e9ments m\u00e9talliques. La r\u00e9plique airsoft est \u00e9quip\u00e9e d'un chargeur pouvant contenir 26 billes BB. D\u00e9couvrez les avantages d'un pistolet airsoft bien fait qui vous offre une exp\u00e9rience r\u00e9aliste sur https:\/\/ak47.nu\/butik\/. Parfait pour les d\u00e9butants comme pour les passionn\u00e9s d'airsoft exp\u00e9riment\u00e9s.<\/p>\n\n<h3>Contenu de l'emballage :<\/h3>\n<ul>\n <li>R\u00e9plique<\/li>\n <li>Chargeur<\/li>\n<\/ul>\n<p>Le chargeur inclus contient 26 billes BB. Cette r\u00e9plique manuelle \u00e0 ressort Beretta M92FS d'ASG offre une sensation authentique et est id\u00e9ale pour l'entra\u00eenement et la pratique du tir. Obtenez une manipulation et une sensation r\u00e9alistes avec cette r\u00e9plique d\u00e9taill\u00e9e. Explorez notre large gamme de <a href=\"https:\/\/ak47.nu\/fr\/airsoft\/\">pistolets airsoft<\/a> pour trouver le mod\u00e8le qui vous convient le mieux. Visitez <a href=\"https:\/\/ak47.nu\/fr\/\">notre site web<\/a> pour d\u00e9couvrir notre gamme compl\u00e8te de produits et d'accessoires.<\/p>","protected":false},"excerpt":{"rendered":"<p>ASG &#8211; airsoft &#8211; Manuelle \u00e0 ressort 6mm Beretta M92FS R\u00e9plique Airsoft Beretta M92FS Cette r\u00e9plique de pistolet REF14760 est fabriqu\u00e9e par Action Sport Games \u00e0 partir de plastique ABS et d&#8217;\u00e9l\u00e9ments m\u00e9talliques. La r\u00e9plique airsoft est \u00e9quip\u00e9e d&#8217;un chargeur pouvant contenir 26 billes BB. D\u00e9couvrez les avantages d&#8217;un pistolet airsoft bien fait qui vous [&#8230;]","protected":false},"featured_media":20078,"template":"","meta":[],"product_brand":[],"product_cat":[418],"product_tag":[],"class_list":{"0":"post-20085","1":"product","2":"type-product","3":"status-publish","4":"has-post-thumbnail","6":"product_cat-pistoler-fjader","7":"pa_brand-asg","9":"first","10":"outofstock","11":"sale","12":"taxable","13":"shipping-taxable","14":"purchasable","15":"product-type-simple"},"_links":{"self":[{"href":"https:\/\/ak47.nu\/fr\/wp-json\/wp\/v2\/product\/20085","targetHints":{"allow":["GET"]}}],"collection":[{"href":"https:\/\/ak47.nu\/fr\/wp-json\/wp\/v2\/product"}],"about":[{"href":"https:\/\/ak47.nu\/fr\/wp-json\/wp\/v2\/types\/product"}],"wp:featuredmedia":[{"embeddable":true,"href":"https:\/\/ak47.nu\/fr\/wp-json\/wp\/v2\/media\/20078"}],"wp:attachment":[{"href":"https:\/\/ak47.nu\/fr\/wp-json\/wp\/v2\/media?parent=20085"}],"wp:term":[{"taxonomy":"product_brand","embeddable":true,"href":"https:\/\/ak47.nu\/fr\/wp-json\/wp\/v2\/product_brand?post=20085"},{"taxonomy":"product_cat","embeddable":true,"href":"https:\/\/ak47.nu\/fr\/wp-json\/wp\/v2\/product_cat?post=20085"},{"taxonomy":"product_tag","embeddable":true,"href":"https:\/\/ak47.nu\/fr\/wp-json\/wp\/v2\/product_tag?post=20085"}],"curies":[{"name":"wp","href":"https:\/\/api.w.org\/{rel}","templated":true}]}}