{"id":20267,"date":"2022-05-07T10:52:59","date_gmt":"2022-05-07T08:52:59","guid":{"rendered":"https:\/\/ak47.nu\/produkt\/ble-xpd-6mm-compact-airsoft-pistol-greengas\/"},"modified":"2025-12-03T20:10:47","modified_gmt":"2025-12-03T19:10:47","slug":"pistolet-airsoft-compact-ble-xpd-6mm","status":"publish","type":"product","link":"https:\/\/ak47.nu\/fr\/produit\/airsoft\/grongas\/pistoler-grongas\/pistolet-airsoft-compact-ble-xpd-6mm\/","title":{"rendered":"Pistolet Airsoft Compact BLE XPD 6mm | ICS"},"content":{"rendered":"<h1>Pistolet Airsoft Compact BLE XPD 6mm<\/h1>\n<h2>Pistolet Mod\u00e8le Compact ICS avec Haute Performance<\/h2>\n<p>Le BLE-XPD est le premier pistolet mod\u00e8le compact fabriqu\u00e9 par ICS. Son profil compact est combin\u00e9 \u00e0 une poign\u00e9e textur\u00e9e en diamant sp\u00e9cialement con\u00e7ue, offrant une prise en main parfaite. La glissi\u00e8re pr\u00e9sente un design profond\u00e9ment grav\u00e9, et le pistolet est \u00e9quip\u00e9 de viseurs lumineux \u00e0 3 points et de m\u00e9canismes de s\u00e9curit\u00e9 triples, ce qui en fait un choix parfait comme arme de poing sur le champ de bataille. D\u00e9couvrez notre s\u00e9lection d'<a href=\"https:\/\/ak47.nu\/fr\/butik\/\">autres pistolets airsoft<\/a> pour trouver le compl\u00e9ment parfait \u00e0 votre \u00e9quipement.<\/p>\n\n<h3>Caract\u00e9ristiques<\/h3>\n<ul>\n  <li>Syst\u00e8me de Valve REVO Haute Performance<\/li>\n  <li>Syst\u00e8me GBB<\/li>\n  <li>Lib\u00e9ration du Chargeur Ambidextre<\/li>\n  <li>M\u00e9canismes de S\u00e9curit\u00e9 Triples (D\u00e9tente, rail et poign\u00e9e)<\/li>\n  <li>Hop-Up R\u00e9glable<\/li>\n  <li>Indicateur Arm\u00e9 et Charg\u00e9<\/li>\n  <li>Viseurs Lumineux \u00e0 3 points<\/li>\n  <li>Incl. Adaptateur de Canon CCW 14mm<\/li>\n<\/ul>\n\n<h3>Sp\u00e9cifications<\/h3>\n<ul>\n  <li>Poids: 650 g<\/li>\n  <li>Couleur: Noir<\/li>\n  <li>Longueur: 167 mm<\/li>\n  <li>Mat\u00e9riau: Aluminium, polym\u00e8re<\/li>\n  <li>Mode de tir: Simple<\/li>\n  <li>Longueur du canon interne: 75 mm<\/li>\n  <li>Diam\u00e8tre du canon interne: 6,03 mm<\/li>\n  <li>Capacit\u00e9 du chargeur: 17 BBs<\/li>\n  <li>Type de chargeur: Green Gas<\/li>\n  <li>Vitesse initiale: 280 fps<\/li>\n  <li>\u00c9nergie initiale: 0,73 J<\/li>\n  <li>P\u00e9riode de garantie: 6 mois<\/li>\n  <li>Blowback: Oui<\/li>\n  <li>Hop up: R\u00e9glable<\/li>\n  <li>Num\u00e9ro de s\u00e9rie: Oui<\/li>\n  <li>Fabricant: ICS AIRSOFT<\/li>\n<\/ul>\n\n<p>Avec des m\u00e9canismes de s\u00e9curit\u00e9 triples, vous pouvez vous sentir en s\u00e9curit\u00e9 lors de l'utilisation de ce <a href=\"https:\/\/ak47.nu\/fr\/airsoft\/\">pistolet Airsoft<\/a>. La fonction hop-up r\u00e9glable vous offre une pr\u00e9cision et un contr\u00f4le de tir accrus. Pour voir notre large gamme de produits airsoft, visitez notre <a href=\"https:\/\/ak47.nu\/fr\/\">page d'accueil<\/a>.<\/p>","protected":false},"excerpt":{"rendered":"<p>Pistolet Airsoft Compact BLE XPD 6mm Pistolet Mod\u00e8le Compact ICS avec Haute Performance Le BLE-XPD est le premier pistolet mod\u00e8le compact fabriqu\u00e9 par ICS. Son profil compact est combin\u00e9 \u00e0 une poign\u00e9e textur\u00e9e en diamant sp\u00e9cialement con\u00e7ue, offrant une prise en main parfaite. La glissi\u00e8re pr\u00e9sente un design profond\u00e9ment grav\u00e9, et le pistolet est \u00e9quip\u00e9 [&#8230;]","protected":false},"featured_media":20262,"template":"","meta":[],"product_brand":[],"product_cat":[411],"product_tag":[],"class_list":{"0":"post-20267","1":"product","2":"type-product","3":"status-publish","4":"has-post-thumbnail","6":"product_cat-pistoler-grongas","7":"pa_brand-ics","9":"first","10":"outofstock","11":"sale","12":"taxable","13":"shipping-taxable","14":"purchasable","15":"product-type-simple"},"_links":{"self":[{"href":"https:\/\/ak47.nu\/fr\/wp-json\/wp\/v2\/product\/20267","targetHints":{"allow":["GET"]}}],"collection":[{"href":"https:\/\/ak47.nu\/fr\/wp-json\/wp\/v2\/product"}],"about":[{"href":"https:\/\/ak47.nu\/fr\/wp-json\/wp\/v2\/types\/product"}],"wp:featuredmedia":[{"embeddable":true,"href":"https:\/\/ak47.nu\/fr\/wp-json\/wp\/v2\/media\/20262"}],"wp:attachment":[{"href":"https:\/\/ak47.nu\/fr\/wp-json\/wp\/v2\/media?parent=20267"}],"wp:term":[{"taxonomy":"product_brand","embeddable":true,"href":"https:\/\/ak47.nu\/fr\/wp-json\/wp\/v2\/product_brand?post=20267"},{"taxonomy":"product_cat","embeddable":true,"href":"https:\/\/ak47.nu\/fr\/wp-json\/wp\/v2\/product_cat?post=20267"},{"taxonomy":"product_tag","embeddable":true,"href":"https:\/\/ak47.nu\/fr\/wp-json\/wp\/v2\/product_tag?post=20267"}],"curies":[{"name":"wp","href":"https:\/\/api.w.org\/{rel}","templated":true}]}}