{"id":20273,"date":"2022-05-07T10:53:08","date_gmt":"2022-05-07T08:53:08","guid":{"rendered":"https:\/\/ak47.nu\/produkt\/double-bell-deadpools-g17-6mm-airsoft-replica-greengas\/"},"modified":"2025-08-21T10:54:16","modified_gmt":"2025-08-21T08:54:16","slug":"double-bell-deadpool-g17-airsoft-replique","status":"publish","type":"product","link":"https:\/\/ak47.nu\/fr\/produit\/airsoft\/grongas\/pistoler-grongas\/double-bell-deadpool-g17-airsoft-replique\/","title":{"rendered":"R\u00e9plique Airsoft DOUBLE BELL DEADPOOL G17"},"content":{"rendered":"<h1>DOUBLE BELL - DEADPOOL'S G17 - R\u00c9PLIQUE AIRSOFT 6MM - GAZ VERT<\/h1>\n<h2>Pistolet airsoft sur le th\u00e8me de Deadpool, \u00e9l\u00e9gant et unique<\/h2>\n<p>Le pistolet airsoft DOUBLE BELL 301 - STIGA UPP G17 GBB est une r\u00e9plique accrocheuse hydro-tremp\u00e9e dans le style de 'Deadpool' avec de belles fonctionnalit\u00e9s suppl\u00e9mentaires. Une poign\u00e9e et un cadre inf\u00e9rieur stippl\u00e9s offrent une prise en main confortable et s\u00fbre. Le puits de chargeur rainur\u00e9 contribue \u00e0 des changements de chargeur rapides et fluides. Le chargeur a un design \u00e9l\u00e9gant avec un entretoise distincte.<\/p>\n<p>Ce pistolet est livr\u00e9 dans un \u00e9tui rigide avec une doublure en mousse, qui le prot\u00e8ge pendant le transport et le stockage. La s\u00e9rie G est l'un des pistolets les plus populaires dans l'airsoft, et cette \u00e9dition sp\u00e9ciale est garantie pour mettre un sourire sur les visages de nombreux passionn\u00e9s d'airsoft\u00a0! D\u00e9couvrez d'autres <a href=\"https:\/\/ak47.nu\/fr\/butik\/\">pistolets airsoft<\/a> dans notre gamme.<\/p>\n<h3>D\u00e9tails :<\/h3>\n<ul>\n <li>Nom\u00a0: Pistolet Deadpool<\/li>\n <li>Fabricant\u00a0: Double Bell<\/li>\n <li>Vitesse\u00a0: 360FPS<\/li>\n <li>Poids\u00a0: 1\u00a0000\u00a0g<\/li>\n <li>Chargeur\u00a0: 22+1<\/li>\n <li>Hop-Up\u00a0: Oui<\/li>\n <li>Culasse mobile\u00a0: Oui<\/li>\n <li>Mat\u00e9riau\u00a0: Plastique + M\u00e9tal<\/li>\n <li>Aliment\u00e9 par\u00a0: Gaz vert<\/li>\n <li>Longueur\u00a0: Pleine \u00e9chelle env. 200\u00a0mm<\/li>\n<\/ul>\n<h3>Dans la bo\u00eete\u00a0:<\/h3>\n<ul>\n <li>Pistolet<\/li>\n <li>Chargeur<\/li>\n <li>Tige de nettoyage<\/li>\n <li>\u00c9tui rigide<\/li>\n<\/ul>\n<p>Ce <a href=\"https:\/\/ak47.nu\/fr\/airsoft\/\">pistolet airsoft<\/a> combine style et performance, ce qui en fait un excellent choix pour les collectionneurs et les joueurs. Pour plus d'informations sur nos produits, visitez notre <a href=\"https:\/\/ak47.nu\/fr\/\">site Web<\/a>.<\/p>","protected":false},"excerpt":{"rendered":"<p>DOUBLE BELL &#8211; DEADPOOL&#8217;S G17 &#8211; R\u00c9PLIQUE AIRSOFT 6MM &#8211; GAZ VERT Pistolet airsoft sur le th\u00e8me de Deadpool, \u00e9l\u00e9gant et unique Le pistolet airsoft DOUBLE BELL 301 &#8211; STIGA UPP G17 GBB est une r\u00e9plique accrocheuse hydro-tremp\u00e9e dans le style de &#8217;Deadpool&#8217; avec de belles fonctionnalit\u00e9s suppl\u00e9mentaires. Une poign\u00e9e et un cadre inf\u00e9rieur stippl\u00e9s [&#8230;]","protected":false},"featured_media":20268,"template":"","meta":[],"product_brand":[],"product_cat":[368,410,411],"product_tag":[],"class_list":{"0":"post-20273","1":"product","2":"type-product","3":"status-publish","4":"has-post-thumbnail","6":"product_cat-airsoft","7":"product_cat-grongas","8":"product_cat-pistoler-grongas","9":"pa_brand-double-bell","11":"first","12":"instock","13":"sale","14":"taxable","15":"shipping-taxable","16":"purchasable","17":"product-type-simple"},"_links":{"self":[{"href":"https:\/\/ak47.nu\/fr\/wp-json\/wp\/v2\/product\/20273","targetHints":{"allow":["GET"]}}],"collection":[{"href":"https:\/\/ak47.nu\/fr\/wp-json\/wp\/v2\/product"}],"about":[{"href":"https:\/\/ak47.nu\/fr\/wp-json\/wp\/v2\/types\/product"}],"wp:featuredmedia":[{"embeddable":true,"href":"https:\/\/ak47.nu\/fr\/wp-json\/wp\/v2\/media\/20268"}],"wp:attachment":[{"href":"https:\/\/ak47.nu\/fr\/wp-json\/wp\/v2\/media?parent=20273"}],"wp:term":[{"taxonomy":"product_brand","embeddable":true,"href":"https:\/\/ak47.nu\/fr\/wp-json\/wp\/v2\/product_brand?post=20273"},{"taxonomy":"product_cat","embeddable":true,"href":"https:\/\/ak47.nu\/fr\/wp-json\/wp\/v2\/product_cat?post=20273"},{"taxonomy":"product_tag","embeddable":true,"href":"https:\/\/ak47.nu\/fr\/wp-json\/wp\/v2\/product_tag?post=20273"}],"curies":[{"name":"wp","href":"https:\/\/api.w.org\/{rel}","templated":true}]}}