{"id":20296,"date":"2022-05-07T10:53:34","date_gmt":"2022-05-07T08:53:34","guid":{"rendered":"https:\/\/ak47.nu\/produkt\/glock-17-6mm-softairgun-original-licensed-green-gas\/"},"modified":"2025-12-03T19:29:58","modified_gmt":"2025-12-03T18:29:58","slug":"glock-17-6mm-airsoft-gaz-vert-sous-licence-officielle","status":"publish","type":"product","link":"https:\/\/ak47.nu\/fr\/produit\/airsoft\/grongas\/pistoler-grongas\/glock-17-6mm-airsoft-gaz-vert-sous-licence-officielle\/","title":{"rendered":"Glock 17 Gen4 6mm Airsoft | Licence Officielle Umarex"},"content":{"rendered":"<h1>Glock 17 6mm Airsoft - Gaz Vert sous Licence Officielle<\/h1>\n<h2>Glock 17 Gen4 Airsoft Authentique<\/h2>\n<p>Premi\u00e8re mondiale pour les premiers mod\u00e8les d'airsoft \u00e0 gaz de Glock ! Ce Glock 17 GEN4 GBB 6mm offre un r\u00e9alisme extr\u00eamement \u00e9lev\u00e9 tant au niveau de la sensation que de la fonction, ce qui le rend parfait pour l'entra\u00eenement au tir et les jeux de sc\u00e9nario. Le m\u00e9canisme \u00e0 gaz et la fonction de recul offrent une exp\u00e9rience de recul puissante, comme l'original.  D\u00e9couvrez d'autres options dans notre gamme  <a href=\"https:\/\/ak47.nu\/fr\/butik\/\">Pistolets Airsoft<\/a>. Trouverez les munitions parfaites dans notre cat\u00e9gorie <a href=\"https:\/\/ak47.nu\/fr\/airsoft\/\">Munitions<\/a>. Vivez l'action avec nos produits de qualit\u00e9 que nous offrons chez <a href=\"https:\/\/ak47.nu\/fr\/\">nous<\/a>!<\/p>\n\n<h2>Conception et Fonction Am\u00e9lior\u00e9es<\/h2>\n<p>La Glock 17 de quatri\u00e8me g\u00e9n\u00e9ration a \u00e9t\u00e9 mise \u00e0 jour avec une nouvelle poign\u00e9e dot\u00e9e d'inserts rempla\u00e7ables et d'une texture plus s\u00fbre sur les c\u00f4t\u00e9s. Elle est \u00e9galement dot\u00e9e d'un loquet de chargeur ambidextre et agrandi, ainsi que d'un ressort de recul nouvellement d\u00e9velopp\u00e9. Ces mises \u00e0 jour am\u00e9liorent \u00e0 la fois l'ergonomie et la maniabilit\u00e9.<\/p>\n\n<h2>Recul et S\u00e9curit\u00e9 R\u00e9alistes<\/h2>\n<p>Les mod\u00e8les \u00e0 gaz avec recul (GBB) s'adressent \u00e0 ceux qui recherchent un Glock aussi proche que possible de l'original. La vitesse initiale est adapt\u00e9e pour \u00eatre utilis\u00e9e dans les jeux \u00e0 toutes les distances. La s\u00e9curit\u00e9 dans la lame de la d\u00e9tente est identique \u00e0 l'original, ce qui augmente le r\u00e9alisme.<\/p>\n\n<h2>Caract\u00e9ristiques Principales<\/h2>\n<ul>\n <li>Conception super r\u00e9aliste avec des logos et marquages de calibre authentiques<\/li>\n <li>M\u00e9canisme \u00e0 gaz<\/li>\n <li>Recul, avec un fort recul<\/li>\n <li>Fonctionnement tr\u00e8s similaire \u00e0 l'original et d\u00e9mont\u00e9 de la m\u00eame mani\u00e8re<\/li>\n <li>S\u00e9curit\u00e9 dans la lame de la d\u00e9tente<\/li>\n <li>Hop-up r\u00e9glable<\/li>\n <li>Fabriqu\u00e9 en collaboration avec VFC<\/li>\n <li>S\u00e9curit\u00e9 de la d\u00e9tente identique \u00e0 l'original<\/li>\n<\/ul>\n\n<h2>Sp\u00e9cifications<\/h2>\n<ul>\n <li>Poids : 659 g<\/li>\n <li>Longueur Totale : 202 mm<\/li>\n <li>Alimentation : Gaz<\/li>\n <li>Calibre : 6mm<\/li>\n <li>Capacit\u00e9 du Chargeur : 23 coups<\/li>\n <li>Vitesse Initiale 0,20g : 100 m\/s<\/li>\n <li>\u00c9nergie d'Impact : 1 J<\/li>\n <li>D\u00e9tente : Safe Action<\/li>\n <li>Recul : Oui<\/li>\n<\/ul>","protected":false},"excerpt":{"rendered":"<p>Glock 17 6mm Airsoft &#8211; Gaz Vert sous Licence Officielle Glock 17 Gen4 Airsoft Authentique Premi\u00e8re mondiale pour les premiers mod\u00e8les d&#8217;airsoft \u00e0 gaz de Glock ! Ce Glock 17 GEN4 GBB 6mm offre un r\u00e9alisme extr\u00eamement \u00e9lev\u00e9 tant au niveau de la sensation que de la fonction, ce qui le rend parfait pour l&#8217;entra\u00eenement [&#8230;]","protected":false},"featured_media":20293,"template":"","meta":[],"product_brand":[],"product_cat":[411],"product_tag":[],"class_list":{"0":"post-20296","1":"product","2":"type-product","3":"status-publish","4":"has-post-thumbnail","6":"product_cat-pistoler-grongas","7":"pa_brand-umarex","8":"pa_farg-svart","10":"first","11":"outofstock","12":"sale","13":"taxable","14":"shipping-taxable","15":"purchasable","16":"product-type-simple"},"_links":{"self":[{"href":"https:\/\/ak47.nu\/fr\/wp-json\/wp\/v2\/product\/20296","targetHints":{"allow":["GET"]}}],"collection":[{"href":"https:\/\/ak47.nu\/fr\/wp-json\/wp\/v2\/product"}],"about":[{"href":"https:\/\/ak47.nu\/fr\/wp-json\/wp\/v2\/types\/product"}],"wp:featuredmedia":[{"embeddable":true,"href":"https:\/\/ak47.nu\/fr\/wp-json\/wp\/v2\/media\/20293"}],"wp:attachment":[{"href":"https:\/\/ak47.nu\/fr\/wp-json\/wp\/v2\/media?parent=20296"}],"wp:term":[{"taxonomy":"product_brand","embeddable":true,"href":"https:\/\/ak47.nu\/fr\/wp-json\/wp\/v2\/product_brand?post=20296"},{"taxonomy":"product_cat","embeddable":true,"href":"https:\/\/ak47.nu\/fr\/wp-json\/wp\/v2\/product_cat?post=20296"},{"taxonomy":"product_tag","embeddable":true,"href":"https:\/\/ak47.nu\/fr\/wp-json\/wp\/v2\/product_tag?post=20296"}],"curies":[{"name":"wp","href":"https:\/\/api.w.org\/{rel}","templated":true}]}}