{"id":20325,"date":"2022-05-07T10:53:50","date_gmt":"2022-05-07T08:53:50","guid":{"rendered":"https:\/\/ak47.nu\/produkt\/glock-18c-gen-3-6mm-gg-airsoft-pistol-replica\/"},"modified":"2025-12-03T20:25:46","modified_gmt":"2025-12-03T19:25:46","slug":"replique-pistolet-airsoft-glock-18c-gen3-6mm","status":"publish","type":"product","link":"https:\/\/ak47.nu\/fr\/produit\/airsoft\/grongas\/pistoler-grongas\/replique-pistolet-airsoft-glock-18c-gen3-6mm\/","title":{"rendered":"R\u00e9plique Pistolet Airsoft Glock 18C Gen.3 6mm"},"content":{"rendered":"<h1>R\u00e9plique Pistolet Airsoft Glock 18C Gen.3 6mm GG<\/h1>\n<h2>R\u00e9plique Authentique du Glock 18C Gen.3<\/h2>\n<p>La premi\u00e8re r\u00e9plique officielle et sous licence d'un pistolet autrichien - le Glock 18C Gen.3 ! Tout comme l'arme \u00e0 feu r\u00e9elle, ce pistolet airsoft est dot\u00e9 d'une coque de bo\u00eete de vitesses en polym\u00e8re, tandis que la glissi\u00e8re, le canon interne et le chargeur sont en m\u00e9tal. La glissi\u00e8re porte les marquages officiels de Glock\u00ae GmbH, ce qui contribue au r\u00e9alisme de cette r\u00e9plique d\u00e9taill\u00e9e. Pour ceux qui ont d\u00e9j\u00e0 manipul\u00e9 un Glock, le r\u00e9alisme de cette r\u00e9plique sera frappant. D\u00e9couvrez d'autres <a href=\"https:\/\/ak47.nu\/fr\/butik\/\">pistolets airsoft<\/a> dans notre collection.<\/p>\n<h2>Caract\u00e9ristiques et Particularit\u00e9s<\/h2>\n<h3>Modes Semi- et Full-Auto<\/h3>\n<p>Tout comme l'original, la version 18C peut \u00eatre tir\u00e9e en modes semi- et full-automatiques. Un s\u00e9lecteur de mode de tir en forme d'aile caract\u00e9ristique est situ\u00e9 sur le c\u00f4t\u00e9 gauche de la glissi\u00e8re.<\/p>\n<h3>Chargeur et Options de Montage<\/h3>\n<p>L'ensemble comprend un long chargeur aliment\u00e9 au gaz vert d'une capacit\u00e9 allant jusqu'\u00e0 50 billes. Sous le canon se trouve un rail RIS \/ Picatinny de 22 mm pour monter des accessoires tactiques tels que des lampes de poche ou des pointeurs laser. D\u00e9couvrez notre gamme d'<a href=\"https:\/\/ak47.nu\/fr\/airsoft\/\">accessoires airsoft<\/a> pour am\u00e9liorer votre \u00e9quipement. Cette r\u00e9plique est \u00e9galement dot\u00e9e d'une fonction de s\u00e9curit\u00e9 pratique dans la d\u00e9tente, tout comme l'original. La poign\u00e9e est ergonomique et poss\u00e8de une texture antid\u00e9rapante pour plus de confort et de contr\u00f4le.<\/p>\n<h3>Syst\u00e8me Blow-Back<\/h3>\n<p>Le pistolet airsoft est \u00e9quip\u00e9 d'un syst\u00e8me blow-back qui imite le recul d'un vrai pistolet \u00e0 chaque tir. Lorsque la derni\u00e8re bille a \u00e9t\u00e9 tir\u00e9e, la glissi\u00e8re reste bloqu\u00e9e en position arri\u00e8re, comme sur le vrai Glock. Visitez <a href=\"https:\/\/ak47.nu\/fr\/\">notre page d'accueil<\/a> pour une exp\u00e9rience airsoft compl\u00e8te.<\/p>\n<h3>Le paquet comprend :<\/h3>\n<ul>\n<li>R\u00e9plique<\/li>\n<li>Chargeur<\/li>\n<\/ul>\n<h3>Informations Compl\u00e9mentaires :<\/h3>\n<ul>\n<li>Nom : Glock 18C gen.3<\/li>\n<li>Fabricant : Umarex<\/li>\n<li>Vitesse : ~300 FPS<\/li>\n<li>Mode de tir : Simple, auto<\/li>\n<li>Longueur : 200 mm<\/li>\n<li>Poids : 865 g<\/li>\n<li>Type de chargeur : Chargeur Hi-Cap<\/li>\n<li>Capacit\u00e9 du chargeur : 50 pi\u00e8ces<\/li>\n<li>Hop-up : Oui<\/li>\n<li>Blow Back : Oui<\/li>\n<li>Mat\u00e9riau : Plastique + m\u00e9tal<\/li>\n<li>Alimentation : Gaz - Gaz vert<\/li>\n<\/ul>","protected":false},"excerpt":{"rendered":"<p>R\u00e9plique Pistolet Airsoft Glock 18C Gen.3 6mm GG R\u00e9plique Authentique du Glock 18C Gen.3 La premi\u00e8re r\u00e9plique officielle et sous licence d&#8217;un pistolet autrichien &#8211; le Glock 18C Gen.3 ! Tout comme l&#8217;arme \u00e0 feu r\u00e9elle, ce pistolet airsoft est dot\u00e9 d&#8217;une coque de bo\u00eete de vitesses en polym\u00e8re, tandis que la glissi\u00e8re, le canon [&#8230;]","protected":false},"featured_media":20315,"template":"","meta":[],"product_brand":[],"product_cat":[411],"product_tag":[],"class_list":{"0":"post-20325","1":"product","2":"type-product","3":"status-publish","4":"has-post-thumbnail","6":"product_cat-pistoler-grongas","7":"pa_brand-glock","9":"first","10":"outofstock","11":"taxable","12":"shipping-taxable","13":"purchasable","14":"product-type-simple"},"_links":{"self":[{"href":"https:\/\/ak47.nu\/fr\/wp-json\/wp\/v2\/product\/20325","targetHints":{"allow":["GET"]}}],"collection":[{"href":"https:\/\/ak47.nu\/fr\/wp-json\/wp\/v2\/product"}],"about":[{"href":"https:\/\/ak47.nu\/fr\/wp-json\/wp\/v2\/types\/product"}],"wp:featuredmedia":[{"embeddable":true,"href":"https:\/\/ak47.nu\/fr\/wp-json\/wp\/v2\/media\/20315"}],"wp:attachment":[{"href":"https:\/\/ak47.nu\/fr\/wp-json\/wp\/v2\/media?parent=20325"}],"wp:term":[{"taxonomy":"product_brand","embeddable":true,"href":"https:\/\/ak47.nu\/fr\/wp-json\/wp\/v2\/product_brand?post=20325"},{"taxonomy":"product_cat","embeddable":true,"href":"https:\/\/ak47.nu\/fr\/wp-json\/wp\/v2\/product_cat?post=20325"},{"taxonomy":"product_tag","embeddable":true,"href":"https:\/\/ak47.nu\/fr\/wp-json\/wp\/v2\/product_tag?post=20325"}],"curies":[{"name":"wp","href":"https:\/\/api.w.org\/{rel}","templated":true}]}}