{"id":20327,"date":"2022-05-07T10:53:51","date_gmt":"2022-05-07T08:53:51","guid":{"rendered":"https:\/\/ak47.nu\/produkt\/springfield-armory-6mm-xdm-airsoft-replica\/"},"modified":"2025-12-03T20:18:57","modified_gmt":"2025-12-03T19:18:57","slug":"replique-airsoft-6mm-springfield-xdm","status":"publish","type":"product","link":"https:\/\/ak47.nu\/fr\/produit\/airsoft\/grongas\/pistoler-grongas\/replique-airsoft-6mm-springfield-xdm\/","title":{"rendered":"R&eacute;plique Airsoft 6mm Springfield XDM | Armory"},"content":{"rendered":"<h1>R&eacute;plique Airsoft 6mm Springfield Armory XDM<\/h1>\n<h2>R&eacute;plique Authentique du Springfield Armory XDM<\/h2>\n<p>Springfield Armory est l'un des fabricants d'armes &agrave; feu les plus prestigieux des &Eacute;tats-Unis, avec une histoire remontant &agrave; 1777. Cette r&eacute;plique airsoft 6 mm du XDM est un mod&egrave;le tr&egrave;s d&eacute;taill&eacute; et bien fait qui refl&egrave;te l'h&eacute;ritage de Springfield Armory. Il est parfait pour les passionn&eacute;s d'airsoft et les collectionneurs &agrave; la recherche d'une exp&eacute;rience authentique. D&eacute;couvrez notre gamme d'autres <a href=\"https:\/\/ak47.nu\/fr\/butik\/\">r&eacute;pliques d'armes airsoft authentiques<\/a> pour trouver le mod&egrave;le qui vous convient.<\/p>\n<h3>Caract&eacute;ristiques<\/h3>\n<ul>\n  <li>Sous licence de Springfield Armory<\/li>\n  <li>Couleur: Noir<\/li>\n  <li>Calibre: 6 mm<\/li>\n  <li>Poids: 0,794 kg<\/li>\n  <li>Rail d'accessoires pour le montage d'accessoires<\/li>\n  <li>Pi&egrave;ces m&eacute;talliques pour un r&eacute;alisme et une durabilit&eacute; accrus<\/li>\n  <li>Fonction de recul pour une exp&eacute;rience de tir r&eacute;aliste<\/li>\n  <li>Aliment&eacute; au gaz pour des performances fiables<\/li>\n<\/ul>\n<p>Cette r&eacute;plique d'airsoft est aliment&eacute;e au gaz et dispose d'une fonction de recul, offrant une exp&eacute;rience de tir plus r&eacute;aliste. Avec un poids de 0,794 kg, le pistolet est solide et bien fait. Le rail d'accessoires permet de monter des accessoires suppl&eacute;mentaires. Participez &agrave; l'histoire- visitez notre <a href=\"https:\/\/ak47.nu\/fr\/\">site web<\/a> pour en savoir plus sur notre entreprise!<\/p>\n<h3>Informations d&eacute;taill&eacute;es<\/h3>\n<p>Springfield Armory a &eacute;t&eacute; fond&eacute;e en 1777 sur ordre de George Washington et a fourni &agrave; l'arm&eacute;e continentale des armes pendant toute la guerre r&eacute;volutionnaire. Aujourd'hui, Springfield Armory, Inc. produit toujours des armes &agrave; feu qui honorent l'h&eacute;ritage de l'usine d'origine. Voir notre assortiment des <a href=\"https:\/\/ak47.nu\/fr\/airsoft\/\">pistolets Airsoft<\/a>.<\/p>","protected":false},"excerpt":{"rendered":"<p>K\u00f6p Springfield Armory 6mm XDM Airsoft Replica &#8211; H\u00f6gkvalitativ replika f\u00f6r airsoft-spelare. Med en trogen efterlikning av Springfield Armorys XDM-pistol erbjuder denna 6mm airsoft-replika en autentisk och realistisk spelupplevelse. Best\u00e4ll idag och ta ditt airsoft-spel till n\u00e4sta niv\u00e5 med denna p\u00e5litliga och precisionstillverkade replika fr\u00e5n Springfield Armory.<\/p>","protected":false},"featured_media":20320,"template":"","meta":[],"product_brand":[],"product_cat":[411],"product_tag":[],"class_list":{"0":"post-20327","1":"product","2":"type-product","3":"status-publish","4":"has-post-thumbnail","6":"product_cat-pistoler-grongas","7":"pa_brand-springfield-armory","9":"first","10":"outofstock","11":"taxable","12":"shipping-taxable","13":"purchasable","14":"product-type-simple"},"_links":{"self":[{"href":"https:\/\/ak47.nu\/fr\/wp-json\/wp\/v2\/product\/20327","targetHints":{"allow":["GET"]}}],"collection":[{"href":"https:\/\/ak47.nu\/fr\/wp-json\/wp\/v2\/product"}],"about":[{"href":"https:\/\/ak47.nu\/fr\/wp-json\/wp\/v2\/types\/product"}],"wp:featuredmedia":[{"embeddable":true,"href":"https:\/\/ak47.nu\/fr\/wp-json\/wp\/v2\/media\/20320"}],"wp:attachment":[{"href":"https:\/\/ak47.nu\/fr\/wp-json\/wp\/v2\/media?parent=20327"}],"wp:term":[{"taxonomy":"product_brand","embeddable":true,"href":"https:\/\/ak47.nu\/fr\/wp-json\/wp\/v2\/product_brand?post=20327"},{"taxonomy":"product_cat","embeddable":true,"href":"https:\/\/ak47.nu\/fr\/wp-json\/wp\/v2\/product_cat?post=20327"},{"taxonomy":"product_tag","embeddable":true,"href":"https:\/\/ak47.nu\/fr\/wp-json\/wp\/v2\/product_tag?post=20327"}],"curies":[{"name":"wp","href":"https:\/\/api.w.org\/{rel}","templated":true}]}}