{"id":20348,"date":"2022-05-07T10:54:55","date_gmt":"2022-05-07T08:54:55","guid":{"rendered":"https:\/\/ak47.nu\/produkt\/swiss-arms-sa-mile-pistol-dual-tone-airsoft-replica-6mm\/"},"modified":"2025-12-03T20:18:54","modified_gmt":"2025-12-03T19:18:54","slug":"swiss-arms-sa-mile-pistolet-replique-airsoft-6mm","status":"publish","type":"product","link":"https:\/\/ak47.nu\/fr\/produit\/airsoft\/fjader\/pistoler-fjader\/swiss-arms-sa-mile-pistolet-replique-airsoft-6mm\/","title":{"rendered":"Swiss Arms SA MILE Pistolet - R&eacute;plique Airsoft 6mm"},"content":{"rendered":"<h1>Swiss Arms - SA MILE Pistolet Dual Tone - R&eacute;plique Airsoft - 6mm<\/h1>\n<h2>Pr&eacute;cision et qualit&eacute; suisses dans un pistolet airsoft<\/h2>\n<p>Swiss Arms est reconnu pour sa pr&eacute;cision et sa haute qualit&eacute;, qui se refl&egrave;tent dans son pistolet SA MILE. Cette r&eacute;plique airsoft est con&ccedil;ue pour des performances optimales et constitue une arme de poing robuste et fiable pour tous les joueurs et passionn&eacute;s d'airsoft. Gr&acirc;ce &agrave; son m&eacute;canisme &agrave; ressort simple, il est facile &agrave; manipuler tout en &eacute;tant suffisamment robuste pour r&eacute;sister aux matchs d'airsoft intenses.<\/p>\n<p>Ce mod&egrave;le est id&eacute;al pour ceux qui recherchent un pistolet airsoft fiable et performant. Ne manquez pas l'occasion de d&eacute;couvrir la qualit&eacute; suisse par vous-m&ecirc;me - <a href=\"https:\/\/ak47.nu\/fr\/butik\/\">Consultez notre s&eacute;lection d'autres pistolets airsoft<\/a> pour trouver celui qui r&eacute;pond parfaitement &agrave; vos besoins.<\/p>\n<h3>Caract&eacute;ristiques :<\/h3>\n<ul>\n <li>Sous licence Swiss Arms<\/li>\n <li>Couleur : FDE (Flat Dark Earth)<\/li>\n <li>Calibre : 6 mm<\/li>\n <li>Poids : 0,47 kg<\/li>\n <li>Puissance : 0,5 Joule<\/li>\n <li>Capacit&eacute; du chargeur : 24 BBs<\/li>\n <li>Fonctionnement &agrave; ressort<\/li>\n<\/ul>\n<p>Swiss Arms s'est impos&eacute; comme un fabricant leader d'armes et d'accessoires airsoft, et ses produits sont con&ccedil;us pour offrir des performances et une fiabilit&eacute; maximales. Si vous recherchez une arme qui allie pr&eacute;cision, qualit&eacute; et durabilit&eacute;, le pistolet Swiss Arms SA MILE est un excellent choix. D&eacute;couvrez <a href=\"https:\/\/ak47.nu\/fr\/airsoft\/\">notre gamme de produits Swiss Arms<\/a> pour trouver les accessoires et les armes adapt&eacute;s &agrave; vos aventures. Visitez <a href=\"https:\/\/ak47.nu\/fr\/\">notre page d'accueil<\/a> pour voir toute notre gamme !<\/p>","protected":false},"excerpt":{"rendered":"<p>K\u00f6p Swiss Arms SA MILE PISTOL DUAL TONE Airsoft Replica i 6mm hos oss. Vi erbjuder h\u00f6gkvalitativa airsoft replikor fr\u00e5n Swiss Arms till konkurrenskraftiga priser. Best\u00e4ll nu och f\u00e5 en autentisk och p\u00e5litlig airsoft pistol f\u00f6r dina spel och tr\u00e4ningssessioner.<\/p>","protected":false},"featured_media":20346,"template":"","meta":[],"product_brand":[],"product_cat":[418],"product_tag":[],"class_list":{"0":"post-20348","1":"product","2":"type-product","3":"status-publish","4":"has-post-thumbnail","6":"product_cat-pistoler-fjader","7":"pa_brand-swiss-arms","8":"pa_farg-brun","10":"first","11":"outofstock","12":"taxable","13":"shipping-taxable","14":"purchasable","15":"product-type-simple"},"_links":{"self":[{"href":"https:\/\/ak47.nu\/fr\/wp-json\/wp\/v2\/product\/20348","targetHints":{"allow":["GET"]}}],"collection":[{"href":"https:\/\/ak47.nu\/fr\/wp-json\/wp\/v2\/product"}],"about":[{"href":"https:\/\/ak47.nu\/fr\/wp-json\/wp\/v2\/types\/product"}],"wp:featuredmedia":[{"embeddable":true,"href":"https:\/\/ak47.nu\/fr\/wp-json\/wp\/v2\/media\/20346"}],"wp:attachment":[{"href":"https:\/\/ak47.nu\/fr\/wp-json\/wp\/v2\/media?parent=20348"}],"wp:term":[{"taxonomy":"product_brand","embeddable":true,"href":"https:\/\/ak47.nu\/fr\/wp-json\/wp\/v2\/product_brand?post=20348"},{"taxonomy":"product_cat","embeddable":true,"href":"https:\/\/ak47.nu\/fr\/wp-json\/wp\/v2\/product_cat?post=20348"},{"taxonomy":"product_tag","embeddable":true,"href":"https:\/\/ak47.nu\/fr\/wp-json\/wp\/v2\/product_tag?post=20348"}],"curies":[{"name":"wp","href":"https:\/\/api.w.org\/{rel}","templated":true}]}}