{"id":20421,"date":"2022-05-07T10:58:39","date_gmt":"2022-05-07T08:58:39","guid":{"rendered":"https:\/\/ak47.nu\/produkt\/kp-13f-full-auto-co2-version-tan-kjw-airsoft-6mm\/"},"modified":"2025-12-03T20:10:44","modified_gmt":"2025-12-03T19:10:44","slug":"kp-13f-full-auto-co2-tan-kjw-airsoft-6mm","status":"publish","type":"product","link":"https:\/\/ak47.nu\/fr\/produit\/airsoft\/co2\/pistoler-co2\/kp-13f-full-auto-co2-tan-kjw-airsoft-6mm\/","title":{"rendered":"Pistolet Airsoft KP-13F Full-auto Co2 Tan | KJW"},"content":{"rendered":"<h1>KP-13F Version Full-auto Co2 - Tan [KJW] Airsoft 6mm<\/h1>\n<h2>Pistolet Airsoft Full-Auto Moderne avec un Design Ergonomique<\/h2>\n<p>Le KP-13F est un pistolet full-auto moderne fabriqu\u00e9 par la soci\u00e9t\u00e9 ta\u00efwanaise KJ Works. Il est dot\u00e9 d'une carcasse en polym\u00e8re ergonomique de haute qualit\u00e9 et d'une culasse en aluminium personnalis\u00e9e avec des d\u00e9coupes d'all\u00e8gement et des dentelures \u00e0 l'avant et \u00e0 l'arri\u00e8re. Profitez d'un contr\u00f4le et d'une stabilit\u00e9 accrus gr\u00e2ce \u00e0 la carcasse textur\u00e9e, et fixez facilement des accessoires tels que des lampes de poche ou des lasers via le rail d'accessoires avant. Ajustez le mode de tir avec un interrupteur sur le c\u00f4t\u00e9 gauche de la culasse.<\/p>\n<h3>Caract\u00e9ristiques qui am\u00e9liorent votre exp\u00e9rience Airsoft :<\/h3>\n<ul>\n <li><strong>Carcasse en Polym\u00e8re Ergonomique :<\/strong> Offre une prise en main confortable et s\u00fbre.<\/li>\n <li><strong>Culasse en Aluminium Personnalis\u00e9e :<\/strong> Avec des d\u00e9coupes d'all\u00e8gement et des dentelures pour une manipulation facile et un look unique.<\/li>\n <li><strong>Rail d'Accessoires Avant :<\/strong> Permet de monter des accessoires tactiques.<\/li>\n <li><strong>Mode de Tir R\u00e9glable :<\/strong> Basculez facilement entre le tir automatique et le tir unique.<\/li>\n <li><strong>Guidon en Fibre Optique :<\/strong> Am\u00e9liore la visibilit\u00e9 et l'acquisition de la cible.<\/li>\n <li><strong>Canon Externe Filet\u00e9 14mm CCW :<\/strong> Offre des options pour fixer des accessoires tels que des silencieux.<\/li>\n<\/ul>\n<p>Il est livr\u00e9 avec un chargeur de 23 billes, un guidon en fibre optique et un canon externe filet\u00e9 14mm CCW. Ce pistolet airsoft combine un design moderne avec de hautes performances pour une exp\u00e9rience de jeu sup\u00e9rieure. D\u00e9couvrez notre large s\u00e9lection d'<a href=\"https:\/\/ak47.nu\/fr\/butik\/\">autres pistolets airsoft KJW<\/a> pour trouver le mod\u00e8le parfait pour vous. Explorez \u00e9galement notre gamme de <a href=\"https:\/\/ak47.nu\/fr\/airsoft\/\">pistolets airsoft<\/a> pour voir toutes les options disponibles. Visitez <a href=\"https:\/\/ak47.nu\/fr\/\">notre page d'accueil<\/a> pour en d\u00e9couvrir davantage !<\/p>\n<h3>Sp\u00e9cifications Techniques :<\/h3>\n<ul>\n <li>Poids : 730 g<\/li>\n <li>Couleur : Tan<\/li>\n <li>Longueur : 215 mm<\/li>\n <li>Mat\u00e9riau : Aluminium, polym\u00e8re<\/li>\n <li>Mode de tir : Auto, unique<\/li>\n <li>Capacit\u00e9 du chargeur : 23 billes<\/li>\n <li>Vitesse initiale : 320 fps<\/li>\n <li>\u00c9nergie initiale : 0,95 J<\/li>\n <li>P\u00e9riode de garantie : 6 mois<\/li>\n <li>Blowback : Oui<\/li>\n <li>Hop up : R\u00e9glable<\/li>\n <li>Munitions : .23g, .20g<\/li>\n <li>Num\u00e9ro de s\u00e9rie : Oui<\/li>\n <li>Fabricant : KJW<\/li>\n<\/ul>","protected":false},"excerpt":{"rendered":"<p>KP-13F Version Full-auto Co2 &#8211; Tan [KJW] Airsoft 6mm Pistolet Airsoft Full-Auto Moderne avec un Design Ergonomique Le KP-13F est un pistolet full-auto moderne fabriqu\u00e9 par la soci\u00e9t\u00e9 ta\u00efwanaise KJ Works. Il est dot\u00e9 d&#8217;une carcasse en polym\u00e8re ergonomique de haute qualit\u00e9 et d&#8217;une culasse en aluminium personnalis\u00e9e avec des d\u00e9coupes d&#8217;all\u00e8gement et des dentelures [&#8230;]","protected":false},"featured_media":20416,"template":"","meta":[],"product_brand":[],"product_cat":[405],"product_tag":[],"class_list":{"0":"post-20421","1":"product","2":"type-product","3":"status-publish","4":"has-post-thumbnail","6":"product_cat-pistoler-co2","7":"pa_brand-kjw","9":"first","10":"outofstock","11":"sale","12":"taxable","13":"shipping-taxable","14":"purchasable","15":"product-type-simple"},"_links":{"self":[{"href":"https:\/\/ak47.nu\/fr\/wp-json\/wp\/v2\/product\/20421","targetHints":{"allow":["GET"]}}],"collection":[{"href":"https:\/\/ak47.nu\/fr\/wp-json\/wp\/v2\/product"}],"about":[{"href":"https:\/\/ak47.nu\/fr\/wp-json\/wp\/v2\/types\/product"}],"wp:featuredmedia":[{"embeddable":true,"href":"https:\/\/ak47.nu\/fr\/wp-json\/wp\/v2\/media\/20416"}],"wp:attachment":[{"href":"https:\/\/ak47.nu\/fr\/wp-json\/wp\/v2\/media?parent=20421"}],"wp:term":[{"taxonomy":"product_brand","embeddable":true,"href":"https:\/\/ak47.nu\/fr\/wp-json\/wp\/v2\/product_brand?post=20421"},{"taxonomy":"product_cat","embeddable":true,"href":"https:\/\/ak47.nu\/fr\/wp-json\/wp\/v2\/product_cat?post=20421"},{"taxonomy":"product_tag","embeddable":true,"href":"https:\/\/ak47.nu\/fr\/wp-json\/wp\/v2\/product_tag?post=20421"}],"curies":[{"name":"wp","href":"https:\/\/api.w.org\/{rel}","templated":true}]}}