{"id":20554,"date":"2022-05-07T11:07:42","date_gmt":"2022-05-07T09:07:42","guid":{"rendered":"https:\/\/ak47.nu\/produkt\/airsoft-m92-hex-cut-black-gas-hopup\/"},"modified":"2025-08-21T10:52:14","modified_gmt":"2025-08-21T08:52:14","slug":"airsoft-m92-hex-cut-noir-gaz-hopup","status":"publish","type":"product","link":"https:\/\/ak47.nu\/fr\/produit\/airsoft\/grongas\/pistoler-grongas\/airsoft-m92-hex-cut-noir-gaz-hopup\/","title":{"rendered":"Airsoft M92 Hex Cut Noir Gaz HOPUP | WE"},"content":{"rendered":"<h1>Airsoft M92 Hex Cut Noir Gaz HOPUP<\/h1>\n<h2>HOPUP Airsoft Haute Performance par WE<\/h2>\n<p>L'Airsoft M92 Hex Cut Noir Gaz HOPUP est une pi\u00e8ce de mise \u00e0 niveau fabriqu\u00e9e par WE, l'une des entreprises d'airsoft les plus connues au monde. WE est reconnu pour ses pistolets GBB (Gas Blow Back) de haute qualit\u00e9, ses fusils GBBR (Gas Blow Back Rifle) et ses fusils AEG (Automatic Electric Gun). La large gamme de produits WE s\u00e9duit aussi bien les d\u00e9butants que les joueurs d'airsoft exp\u00e9riment\u00e9s.<\/p>\n<h3>Caract\u00e9ristiques et Sp\u00e9cifications<\/h3>\n<ul>\n <li><strong>Marque :<\/strong> WE<\/li>\n <li><strong>Couleur :<\/strong> Noir<\/li>\n <li><strong>Calibre :<\/strong> 6 mm<\/li>\n <li><strong>Poids des BBs :<\/strong> 20<\/li>\n <li><strong>Propulsion :<\/strong> Gaz<\/li>\n <li><strong>Puissance :<\/strong> 0,9 joule<\/li>\n <li><strong>Vitesse :<\/strong> 310 FPS (avec des BBs de 0,20g)<\/li>\n <li><strong>Capacit\u00e9 des BBs :<\/strong> 25 BBs<\/li>\n<\/ul>\n<p>WE s'est impos\u00e9 comme un acteur majeur dans le monde de l'airsoft, et sa large s\u00e9lection de produits s\u00e9duit tous les types de joueurs, des novices aux v\u00e9t\u00e9rans exp\u00e9riment\u00e9s. Cette unit\u00e9 HOPUP est con\u00e7ue pour am\u00e9liorer les performances de votre pistolet airsoft M92 et vous donner un avantage sur le champ de bataille. D\u00e9couvrez notre s\u00e9lection d'autres <a href=\"https:\/\/ak47.nu\/fr\/butik\/\">accessoires airsoft<\/a> de haute qualit\u00e9 pour optimiser votre \u00e9quipement. Visitez notre cat\u00e9gorie de <a href=\"https:\/\/ak47.nu\/fr\/airsoft\/\">pi\u00e8ces de rechange airsoft<\/a> pour plus d'options. Pour consulter notre gamme compl\u00e8te, visitez <a href=\"https:\/\/ak47.nu\/fr\/\">notre site web<\/a>.<\/p>","protected":false},"excerpt":{"rendered":"<p>Airsoft M92 Hex Cut Noir Gaz HOPUP HOPUP Airsoft Haute Performance par WE L&#8217;Airsoft M92 Hex Cut Noir Gaz HOPUP est une pi\u00e8ce de mise \u00e0 niveau fabriqu\u00e9e par WE, l&#8217;une des entreprises d&#8217;airsoft les plus connues au monde. WE est reconnu pour ses pistolets GBB (Gas Blow Back) de haute qualit\u00e9, ses fusils GBBR [&#8230;]","protected":false},"featured_media":20552,"template":"","meta":[],"product_brand":[],"product_cat":[368,410,411],"product_tag":[],"class_list":{"0":"post-20554","1":"product","2":"type-product","3":"status-publish","4":"has-post-thumbnail","6":"product_cat-airsoft","7":"product_cat-grongas","8":"product_cat-pistoler-grongas","9":"pa_brand-we","11":"first","12":"instock","13":"sale","14":"taxable","15":"shipping-taxable","16":"purchasable","17":"product-type-simple"},"_links":{"self":[{"href":"https:\/\/ak47.nu\/fr\/wp-json\/wp\/v2\/product\/20554","targetHints":{"allow":["GET"]}}],"collection":[{"href":"https:\/\/ak47.nu\/fr\/wp-json\/wp\/v2\/product"}],"about":[{"href":"https:\/\/ak47.nu\/fr\/wp-json\/wp\/v2\/types\/product"}],"wp:featuredmedia":[{"embeddable":true,"href":"https:\/\/ak47.nu\/fr\/wp-json\/wp\/v2\/media\/20552"}],"wp:attachment":[{"href":"https:\/\/ak47.nu\/fr\/wp-json\/wp\/v2\/media?parent=20554"}],"wp:term":[{"taxonomy":"product_brand","embeddable":true,"href":"https:\/\/ak47.nu\/fr\/wp-json\/wp\/v2\/product_brand?post=20554"},{"taxonomy":"product_cat","embeddable":true,"href":"https:\/\/ak47.nu\/fr\/wp-json\/wp\/v2\/product_cat?post=20554"},{"taxonomy":"product_tag","embeddable":true,"href":"https:\/\/ak47.nu\/fr\/wp-json\/wp\/v2\/product_tag?post=20554"}],"curies":[{"name":"wp","href":"https:\/\/api.w.org\/{rel}","templated":true}]}}