{"id":20560,"date":"2022-05-07T11:07:48","date_gmt":"2022-05-07T09:07:48","guid":{"rendered":"https:\/\/ak47.nu\/produkt\/we-wei-e-tech-we-x002-pistol-replica-6mm-airsoft\/"},"modified":"2025-12-03T20:06:18","modified_gmt":"2025-12-03T19:06:18","slug":"we-wei-e-tech-we-x002-pistol-replica-6mm-airsoft","status":"publish","type":"product","link":"https:\/\/ak47.nu\/fr\/produit\/airsoft\/grongas\/pistoler-grongas\/we-wei-e-tech-we-x002-pistol-replica-6mm-airsoft\/","title":{"rendered":"WE-X002 R\u00e9plique de Pistolet Airsoft 6mm | WE"},"content":{"rendered":"<h1>WE - Wei-E Tech - WE-X002 pistol replica 6mm airsoft<\/h1>\n<h2>R\u00e9plique de Pistolet Airsoft Authentique \u00e0 Gaz Vert<\/h2>\n<p>Le WE-X002 est une r\u00e9plique impressionnante de pistolet airsoft aliment\u00e9e au gaz vert. Ce mod\u00e8le est livr\u00e9 avec de nombreux accessoires pour am\u00e9liorer votre exp\u00e9rience airsoft. Sont inclus deux chargeurs - haute et basse capacit\u00e9 - ainsi que trois dos de poign\u00e9e et couvre-chargeurs diff\u00e9rents pour personnaliser le pistolet selon vos pr\u00e9f\u00e9rences. Il est dot\u00e9 d'une action de recul (blowback) pour plus de r\u00e9alisme.\n<\/p>\n\n<h3>Caract\u00e9ristiques du Pistolet Airsoft WE-X002<\/h3>\n<ul>\n <li>Nom : WE-X002<\/li>\n <li>Fabricant : WE<\/li>\n <li>Garantie : 6 mois<\/li>\n <li>Mat\u00e9riau : M\u00e9tal + plastique<\/li>\n <li>Propulsion : Gaz Vert<\/li>\n <li>V\u00e9locit\u00e9 : ~280 FPS<\/li>\n <li>Longueur : 170 mm<\/li>\n <li>Poids : 735 g<\/li>\n <li>Type de Feu : Simple<\/li>\n <li>Type de Chargeur : Low-Cap<\/li>\n <li>Hop-up : Oui, r\u00e9glable<\/li>\n <li>Blow Back : Oui<\/li>\n<\/ul>\n\n<p>Construit \u00e0 partir d'un m\u00e9lange de m\u00e9tal et de plastique, le pistolet airsoft WE-X002 offre un poids et une sensation r\u00e9alistes. Aliment\u00e9 par du gaz vert, il offre des performances fiables et constantes \u00e0 environ 280 FPS. Le hop-up r\u00e9glable vous permet d'affiner la trajectoire pour une pr\u00e9cision accrue. D\u00e9couvrez notre gamme d'autres <a href=\"https:\/\/ak47.nu\/fr\/butik\/\">pistolets airsoft authentiques<\/a>. Pour voir notre s\u00e9lection compl\u00e8te, visitez notre <a href=\"https:\/\/ak47.nu\/fr\/airsoft\/\">cat\u00e9gorie airsoft<\/a>. Ne manquez pas non plus notre <a href=\"https:\/\/ak47.nu\/fr\/\">large gamme de produits<\/a> pour tous vos besoins en airsoft.\n<\/p>","protected":false},"excerpt":{"rendered":"<p>WE &#8211; Wei-E Tech &#8211; WE-X002 pistol replica 6mm airsoft R\u00e9plique de Pistolet Airsoft Authentique \u00e0 Gaz Vert Le WE-X002 est une r\u00e9plique impressionnante de pistolet airsoft aliment\u00e9e au gaz vert. Ce mod\u00e8le est livr\u00e9 avec de nombreux accessoires pour am\u00e9liorer votre exp\u00e9rience airsoft. Sont inclus deux chargeurs &#8211; haute et basse capacit\u00e9 &#8211; ainsi [&#8230;]","protected":false},"featured_media":20555,"template":"","meta":[],"product_brand":[],"product_cat":[411],"product_tag":[],"class_list":{"0":"post-20560","1":"product","2":"type-product","3":"status-publish","4":"has-post-thumbnail","6":"product_cat-pistoler-grongas","7":"pa_brand-we","9":"first","10":"outofstock","11":"sale","12":"taxable","13":"shipping-taxable","14":"purchasable","15":"product-type-simple"},"_links":{"self":[{"href":"https:\/\/ak47.nu\/fr\/wp-json\/wp\/v2\/product\/20560","targetHints":{"allow":["GET"]}}],"collection":[{"href":"https:\/\/ak47.nu\/fr\/wp-json\/wp\/v2\/product"}],"about":[{"href":"https:\/\/ak47.nu\/fr\/wp-json\/wp\/v2\/types\/product"}],"wp:featuredmedia":[{"embeddable":true,"href":"https:\/\/ak47.nu\/fr\/wp-json\/wp\/v2\/media\/20555"}],"wp:attachment":[{"href":"https:\/\/ak47.nu\/fr\/wp-json\/wp\/v2\/media?parent=20560"}],"wp:term":[{"taxonomy":"product_brand","embeddable":true,"href":"https:\/\/ak47.nu\/fr\/wp-json\/wp\/v2\/product_brand?post=20560"},{"taxonomy":"product_cat","embeddable":true,"href":"https:\/\/ak47.nu\/fr\/wp-json\/wp\/v2\/product_cat?post=20560"},{"taxonomy":"product_tag","embeddable":true,"href":"https:\/\/ak47.nu\/fr\/wp-json\/wp\/v2\/product_tag?post=20560"}],"curies":[{"name":"wp","href":"https:\/\/api.w.org\/{rel}","templated":true}]}}