{"id":20615,"date":"2022-05-07T11:08:41","date_gmt":"2022-05-07T09:08:41","guid":{"rendered":"https:\/\/ak47.nu\/produkt\/airsoft-m92-hex-cut-silver-gas-hopup\/"},"modified":"2025-12-03T20:23:33","modified_gmt":"2025-12-03T19:23:33","slug":"airsoft-m92-hex-cut-silver-gas-hopup","status":"publish","type":"product","link":"https:\/\/ak47.nu\/fr\/produit\/airsoft\/grongas\/pistoler-grongas\/airsoft-m92-hex-cut-silver-gas-hopup\/","title":{"rendered":"Airsoft M92 Hex Cut Silver Gas Hopup | WE"},"content":{"rendered":"<h1>Airsoft M92 Hex Cut Silver Gas Hopup<\/h1>\n<h2>Hopup Airsoft Haute Performance par WE<\/h2>\n<p>Airsoft M92 Hex Cut Silver Gas Hopup. Parmi toutes les entreprises ta\u00efwanaises d'airsoft, WE est probablement l'une des plus connues et des plus vendues au monde. Commen\u00e7ant en tant que fabricant de GBB, WE a r\u00e9ussi \u00e0 utiliser son exp\u00e9rience pour concevoir des GBBR et plus r\u00e9cemment, des AEG ; comme la marque Katana et son m\u00e9canisme enti\u00e8rement repens\u00e9. Aujourd'hui, WE est un acteur majeur dans le monde de l'airsoft, son plus grand avantage \u00e9tant le large choix de produits qu'elle fabrique, s\u00e9duisant tous les joueurs, des nouveaux venus aux joueurs exp\u00e9riment\u00e9s.<\/p>\n\n<h3>Principales Caract\u00e9ristiques<\/h3>\n<ul>\n <li><strong>Marque\u00a0:<\/strong> WE<\/li>\n <li><strong>Couleur\u00a0:<\/strong> Argent<\/li>\n <li><strong>Calibre\u00a0:<\/strong> 6mm<\/li>\n <li><strong>Poids des BBs\u00a0:<\/strong> 20 grammes<\/li>\n <li><strong>Propulsion\u00a0:<\/strong> Gaz<\/li>\n <li><strong>Puissance\u00a0:<\/strong> 0.9 Joules<\/li>\n <li><strong>Vitesse\u00a0:<\/strong> 310 FPS (avec des BBs de 0.20g)<\/li>\n <li><strong>Capacit\u00e9 des BBs\u00a0:<\/strong> 25 BBs<\/li>\n<\/ul>\n\n<h3>Avantages du Hopup Airsoft WE<\/h3>\n<p>Ce hopup \u00e0 gaz Airsoft M92 Hex Cut argent\u00e9 de WE offre des performances et une fiabilit\u00e9 exceptionnelles, ce qui en fait un choix id\u00e9al pour les joueurs d'airsoft d\u00e9butants et exp\u00e9riment\u00e9s. Avec une puissance de 0.9 Joules et une vitesse de 310 FPS, il assure pr\u00e9cision et port\u00e9e sur le terrain d'airsoft. <a href=\"https:\/\/ak47.nu\/fr\/butik\/\">D\u00e9couvrez notre gamme de produits airsoft de haute qualit\u00e9<\/a> pour am\u00e9liorer votre jeu. L'engagement de WE envers la qualit\u00e9 et l'innovation fait de ce hopup un choix de premier ordre pour am\u00e9liorer votre exp\u00e9rience airsoft. <a href=\"https:\/\/ak47.nu\/fr\/airsoft\/\">Parcourez notre vaste s\u00e9lection d'accessoires airsoft<\/a> pour trouver tout ce dont vous avez besoin. Pour plus d'informations sur WE et ses produits, visitez <a href=\"https:\/\/ak47.nu\/fr\/\">notre site web<\/a>.<\/p>","protected":false},"excerpt":{"rendered":"<p>Airsoft M92 Hex Cut Silver Gas Hopup Hopup Airsoft Haute Performance par WE Airsoft M92 Hex Cut Silver Gas Hopup. Parmi toutes les entreprises ta\u00efwanaises d&#8217;airsoft, WE est probablement l&#8217;une des plus connues et des plus vendues au monde. Commen\u00e7ant en tant que fabricant de GBB, WE a r\u00e9ussi \u00e0 utiliser son exp\u00e9rience pour concevoir [&#8230;]","protected":false},"featured_media":20612,"template":"","meta":[],"product_brand":[],"product_cat":[411],"product_tag":[],"class_list":{"0":"post-20615","1":"product","2":"type-product","3":"status-publish","4":"has-post-thumbnail","6":"product_cat-pistoler-grongas","7":"pa_brand-we","9":"first","10":"outofstock","11":"taxable","12":"shipping-taxable","13":"purchasable","14":"product-type-simple"},"_links":{"self":[{"href":"https:\/\/ak47.nu\/fr\/wp-json\/wp\/v2\/product\/20615","targetHints":{"allow":["GET"]}}],"collection":[{"href":"https:\/\/ak47.nu\/fr\/wp-json\/wp\/v2\/product"}],"about":[{"href":"https:\/\/ak47.nu\/fr\/wp-json\/wp\/v2\/types\/product"}],"wp:featuredmedia":[{"embeddable":true,"href":"https:\/\/ak47.nu\/fr\/wp-json\/wp\/v2\/media\/20612"}],"wp:attachment":[{"href":"https:\/\/ak47.nu\/fr\/wp-json\/wp\/v2\/media?parent=20615"}],"wp:term":[{"taxonomy":"product_brand","embeddable":true,"href":"https:\/\/ak47.nu\/fr\/wp-json\/wp\/v2\/product_brand?post=20615"},{"taxonomy":"product_cat","embeddable":true,"href":"https:\/\/ak47.nu\/fr\/wp-json\/wp\/v2\/product_cat?post=20615"},{"taxonomy":"product_tag","embeddable":true,"href":"https:\/\/ak47.nu\/fr\/wp-json\/wp\/v2\/product_tag?post=20615"}],"curies":[{"name":"wp","href":"https:\/\/api.w.org\/{rel}","templated":true}]}}