{"id":20636,"date":"2022-05-07T11:18:39","date_gmt":"2022-05-07T09:18:39","guid":{"rendered":"https:\/\/ak47.nu\/produkt\/umarex-heckler-koch-usp-replica-tactical-6mm-electric\/"},"modified":"2025-12-03T20:25:21","modified_gmt":"2025-12-03T19:25:21","slug":"umarex-hk-usp-tactical-replique-6mm-electrique","status":"publish","type":"product","link":"https:\/\/ak47.nu\/fr\/produit\/airsoft\/el-drivna\/pistoler\/umarex-hk-usp-tactical-replique-6mm-electrique\/","title":{"rendered":"Umarex HK USP Tactical R\u00e9plique 6mm \u00c9lectrique"},"content":{"rendered":"<h1>Umarex Heckler & Koch USP Tactical R\u00e9plique \u00c9lectrique 6mm<\/h1>\n<h2>R\u00e9plique \u00c9lectrique du HK USP Tactical<\/h2>\n<p>Cette r\u00e9plique \u00e9lectrique du pistolet Heckler & Koch USP Tactical est id\u00e9ale pour une utilisation dans toutes les conditions m\u00e9t\u00e9orologiques, contrairement aux r\u00e9pliques \u00e0 gaz. Vous pouvez continuer \u00e0 jouer m\u00eame lorsque le temps ne coop\u00e8re pas. L'avantage d'une r\u00e9plique \u00e9lectrique est que vous n'avez pas \u00e0 vous soucier de la panne de gaz ou de la perte de pression par temps froid.<\/p>\n<h3>Haute Qualit\u00e9 et Conception R\u00e9aliste<\/h3>\n<p>La r\u00e9plique est fabriqu\u00e9e principalement en plastique durable, offrant un faible poids et une bonne durabilit\u00e9. La culasse et le silencieux inclus sont en m\u00e9tal pour plus de r\u00e9alisme et de robustesse. Cette combinaison de mat\u00e9riaux offre un bon \u00e9quilibre entre poids et sensation.<\/p>\n<h3>Caract\u00e9ristiques et Avantages<\/h3>\n<ul>\n <li><strong>Rail de 22 mm :<\/strong> Sous le canon, il y a un rail de 22 mm pour fixer des accessoires tels que des lampes ou des viseurs laser.<\/li>\n <li><strong>Chargeur :<\/strong> Le chargeur \u00e0 double rang\u00e9e contient 30 billes BB, ce qui r\u00e9duit le besoin de rechargements fr\u00e9quents.<\/li>\n <li><strong>Tir continu :<\/strong> La possibilit\u00e9 de tir continu offre un avantage dans les sc\u00e9narios o\u00f9 vous avez besoin d'une cadence de tir rapide.<\/li>\n<\/ul>\n<h3>Le paquet comprend :<\/h3>\n<ul>\n <li>R\u00e9plique \u00e9lectrique du pistolet Heckler & Koch USP Tactical<\/li>\n <li>Chargeur basse capacit\u00e9 (30 BB)<\/li>\n <li>Silencieux<\/li>\n <li>Chargeur<\/li>\n<\/ul>\n<p>Am\u00e9liorez votre exp\u00e9rience d'airsoft avec cette <a href=\"https:\/\/ak47.nu\/fr\/butik\/\">r\u00e9plique Umarex<\/a> fiable et polyvalente ! Cette <a href=\"https:\/\/ak47.nu\/fr\/airsoft\/\">r\u00e9plique de pistolet airsoft<\/a> est parfaite pour les joueurs \u00e0 la recherche d'une arme de poing fiable. Visitez <a href=\"https:\/\/ak47.nu\/fr\/\">notre site web<\/a> pour plus de produits !<\/p>","protected":false},"excerpt":{"rendered":"<p>K\u00f6p UMAREX HECKLER &amp; KOCH USP REPLICA TACTICAL 6MM Electric hos oss. Vi erbjuder h\u00f6gkvalitativa airsoftvapen och tillbeh\u00f6r f\u00f6r dina behov. Utforska v\u00e5rt sortiment idag!<\/p>","protected":false},"featured_media":20631,"template":"","meta":[],"product_brand":[],"product_cat":[399],"product_tag":[],"class_list":{"0":"post-20636","1":"product","2":"type-product","3":"status-publish","4":"has-post-thumbnail","6":"product_cat-pistoler","7":"pa_brand-umarex","9":"first","10":"outofstock","11":"sale","12":"taxable","13":"shipping-taxable","14":"purchasable","15":"product-type-simple"},"_links":{"self":[{"href":"https:\/\/ak47.nu\/fr\/wp-json\/wp\/v2\/product\/20636","targetHints":{"allow":["GET"]}}],"collection":[{"href":"https:\/\/ak47.nu\/fr\/wp-json\/wp\/v2\/product"}],"about":[{"href":"https:\/\/ak47.nu\/fr\/wp-json\/wp\/v2\/types\/product"}],"wp:featuredmedia":[{"embeddable":true,"href":"https:\/\/ak47.nu\/fr\/wp-json\/wp\/v2\/media\/20631"}],"wp:attachment":[{"href":"https:\/\/ak47.nu\/fr\/wp-json\/wp\/v2\/media?parent=20636"}],"wp:term":[{"taxonomy":"product_brand","embeddable":true,"href":"https:\/\/ak47.nu\/fr\/wp-json\/wp\/v2\/product_brand?post=20636"},{"taxonomy":"product_cat","embeddable":true,"href":"https:\/\/ak47.nu\/fr\/wp-json\/wp\/v2\/product_cat?post=20636"},{"taxonomy":"product_tag","embeddable":true,"href":"https:\/\/ak47.nu\/fr\/wp-json\/wp\/v2\/product_tag?post=20636"}],"curies":[{"name":"wp","href":"https:\/\/api.w.org\/{rel}","templated":true}]}}