{"id":20702,"date":"2022-05-07T11:20:40","date_gmt":"2022-05-07T09:20:40","guid":{"rendered":"https:\/\/ak47.nu\/produkt\/umarex-walther-replica-airsoft-ppq-hme-6mm-spring-action\/"},"modified":"2025-12-03T20:24:01","modified_gmt":"2025-12-03T19:24:01","slug":"replique-airsoft-walther-ppq-hme-umarex","status":"publish","type":"product","link":"https:\/\/ak47.nu\/fr\/produit\/airsoft\/fjader\/pistoler-fjader\/replique-airsoft-walther-ppq-hme-umarex\/","title":{"rendered":"R\u00e9plique Airsoft Walther PPQ HME | Umarex"},"content":{"rendered":"<h1>R\u00e9plique Airsoft Umarex Walther PPQ HME<\/h1><h2>R\u00e9plique r\u00e9aliste avec licence Walther Arms compl\u00e8te<\/h2><p>Umarex pr\u00e9sente une r\u00e9plique \u00e0 ressort du c\u00e9l\u00e8bre pistolet allemand Walther PPQ. Umarex est connu pour sa coop\u00e9ration avec les fabricants d'armes \u00e0 feu, et cette fois, ils ont \u00e9galement obtenu la <strong>licence Walther Arms<\/strong> compl\u00e8te. Cela signifie que le corps et l'emballage de la r\u00e9plique sont d\u00e9cor\u00e9s avec des marquages d'armes \u00e0 feu authentiques, tout comme sur les pistolets Walther Arms ordinaires. La r\u00e9plique est presque enti\u00e8rement en m\u00e9tal, ce qui est inhabituel pour les r\u00e9pliques \u00e0 ressort. Gr\u00e2ce \u00e0 des pi\u00e8ces d\u00e9taill\u00e9es et aux mat\u00e9riaux utilis\u00e9s, le Walther PPQ HME a un aspect tr\u00e8s r\u00e9aliste et un bon poids de 800g.<\/p><h2>Mat\u00e9riaux de haute qualit\u00e9 et conception r\u00e9aliste<\/h2><p>Le corps, la glissi\u00e8re, le canon externe et les m\u00e9canismes internes, y compris la g\u00e2chette, sont en m\u00e9tal. Seuls la poign\u00e9e du pistolet et le chargeur (qui est lest\u00e9 en suppl\u00e9ment) sont en polym\u00e8re. Il y a \u00e9galement un rail RIS de 22 mm sous le canon, vous permettant d'\u00e9quiper votre r\u00e9plique avec des accessoires suppl\u00e9mentaires. La r\u00e9plique est \u00e9galement \u00e9quip\u00e9e d'un d\u00e9verrouillage de chargeur ambidextre et d'un arr\u00eatoir de glissi\u00e8re sur le c\u00f4t\u00e9 gauche.<\/p><h2>Caract\u00e9ristiques et sp\u00e9cifications<\/h2><ul><li><strong>R\u00e9plique sous licence :<\/strong> La licence Walther Arms compl\u00e8te garantit l'authenticit\u00e9.<\/li><li><strong>Construction en m\u00e9tal :<\/strong> Corps et pi\u00e8ces vitales en m\u00e9tal pour une sensation r\u00e9aliste et une durabilit\u00e9 accrue.<\/li><li><strong>Rail RIS :<\/strong> Rail RIS de 22 mm pour le montage d'accessoires - personnalisez votre r\u00e9plique avec des lasers et des lampes.<\/li><li><strong>Conception ambidextre :<\/strong> D\u00e9verrouillage de chargeur ambidextre et arr\u00eatoir de glissi\u00e8re pour une utilisation facile.<\/li><\/ul><p>Le chargeur a une capacit\u00e9 de 14 BBs. Le hop-up n'est pas r\u00e9glable.<\/p><br><h3>Sp\u00e9cifications :<\/h3><ul><li>Poids : 515 g<\/li><li>Longueur totale : 180 mm<\/li><li>\u00c9chelle : 1:1<\/li><li>Construction : M\u00e9tal<\/li><li>Source d'\u00e9nergie : Ressort<\/li><li>Rail : Picatinny<\/li><li>Calibre : 6 mm<\/li><li>Capacit\u00e9 du chargeur : 14 coups<\/li><li>Vitesse initiale (0,12g) : 90 m\/s<\/li><li>Vitesse initiale (0,20g) : 70 m\/s<\/li><li>\u00c9nergie : 0,5 J<\/li><\/ul><p>D\u00e9couvrez d'autres <a href=\"https:\/\/ak47.nu\/fr\/butik\/\">r\u00e9pliques d'airsoft<\/a> dans notre gamme. Visitez notre <a href=\"https:\/\/ak47.nu\/fr\/airsoft\/\">cat\u00e9gorie airsoft<\/a> pour voir toute la s\u00e9lection. Ne manquez pas non plus nos autres produits sur <a href=\"https:\/\/ak47.nu\/fr\/\">notre site web<\/a>.<\/p>","protected":false},"excerpt":{"rendered":"<p>K\u00f6p UMAREX Walther Replica Airsoft PPQ HME 6mm med springmekanism &#8211; b\u00e4sta priset online. Utforska v\u00e5rt sortiment av h\u00f6gkvalitativa airsoft replikavapen f\u00f6r realistiskt spel.<\/p>","protected":false},"featured_media":20692,"template":"","meta":[],"product_brand":[],"product_cat":[418],"product_tag":[],"class_list":{"0":"post-20702","1":"product","2":"type-product","3":"status-publish","4":"has-post-thumbnail","6":"product_cat-pistoler-fjader","7":"pa_brand-umarex","9":"first","10":"outofstock","11":"sale","12":"taxable","13":"shipping-taxable","14":"purchasable","15":"product-type-simple"},"_links":{"self":[{"href":"https:\/\/ak47.nu\/fr\/wp-json\/wp\/v2\/product\/20702","targetHints":{"allow":["GET"]}}],"collection":[{"href":"https:\/\/ak47.nu\/fr\/wp-json\/wp\/v2\/product"}],"about":[{"href":"https:\/\/ak47.nu\/fr\/wp-json\/wp\/v2\/types\/product"}],"wp:featuredmedia":[{"embeddable":true,"href":"https:\/\/ak47.nu\/fr\/wp-json\/wp\/v2\/media\/20692"}],"wp:attachment":[{"href":"https:\/\/ak47.nu\/fr\/wp-json\/wp\/v2\/media?parent=20702"}],"wp:term":[{"taxonomy":"product_brand","embeddable":true,"href":"https:\/\/ak47.nu\/fr\/wp-json\/wp\/v2\/product_brand?post=20702"},{"taxonomy":"product_cat","embeddable":true,"href":"https:\/\/ak47.nu\/fr\/wp-json\/wp\/v2\/product_cat?post=20702"},{"taxonomy":"product_tag","embeddable":true,"href":"https:\/\/ak47.nu\/fr\/wp-json\/wp\/v2\/product_tag?post=20702"}],"curies":[{"name":"wp","href":"https:\/\/api.w.org\/{rel}","templated":true}]}}