{"id":20789,"date":"2022-05-07T11:23:45","date_gmt":"2022-05-07T09:23:45","guid":{"rendered":"https:\/\/ak47.nu\/produkt\/uhc-4-revolver-green-gas-6mm-airsoft\/"},"modified":"2025-12-03T19:26:08","modified_gmt":"2025-12-03T18:26:08","slug":"uhc-4-revolver-gaz-vert-6mm-airsoft","status":"publish","type":"product","link":"https:\/\/ak47.nu\/fr\/produit\/airsoft\/grongas\/revolvrar-grongas\/uhc-4-revolver-gaz-vert-6mm-airsoft\/","title":{"rendered":"UHC 4\" Revolver gaz vert 6mm airsoft"},"content":{"rendered":"<h1>UHC 4\" Revolver gaz vert 6mm airsoft<\/h1>\n<h2>R\u00e9plique de revolver classique pour airsoft<\/h2>\n<p>Cette r\u00e9plique de revolver UG-136 est un choix parfait pour tous ceux qui aiment les revolvers classiques et souhaitent commencer leur aventure airsoft. <a href=\"https:\/\/ak47.nu\/fr\/butik\/\">D\u00e9couvrez nos autres pistolets airsoft<\/a> pour trouver le mod\u00e8le qui vous convient.<\/p>\n\n<h3>Aliment\u00e9 au gaz vert avec une sensation authentique<\/h3>\n<p>La r\u00e9plique est aliment\u00e9e par du gaz vert-le conteneur est cach\u00e9 \u00e0 l'int\u00e9rieur de la poign\u00e9e. La g\u00e2chette et le marteau sont en m\u00e9tal et sont tous deux mobiles. Le chargeur peut contenir 6 cartouches. Ce revolver offre une sensation authentique et des performances fiables sur le terrain d'airsoft. Pour plus d'informations sur nos <a href=\"https:\/\/ak47.nu\/fr\/airsoft\/\">revolvers airsoft<\/a>, visitez notre page de cat\u00e9gorie.<\/p>\n\n<h3>Mat\u00e9riaux de haute qualit\u00e9<\/h3>\n<p>La r\u00e9plique estmajoritairement en plastique, tandis que les \u00e9l\u00e9ments internest le canon int\u00e9rieur sont m\u00e9talliquess. L'ensemble est livr\u00e9 avec 8 cartouches.<\/p>\n\n<h3>D\u00e9tails et fonctionnalit\u00e9s Premium<\/h3>\n<ul>\n <li>Poign\u00e9e textur\u00e9e en grain de bois<\/li>\n <li>Action authentique-appuyez sur le marteau pour recharger<\/li>\n <li>Hausse r\u00e9glable-r\u00e9glage dans 4 directions: haut\/bas\/droite\/gauche<\/li>\n <li>Double action et pression de d\u00e9tente all\u00e9g\u00e9e<\/li>\n <li>Port\u00e9e de tir \u00e9tendue<\/li>\n <li>Cylindre pivotant avec 6 cartouches en plastique (ou cartouches en cuivre en option)<\/li>\n <li>Livr\u00e9 avec diff\u00e9rentes combinaisons de couleurs dans le pistolet et la poign\u00e9e<\/li>\n<\/ul>\n<p>D\u00e9couvrez la pr\u00e9cision et le r\u00e9alisme avec ce revolver premium. <a href=\"https:\/\/ak47.nu\/fr\/\">Visitez notre site Web<\/a> pour voir notre gamme compl\u00e8te et nos accessoires!<\/p>","protected":false},"excerpt":{"rendered":"<p>UHC 4&#8243; Revolver gaz vert 6mm airsoft R\u00e9plique de revolver classique pour airsoft Cette r\u00e9plique de revolver UG-136 est un choix parfait pour tous ceux qui aiment les revolvers classiques et souhaitent commencer leur aventure airsoft. D\u00e9couvrez nos autres pistolets airsoft pour trouver le mod\u00e8le qui vous convient. Aliment\u00e9 au gaz vert avec une sensation [&#8230;]","protected":false},"featured_media":20781,"template":"","meta":[],"product_brand":[],"product_cat":[412],"product_tag":[],"class_list":{"0":"post-20789","1":"product","2":"type-product","3":"status-publish","4":"has-post-thumbnail","6":"product_cat-revolvrar-grongas","7":"pa_brand-stti","8":"pa_farg-svart","10":"first","11":"outofstock","12":"sale","13":"taxable","14":"shipping-taxable","15":"purchasable","16":"product-type-simple"},"_links":{"self":[{"href":"https:\/\/ak47.nu\/fr\/wp-json\/wp\/v2\/product\/20789","targetHints":{"allow":["GET"]}}],"collection":[{"href":"https:\/\/ak47.nu\/fr\/wp-json\/wp\/v2\/product"}],"about":[{"href":"https:\/\/ak47.nu\/fr\/wp-json\/wp\/v2\/types\/product"}],"wp:featuredmedia":[{"embeddable":true,"href":"https:\/\/ak47.nu\/fr\/wp-json\/wp\/v2\/media\/20781"}],"wp:attachment":[{"href":"https:\/\/ak47.nu\/fr\/wp-json\/wp\/v2\/media?parent=20789"}],"wp:term":[{"taxonomy":"product_brand","embeddable":true,"href":"https:\/\/ak47.nu\/fr\/wp-json\/wp\/v2\/product_brand?post=20789"},{"taxonomy":"product_cat","embeddable":true,"href":"https:\/\/ak47.nu\/fr\/wp-json\/wp\/v2\/product_cat?post=20789"},{"taxonomy":"product_tag","embeddable":true,"href":"https:\/\/ak47.nu\/fr\/wp-json\/wp\/v2\/product_tag?post=20789"}],"curies":[{"name":"wp","href":"https:\/\/api.w.org\/{rel}","templated":true}]}}