{"id":20833,"date":"2022-05-07T11:26:14","date_gmt":"2022-05-07T09:26:14","guid":{"rendered":"https:\/\/ak47.nu\/produkt\/airsoft-m401-pump-shotgun-black\/"},"modified":"2026-03-24T15:13:36","modified_gmt":"2026-03-24T14:13:36","slug":"airsoft-m401-fusil-a-pompe-noir","status":"publish","type":"product","link":"https:\/\/ak47.nu\/fr\/produit\/airsoft\/fjader\/hagelgevar-fjader\/airsoft-m401-fusil-a-pompe-noir\/","title":{"rendered":"Airsoft M401 Fusil \u00e0 Pompe - Noir"},"content":{"rendered":"<h1>Airsoft M401 Fusil \u00e0 Pompe - Noir<\/h1>\n<h2>R\u00e9plique Authentique Pour Les Amateurs D'airsoft<\/h2>\n<p>D\u00e9couvrez le frisson avec l'Airsoft M401, une excellente r\u00e9plique de l'un des fusils de chasse les plus populaires utilis\u00e9s par les civils, la police ou l'arm\u00e9e. Cette r\u00e9plique est produite par Double Eagle sp\u00e9cialement pour le march\u00e9 de l'airsoft. Comme les autres r\u00e9pliques de ce fabricant, ce fusil est dot\u00e9 d'un m\u00e9canisme fiable, en l'occurrence un syst\u00e8me \u00e0 pompe aliment\u00e9 par un ressort.<\/p>\n<p>L'ensemble comprend un chargeur de 18 billes. Pesant 735 g et d'une longueur de 540 mm, cette r\u00e9plique est fabriqu\u00e9e en plastique ABS durable. Le mode de tir est unique et le chargeur est un mod\u00e8le low-cap d'une capacit\u00e9 de 10 billes. Le chargeur est \u00e9galement fabriqu\u00e9 en plastique ABS.<\/p>\n<h3>Sp\u00e9cifications<\/h3>\n<ul>\n <li>Poids : 735 g<\/li>\n <li>Longueur : 540 mm<\/li>\n <li>Mat\u00e9riau : ABS<\/li>\n <li>Mode de tir : unique<\/li>\n <li>Mod\u00e8le de chargeur : low-cap<\/li>\n <li>Capacit\u00e9 du chargeur : 10 billes<\/li>\n <li>Mat\u00e9riau du chargeur : ABS<\/li>\n<\/ul>\n<h3>Performance<\/h3>\n<p>L'Airsoft M401 offre une v\u00e9locit\u00e9 initiale de 180 fps et une \u00e9nergie initiale de 0,5. Il est \u00e9galement dot\u00e9 d'un syst\u00e8me hop-up r\u00e9glable pour une pr\u00e9cision accrue. Un chargeur est inclus dans l'ensemble, et les munitions recommand\u00e9es sont des billes de 0,20 g ou 0,23 g. Fabriqu\u00e9 par Double Eagle.<\/p>\n<ul>\n <li>V\u00e9locit\u00e9 initiale : 180 fps<\/li>\n <li>\u00c9nergie initiale : 0,5<\/li>\n <li>Hop-up : r\u00e9glable<\/li>\n <li>Nombre de chargeurs dans l'ensemble : 1 pi\u00e8ce<\/li>\n <li>Munitions : 0,20 g, 0,23 g<\/li>\n <li>Fabricant : Double Eagle<\/li>\n<\/ul>\n<p>Achetez votre <a href=\"https:\/\/ak47.nu\/fr\/butik\/\">Airsoft M401<\/a> d\u00e8s aujourd'hui et vivez l'action! Visitez notre cat\u00e9gorie <a href=\"https:\/\/ak47.nu\/fr\/airsoft\/fjader\/hagelgevar-fjader\/\">Fusils de chasse Airsoft<\/a> pour plus d'options. Ne manquez pas nos autres <a href=\"https:\/\/ak47.nu\/fr\/\">produits<\/a> !<\/p>","protected":false},"excerpt":{"rendered":"<p>Airsoft M401 Fusil \u00e0 Pompe &#8211; Noir R\u00e9plique Authentique Pour Les Amateurs D&#8217;airsoft D\u00e9couvrez le frisson avec l&#8217;Airsoft M401, une excellente r\u00e9plique de l&#8217;un des fusils de chasse les plus populaires utilis\u00e9s par les civils, la police ou l&#8217;arm\u00e9e. Cette r\u00e9plique est produite par Double Eagle sp\u00e9cialement pour le march\u00e9 de l&#8217;airsoft. Comme les autres [&#8230;]","protected":false},"featured_media":20828,"template":"","meta":[],"product_brand":[],"product_cat":[498],"product_tag":[],"class_list":{"0":"post-20833","1":"product","2":"type-product","3":"status-publish","4":"has-post-thumbnail","6":"product_cat-hagelgevar-fjader","7":"pa_brand-double-eagle","8":"pa_farg-svart","10":"first","11":"instock","12":"sale","13":"taxable","14":"shipping-taxable","15":"purchasable","16":"product-type-simple"},"_links":{"self":[{"href":"https:\/\/ak47.nu\/fr\/wp-json\/wp\/v2\/product\/20833","targetHints":{"allow":["GET"]}}],"collection":[{"href":"https:\/\/ak47.nu\/fr\/wp-json\/wp\/v2\/product"}],"about":[{"href":"https:\/\/ak47.nu\/fr\/wp-json\/wp\/v2\/types\/product"}],"wp:featuredmedia":[{"embeddable":true,"href":"https:\/\/ak47.nu\/fr\/wp-json\/wp\/v2\/media\/20828"}],"wp:attachment":[{"href":"https:\/\/ak47.nu\/fr\/wp-json\/wp\/v2\/media?parent=20833"}],"wp:term":[{"taxonomy":"product_brand","embeddable":true,"href":"https:\/\/ak47.nu\/fr\/wp-json\/wp\/v2\/product_brand?post=20833"},{"taxonomy":"product_cat","embeddable":true,"href":"https:\/\/ak47.nu\/fr\/wp-json\/wp\/v2\/product_cat?post=20833"},{"taxonomy":"product_tag","embeddable":true,"href":"https:\/\/ak47.nu\/fr\/wp-json\/wp\/v2\/product_tag?post=20833"}],"curies":[{"name":"wp","href":"https:\/\/api.w.org\/{rel}","templated":true}]}}