{"id":20852,"date":"2022-05-07T11:26:34","date_gmt":"2022-05-07T09:26:34","guid":{"rendered":"https:\/\/ak47.nu\/produkt\/ee-tri-shot-m56dl-pump-shotgun-black-6mm-airsoft\/"},"modified":"2026-03-05T08:12:33","modified_gmt":"2026-03-05T07:12:33","slug":"ee-tri-shot-m56dl-fusil-a-pompe-airsoft","status":"publish","type":"product","link":"https:\/\/ak47.nu\/fr\/produit\/airsoft\/fjader\/hagelgevar-fjader\/ee-tri-shot-m56dl-fusil-a-pompe-airsoft\/","title":{"rendered":"EE TRI-SHOT M56DL Fusil \u00e0 pompe - Airsoft 6mm"},"content":{"rendered":"<h1>EE - TRI-SHOT M56DL Fusil \u00e0 pompe - Noir 6mm Airsoft<\/h1>\n<h2>R\u00e9plique authentique d'un fusil de chasse populaire<\/h2>\n<p>Superbe r\u00e9plique \u00e0 l'\u00e9chelle 1:1 de l'un des fusils de chasse les plus populaires, utilis\u00e9 par les civils, la police ou l'arm\u00e9e. Cette r\u00e9plique a \u00e9t\u00e9 fabriqu\u00e9e par Double Eagle sp\u00e9cialement pour le march\u00e9 de l'airsoft. Comme les autres r\u00e9pliques de ce fabricant, ce fusil est dot\u00e9 d'un m\u00e9canisme fiable, en l'occurrence un syst\u00e8me \u00e0 pompe aliment\u00e9 par un ressort. Apr\u00e8s le rechargement, le fusil peut tirer 3 billes simultan\u00e9ment \u00e0 chaque tir.<\/p>\n<h3>Caract\u00e9ristiques et avantages<\/h3>\n<ul>\n <li><b>Conception r\u00e9aliste :<\/b> R\u00e9plique \u00e0 l'\u00e9chelle 1:1 d'un fusil de chasse bien connu.<\/li>\n <li><b>M\u00e9canisme fiable :<\/b> Syst\u00e8me \u00e0 pompe aliment\u00e9 par un ressort.<\/li>\n <li><b>Triple tir :<\/b> Tire 3 billes simultan\u00e9ment apr\u00e8s chaque rechargement.<\/li>\n <li><b>Ensemble complet :<\/b> Comprend un chargeur de type cartouche pour 30 billes et unSpeedloader.<\/li>\n<\/ul>\n<h3>Sp\u00e9cifications techniques<\/h3>\n<ul>\n <li>Poids : 1650 g<\/li>\n <li>Mod\u00e8le de chargeur : ABS<\/li>\n <li>Type de chargeur : Cartouche<\/li>\n <li>Vitesse initiale : 300 fps<\/li>\n <li>Capacit\u00e9 du chargeur : 30 billes<\/li>\n <li>Mat\u00e9riau : Aluminium, nylon, acier<\/li>\n <li>Longueur : 970 mm<\/li>\n <li>\u00c9nergie \u00e0 la bouche : 0,84 J<\/li>\n <li>Mode de tir : Simple<\/li>\n <li>Nombre de chargeurs dans l'ensemble : 3 pi\u00e8ces<\/li>\n <li>Munitions : 0,23g, 0,20g<\/li>\n<\/ul>\n<p>D\u00e9couvrez le frisson de l'airsoft avec ce fusil de chasse r\u00e9aliste et puissant, parfait pour les d\u00e9butants comme pour les joueurs exp\u00e9riment\u00e9s. Consultez notre s\u00e9lection d'<a href=\"https:\/\/ak47.nu\/fr\/butik\/\">accessoires d'airsoft<\/a> pour compl\u00e9ter votre \u00e9quipement. Explorez notre large gamme de <a href=\"https:\/\/ak47.nu\/fr\/airsoft\/\">fusils de chasse airsoft<\/a> pour trouver l'arme id\u00e9ale pour vos besoins. Visitez <a href=\"https:\/\/ak47.nu\/fr\/\">notre site web<\/a> pour d\u00e9couvrir d'autres offres et produits int\u00e9ressants.<\/p>","protected":false},"excerpt":{"rendered":"<p>EE &#8211; TRI-SHOT M56DL Fusil \u00e0 pompe &#8211; Noir 6mm Airsoft R\u00e9plique authentique d&#8217;un fusil de chasse populaire Superbe r\u00e9plique \u00e0 l&#8217;\u00e9chelle 1:1 de l&#8217;un des fusils de chasse les plus populaires, utilis\u00e9 par les civils, la police ou l&#8217;arm\u00e9e. Cette r\u00e9plique a \u00e9t\u00e9 fabriqu\u00e9e par Double Eagle sp\u00e9cialement pour le march\u00e9 de l&#8217;airsoft. Comme [&#8230;]","protected":false},"featured_media":20847,"template":"","meta":[],"product_brand":[],"product_cat":[498],"product_tag":[],"class_list":{"0":"post-20852","1":"product","2":"type-product","3":"status-publish","4":"has-post-thumbnail","6":"product_cat-hagelgevar-fjader","7":"pa_brand-ee","9":"first","10":"instock","11":"sale","12":"taxable","13":"shipping-taxable","14":"purchasable","15":"product-type-simple"},"_links":{"self":[{"href":"https:\/\/ak47.nu\/fr\/wp-json\/wp\/v2\/product\/20852","targetHints":{"allow":["GET"]}}],"collection":[{"href":"https:\/\/ak47.nu\/fr\/wp-json\/wp\/v2\/product"}],"about":[{"href":"https:\/\/ak47.nu\/fr\/wp-json\/wp\/v2\/types\/product"}],"wp:featuredmedia":[{"embeddable":true,"href":"https:\/\/ak47.nu\/fr\/wp-json\/wp\/v2\/media\/20847"}],"wp:attachment":[{"href":"https:\/\/ak47.nu\/fr\/wp-json\/wp\/v2\/media?parent=20852"}],"wp:term":[{"taxonomy":"product_brand","embeddable":true,"href":"https:\/\/ak47.nu\/fr\/wp-json\/wp\/v2\/product_brand?post=20852"},{"taxonomy":"product_cat","embeddable":true,"href":"https:\/\/ak47.nu\/fr\/wp-json\/wp\/v2\/product_cat?post=20852"},{"taxonomy":"product_tag","embeddable":true,"href":"https:\/\/ak47.nu\/fr\/wp-json\/wp\/v2\/product_tag?post=20852"}],"curies":[{"name":"wp","href":"https:\/\/api.w.org\/{rel}","templated":true}]}}