{"id":20895,"date":"2022-05-07T11:28:34","date_gmt":"2022-05-07T09:28:34","guid":{"rendered":"https:\/\/ak47.nu\/produkt\/double-eagle-m30p-airsoft-smg\/"},"modified":"2025-12-03T20:24:49","modified_gmt":"2025-12-03T19:24:49","slug":"double-eagle-m30p-airsoft-smg-replique-mp40","status":"publish","type":"product","link":"https:\/\/ak47.nu\/fr\/produit\/airsoft\/fjader\/kulsprutor-fjader\/double-eagle-m30p-airsoft-smg-replique-mp40\/","title":{"rendered":"Double Eagle M30P Airsoft SMG | R\u00e9plique MP40"},"content":{"rendered":"<h1>Double Eagle M30P Airsoft SMG <0,5J<\/h1>\n<h2>SMG airsoft abordable et facile \u00e0 utiliser pour les jeux \u00e0 domicile<\/h2>\n<p>Vous recherchez une arme airsoft abordable et facile \u00e0 utiliser ? Le Double Eagle M30P pourrait \u00eatre un excellent choix ! Ce SMG airsoft \u00e0 ressort offre un excellent rapport qualit\u00e9-prix et est parfait pour les jeux simples \u00e0 la maison. Chargez, visez et tirez ! N'oubliez pas de toujours porter des lunettes de protection lorsque vous jouez \u00e0 l'airsoft.<\/p>\n<h3>Fonctionnalit\u00e9s<\/h3>\n<ul>\n  <li>Construction en polym\u00e8re le rendant l\u00e9ger et durable<\/li>\n  <li>M\u00e9canisme \u00e0 ressort pour une utilisation facile - pas besoin de piles ni de gaz<\/li>\n  <li>Crosse pliable pour un rangement et un transport compacts<\/li>\n  <li>Rail de 20 mm pour le montage d'optiques et d'accessoires tels que des viseurs<\/li>\n  <li>Capacit\u00e9 du chargeur de 32 coups<\/li>\n<\/ul>\n<h3>R\u00e9plique MP40<\/h3>\n<p>Ce mod\u00e8le est une r\u00e9plique 1:1 de la c\u00e9l\u00e8bre mitraillette MP40 de la Seconde Guerre mondiale. Parfait pour les collectionneurs et ceux qui veulent une arme airsoft amusante pour les jeux r\u00e9cr\u00e9atifs. Si vous recherchez des armes airsoft full m\u00e9tal plus avanc\u00e9es aliment\u00e9es par \u00e9lectrique ou gaz, consultez nos sections AEG et GBB. Le Double Eagle M30P est un excellent choix pour tous ceux qui recherchent une r\u00e9plique de MP40 pour des jeux d'airsoft plus simples. D\u00e9couvrez notre gamme <a href=\"https:\/\/ak47.nu\/fr\/butik\/\">d'autres armes airsoft<\/a> pour trouver l'option parfaite pour vous. Vous trouverez \u00e9galement une large gamme d'accessoires dans notre <a href=\"https:\/\/ak47.nu\/fr\/airsoft\/\">cat\u00e9gorie d'accessoires airsoft<\/a>. Ne manquez pas nos autres produits airsoft ici sur <a href=\"https:\/\/ak47.nu\/fr\/\">notre page d'accueil<\/a>.<\/p>\n<h3>Sp\u00e9cifications:<\/h3>\n<ul>\n    <li>Fabricant: Double Eagle<\/li>\n    <li>FPS: 200-250<\/li>\n    <li>Couleur: Noir<\/li>\n    <li>Longueur: 24.5\" - 33\" (avec crosse pliable \u00e0 2 positions)<\/li>\n    <li>Hauteur: 13\"<\/li>\n    <li>Capacit\u00e9 du chargeur: 32 coups<\/li>\n    <li>Vitesse initiale: 200~250 FPS<\/li>\n    <li>\u00c9nergie: &lt;0,5J<\/li>\n    <li>Syst\u00e8me: Aliment\u00e9 par ressort<\/li>\n    <li>BB: 6mm<\/li>\n    <li>Poids: ~2lbs<\/li>\n<\/ul>","protected":false},"excerpt":{"rendered":"<p>K\u00f6p Double Eagle M30P Airsoft SMG &lt;0,5J &#8211; H\u00f6gkvalitativt vapen f\u00f6r airsoft med l\u00e5g effekt. Perfekt f\u00f6r spelare som vill ha en p\u00e5litlig och kraftfull SMG. Best\u00e4ll nu och f\u00e5 snabb leverans!<\/p>","protected":false},"featured_media":20893,"template":"","meta":[],"product_brand":[],"product_cat":[422],"product_tag":[],"class_list":{"0":"post-20895","1":"product","2":"type-product","3":"status-publish","4":"has-post-thumbnail","6":"product_cat-kulsprutor-fjader","7":"pa_brand-double-eagle","8":"pa_farg-svart","10":"first","11":"outofstock","12":"sale","13":"taxable","14":"shipping-taxable","15":"purchasable","16":"product-type-simple"},"_links":{"self":[{"href":"https:\/\/ak47.nu\/fr\/wp-json\/wp\/v2\/product\/20895","targetHints":{"allow":["GET"]}}],"collection":[{"href":"https:\/\/ak47.nu\/fr\/wp-json\/wp\/v2\/product"}],"about":[{"href":"https:\/\/ak47.nu\/fr\/wp-json\/wp\/v2\/types\/product"}],"wp:featuredmedia":[{"embeddable":true,"href":"https:\/\/ak47.nu\/fr\/wp-json\/wp\/v2\/media\/20893"}],"wp:attachment":[{"href":"https:\/\/ak47.nu\/fr\/wp-json\/wp\/v2\/media?parent=20895"}],"wp:term":[{"taxonomy":"product_brand","embeddable":true,"href":"https:\/\/ak47.nu\/fr\/wp-json\/wp\/v2\/product_brand?post=20895"},{"taxonomy":"product_cat","embeddable":true,"href":"https:\/\/ak47.nu\/fr\/wp-json\/wp\/v2\/product_cat?post=20895"},{"taxonomy":"product_tag","embeddable":true,"href":"https:\/\/ak47.nu\/fr\/wp-json\/wp\/v2\/product_tag?post=20895"}],"curies":[{"name":"wp","href":"https:\/\/api.w.org\/{rel}","templated":true}]}}