{"id":20928,"date":"2022-05-07T11:30:52","date_gmt":"2022-05-07T09:30:52","guid":{"rendered":"https:\/\/ak47.nu\/produkt\/well-g12-6mm-green-gas-power-airsoft\/"},"modified":"2025-12-03T20:06:02","modified_gmt":"2025-12-03T19:06:02","slug":"well-g12-6mm-airsoft-gaz-vert","status":"publish","type":"product","link":"https:\/\/ak47.nu\/fr\/produit\/airsoft\/grongas\/kulsprutor-grongas\/well-g12-6mm-airsoft-gaz-vert\/","title":{"rendered":"WELL G12 6mm Airsoft Gaz Vert | Nom du mod\u00e8le"},"content":{"rendered":"<h1>WELL - G12 6mm Airsoft \u00e0 Gaz Vert<\/h1>\n<h2>R\u00e9plique de Pistolet Mitrailleur G12 (GG) - D\u00e9tails<\/h2>\n<p>R\u00e9plique de pistolet mitrailleur G12 fabriqu\u00e9e \u00e0 partir d'\u00e9l\u00e9ments m\u00e9talliques et de polym\u00e8re. Les parties m\u00e9talliques comprennent le canon externe, le r\u00e9cepteur sup\u00e9rieur, la crosse, le chargeur ainsi que tous les \u00e9l\u00e9ments mobiles et internes. Les parties en ABS comprennent le r\u00e9cepteur inf\u00e9rieur ainsi que la poign\u00e9e pistolet qui sert \u00e9galement de puits de chargeur.<\/p>\n<h3>Caract\u00e9ristiques<\/h3>\n<ul>\n <li>Le G12 tire en modes semi-automatique et automatique.<\/li>\n <li>Il est aliment\u00e9 par du gaz vert qui est charg\u00e9 dans la partie inf\u00e9rieure du chargeur.<\/li>\n <li>Dispose d'un verrou de d\u00e9tente.<\/li>\n <li>La crosse est pliable (il est n\u00e9cessaire de presser l'un des bras pour la plier \/ la d\u00e9plier).<\/li>\n<\/ul>\n<p>Afin de placer correctement le chargeur avec des BBs dans le puits, il est n\u00e9cessaire de recharger le pistolet au pr\u00e9alable en tirant sur la poign\u00e9e de la culasse. Une fois que la derni\u00e8re BB a quitt\u00e9 le canon, la culasse reste bloqu\u00e9e en position arri\u00e8re. D\u00e9couvrez notre large gamme de <a href=\"https:\/\/ak47.nu\/fr\/butik\/\">r\u00e9pliques d'airsoft authentiques<\/a> chez nous !<\/p>\n<p><b>ATTENTION !<\/b> La r\u00e9plique ne doit pas \u00eatre recharg\u00e9e lorsque le s\u00e9lecteur de mode de tir est r\u00e9gl\u00e9 sur SAFE ! Cela peut entra\u00eener des dommages au m\u00e9canisme. Pour plus d'options de haute qualit\u00e9, consultez notre <a href=\"https:\/\/ak47.nu\/fr\/airsoft\/\">cat\u00e9gorie de pistolets airsoft<\/a>.<\/p>\n<h3>L'ensemble comprend :<\/h3>\n<ul>\n <li>R\u00e9plique<\/li>\n <li>Chargeur<\/li>\n<\/ul>\n<h3>Sp\u00e9cifications :<\/h3>\n<ul>\n <li>Nom : G12 (GG)<\/li>\n <li>Fabricant : WELL<\/li>\n <li>Garantie : 6 mois<\/li>\n <li>V\u00e9locit\u00e9 [FPS] : 250<\/li>\n <li>Type de tir : Simple, automatique<\/li>\n <li>Longueur [mm] : 250 \/ 450<\/li>\n <li>Poids [g] : 1580<\/li>\n <li>Type de chargeur : Chargeur Low-Cap<\/li>\n <li>Capacit\u00e9 du chargeur [pi\u00e8ces] : 35<\/li>\n <li>Hop-up : Oui, r\u00e9glable<\/li>\n <li>Blow Back : Oui<\/li>\n <li>Fabriqu\u00e9 en : M\u00e9tal + plastique<\/li>\n <li>Propulsion \/ Aliment\u00e9 par : Propulsion \u00e0 gaz - Gaz vert<\/li>\n<\/ul>\n<p>Explorez davantage de produits et d'accessoires sur notre <a href=\"https:\/\/ak47.nu\/fr\/\">page d'accueil<\/a>.<\/p>","protected":false},"excerpt":{"rendered":"<p>WELL &#8211; G12 6mm Airsoft \u00e0 Gaz Vert R\u00e9plique de Pistolet Mitrailleur G12 (GG) &#8211; D\u00e9tails R\u00e9plique de pistolet mitrailleur G12 fabriqu\u00e9e \u00e0 partir d&#8217;\u00e9l\u00e9ments m\u00e9talliques et de polym\u00e8re. Les parties m\u00e9talliques comprennent le canon externe, le r\u00e9cepteur sup\u00e9rieur, la crosse, le chargeur ainsi que tous les \u00e9l\u00e9ments mobiles et internes. Les parties en ABS [&#8230;]","protected":false},"featured_media":20924,"template":"","meta":[],"product_brand":[],"product_cat":[415],"product_tag":[],"class_list":{"0":"post-20928","1":"product","2":"type-product","3":"status-publish","4":"has-post-thumbnail","6":"product_cat-kulsprutor-grongas","7":"pa_brand-well","9":"first","10":"outofstock","11":"sale","12":"taxable","13":"shipping-taxable","14":"purchasable","15":"product-type-simple"},"_links":{"self":[{"href":"https:\/\/ak47.nu\/fr\/wp-json\/wp\/v2\/product\/20928","targetHints":{"allow":["GET"]}}],"collection":[{"href":"https:\/\/ak47.nu\/fr\/wp-json\/wp\/v2\/product"}],"about":[{"href":"https:\/\/ak47.nu\/fr\/wp-json\/wp\/v2\/types\/product"}],"wp:featuredmedia":[{"embeddable":true,"href":"https:\/\/ak47.nu\/fr\/wp-json\/wp\/v2\/media\/20924"}],"wp:attachment":[{"href":"https:\/\/ak47.nu\/fr\/wp-json\/wp\/v2\/media?parent=20928"}],"wp:term":[{"taxonomy":"product_brand","embeddable":true,"href":"https:\/\/ak47.nu\/fr\/wp-json\/wp\/v2\/product_brand?post=20928"},{"taxonomy":"product_cat","embeddable":true,"href":"https:\/\/ak47.nu\/fr\/wp-json\/wp\/v2\/product_cat?post=20928"},{"taxonomy":"product_tag","embeddable":true,"href":"https:\/\/ak47.nu\/fr\/wp-json\/wp\/v2\/product_tag?post=20928"}],"curies":[{"name":"wp","href":"https:\/\/api.w.org\/{rel}","templated":true}]}}