{"id":20977,"date":"2022-05-07T11:31:40","date_gmt":"2022-05-07T09:31:40","guid":{"rendered":"https:\/\/ak47.nu\/produkt\/cyma-p90-pdw-airsoft-cm-060-aeg-6mm\/"},"modified":"2025-12-03T20:12:02","modified_gmt":"2025-12-03T19:12:02","slug":"cyma-p90-pdw-airsoft-cm-060-aeg-6mm","status":"publish","type":"product","link":"https:\/\/ak47.nu\/fr\/produit\/airsoft\/el-drivna\/kulsprutor\/cyma-p90-pdw-airsoft-cm-060-aeg-6mm\/","title":{"rendered":"CYMA P90 PDW Airsoft CM.060 AEG 6mm"},"content":{"rendered":"<h1>CYMA P90 PDW Airsoft CM.060 AEG 6mm<\/h1>\n<h2>R\u00e9plique authentique du P90 avec de hautes performances<\/h2>\n<p>Le CYMA P90 PDW est une r\u00e9plique airsoft m\u00e9ticuleusement fabriqu\u00e9e du P90, construite avec un corps en polym\u00e8re durable. Ce mod\u00e8le comporte un num\u00e9ro de s\u00e9rie unique, rendant chaque r\u00e9plique unique. Avec trois rails Picatinny en m\u00e9tal, vous pouvez facilement monter des accessoires tactiques tels que des optiques, des lampes de poche et des pointeurs laser. Am\u00e9liorez votre exp\u00e9rience airsoft avec cette r\u00e9plique fiable et polyvalente. D\u00e9couvrez notre large gamme d'<a href=\"https:\/\/ak47.nu\/fr\/butik\/\">accessoires airsoft<\/a> pour personnaliser davantage votre \u00e9quipement.<\/p>\n\n<h3>Construction de haute qualit\u00e9 et performances puissantes<\/h3>\n<p>Cette r\u00e9plique est dot\u00e9e d'une bo\u00eete de vitesses en m\u00e9tal d\u00e9di\u00e9e v.6 avec des roulements \u00e0 glissement en acier de 6 mm, un cylindre de type 1, un piston renforc\u00e9 avec manchon en aluminium, une t\u00eate de piston et une t\u00eate de cylindre en nylon renforc\u00e9, et des engrenages en acier fonctionnant avec un ressort qui fournit environ 400 FPS. Cela garantit des performances puissantes et fiables sur le terrain d'airsoft. Pour maintenir les performances de votre arme airsoft, consultez notre s\u00e9lection de <a href=\"https:\/\/ak47.nu\/fr\/airsoft\/\">produits d'entretien pour armes airsoft<\/a>. Visitez <a href=\"https:\/\/ak47.nu\/fr\/\">notre page d'accueil<\/a> pour voir tous nos produits.<\/p>\n\n<ul>\n <li><strong>Poids :<\/strong> 2180 g<\/li>\n <li><strong>Couleur :<\/strong> Noir<\/li>\n <li><strong>Longueur :<\/strong> 480\/660 mm<\/li>\n <li><strong>Mat\u00e9riau :<\/strong> Aluminium, polym\u00e8re<\/li>\n <li><strong>Mode de tir :<\/strong> Auto, simple<\/li>\n <li><strong>Longueur du canon interne :<\/strong> 260 mm<\/li>\n <li><strong>Diam\u00e8tre du canon interne :<\/strong> 6,03 mm<\/li>\n <li><strong>Capacit\u00e9 du chargeur :<\/strong> 70 BBs<\/li>\n <li><strong>Mat\u00e9riau du chargeur :<\/strong> Polym\u00e8re<\/li>\n <li><strong>Vitesse initiale :<\/strong> 400 fps<\/li>\n <li><strong>\u00c9nergie :<\/strong> 1,48 J<\/li>\n <li><strong>Batterie :<\/strong> Non incluse<\/li>\n <li><strong>Tension de la batterie :<\/strong> 9,6 V<\/li>\n <li><strong>Capacit\u00e9 de la batterie :<\/strong> 1100 mAh<\/li>\n <li><strong>Type de batterie :<\/strong> Cube NiMH<\/li>\n <li><strong>Connecteur de batterie :<\/strong> Petit Tamiya<\/li>\n <li><strong>Bo\u00eete de vitesses :<\/strong> v.6<\/li>\n <li><strong>Type de roulement :<\/strong> Glissement en acier<\/li>\n <li><strong>Hop-up:<\/strong> R\u00e9glable<\/li>\n <li><strong>Munition :<\/strong> 0,25 g, 0,23 g<\/li>\n <li><strong>Num\u00e9ro de s\u00e9rie :<\/strong> Oui<\/li>\n<\/ul>\n\n<p>Le paquet comprend une r\u00e9plique de P90 PDW, un chargeur Low-Cap de 70 cartouches avec des balles factices et un chargeur de BB rapide. Veuillez noter que la batterie n'est pas incluse. Compl\u00e9tez votre \u00e9quipement avec la batterie et les munitions appropri\u00e9es pour maximiser votre exp\u00e9rience de jeu !<\/p>","protected":false},"excerpt":{"rendered":"<p>K\u00f6p CYMA P90 PDW Airsoft CM.060 AEG 6mm &#8211; b\u00e4sta priser och kvalitet online. Utforska v\u00e5rt sortiment av CYMA P90 PDW Airsoft-vapen och hitta det perfekta valet f\u00f6r dina behov. Vi erbjuder snabb leverans och enkel best\u00e4llningsprocess. Best\u00e4ll idag och bli en del av Airsoft-gemenskapen!<\/p>","protected":false},"featured_media":20968,"template":"","meta":[],"product_brand":[],"product_cat":[402],"product_tag":[],"class_list":{"0":"post-20977","1":"product","2":"type-product","3":"status-publish","4":"has-post-thumbnail","6":"product_cat-kulsprutor","7":"pa_brand-cyma","9":"first","10":"outofstock","11":"sale","12":"taxable","13":"shipping-taxable","14":"purchasable","15":"product-type-simple"},"_links":{"self":[{"href":"https:\/\/ak47.nu\/fr\/wp-json\/wp\/v2\/product\/20977","targetHints":{"allow":["GET"]}}],"collection":[{"href":"https:\/\/ak47.nu\/fr\/wp-json\/wp\/v2\/product"}],"about":[{"href":"https:\/\/ak47.nu\/fr\/wp-json\/wp\/v2\/types\/product"}],"wp:featuredmedia":[{"embeddable":true,"href":"https:\/\/ak47.nu\/fr\/wp-json\/wp\/v2\/media\/20968"}],"wp:attachment":[{"href":"https:\/\/ak47.nu\/fr\/wp-json\/wp\/v2\/media?parent=20977"}],"wp:term":[{"taxonomy":"product_brand","embeddable":true,"href":"https:\/\/ak47.nu\/fr\/wp-json\/wp\/v2\/product_brand?post=20977"},{"taxonomy":"product_cat","embeddable":true,"href":"https:\/\/ak47.nu\/fr\/wp-json\/wp\/v2\/product_cat?post=20977"},{"taxonomy":"product_tag","embeddable":true,"href":"https:\/\/ak47.nu\/fr\/wp-json\/wp\/v2\/product_tag?post=20977"}],"curies":[{"name":"wp","href":"https:\/\/api.w.org\/{rel}","templated":true}]}}