{"id":20983,"date":"2022-05-07T11:31:44","date_gmt":"2022-05-07T09:31:44","guid":{"rendered":"https:\/\/ak47.nu\/produkt\/cyma-cm-033-tommy-gun-ebb-6mm-airsoft\/"},"modified":"2026-03-04T14:45:40","modified_gmt":"2026-03-04T13:45:40","slug":"cyma-cm-033-tommy-gun-ebb-6mm-airsoft","status":"publish","type":"product","link":"https:\/\/ak47.nu\/fr\/produit\/airsoft\/el-drivna\/kulsprutor\/cyma-cm-033-tommy-gun-ebb-6mm-airsoft\/","title":{"rendered":"CYMA CM.033 Tommy Gun EBB 6mm Airsoft | Haute Qualit\u00e9"},"content":{"rendered":"<h1>CYMA CM.033 Tommy Gun EBB 6mm Airsoft<\/h1>\n<h2>R\u00e9plique de haute qualit\u00e9 avec des d\u00e9tails authentiques<\/h2>\n<p>Le CYMA CM.033 Thompson M1A1 AEG est une r\u00e9plique de Tommy Gun de haute qualit\u00e9 qui \u00e9tablit de nouvelles normes de qualit\u00e9 et d'innovation dans le segment AEG. Avec le plus grand souci du d\u00e9tail et l'authenticit\u00e9, cette r\u00e9plique est un point culminant absolu dans chaque collection AEG. Le m\u00e9lange r\u00e9ussi de polym\u00e8re de haute technologie, qui imite parfaitement le bois, fait de cet AEG une pi\u00e8ce de technologie consomm\u00e9e gr\u00e2ce \u00e0 des tol\u00e9rances minimales dans le traitement et le choix des mat\u00e9riaux. <a href=\"https:\/\/ak47.nu\/fr\/butik\/\">D\u00e9couvrez notre gamme d'autres r\u00e9pliques d'airsoft<\/a>.<\/p>\n\n<h3>Caract\u00e9ristiques et avantages<\/h3>\n<p>La batterie est utilis\u00e9e dans la crosse solide et peut \u00eatre connect\u00e9e tr\u00e8s facilement apr\u00e8s avoir retir\u00e9 le tampon de plancher. LeUpper et le garde-main sont \u00e9quip\u00e9s d' \u00e9merillons Sling pour le montage d' une sangle de transport. L'unit\u00e9 hop-up est situ\u00e9e dans la fen\u00eatre d'\u00e9jection de cartouche et peut \u00eatre atteinte tr\u00e8s rapidement et ajust\u00e9e tr\u00e8s pr\u00e9cis\u00e9ment. Sur le c\u00f4t\u00e9 gauche du r\u00e9cepteur sont le loquet de chargeur et le s\u00e9lecteur de mode de tir qui offre la possibilit\u00e9 entre Safe \/ Semi et Full Auto. <a href=\"https:\/\/ak47.nu\/fr\/airsoft\/\">Explorez notre gamme d'accessoires d'airsoft<\/a>.<\/p>\n\n<h3>M\u00e9canisme interne et performances<\/h3>\n<p>Le m\u00e9canisme interne est bas\u00e9 sur une bo\u00eete de vitesses V6 renforc\u00e9e et des engrenages en acier. Le syst\u00e8me Cyma se caract\u00e9rise par sa bonne qualit\u00e9 de construction et sa fiabilit\u00e9. Combin\u00e9 \u00e0 un canon int\u00e9rieur de 300 mm, la vitesse initiale du Thompson MG AEG est de 350 fps (1,14 joules) hors de la bo\u00eete. Ce Tommy Gun AEG est livr\u00e9 avec un chargeur Hi-Cap d'une capacit\u00e9 de 420 BBs. <a href=\"https:\/\/ak47.nu\/fr\/\">Visitez notre page d'accueil pour plus d'informations<\/a>.<\/p>\n\n<ul>\n <li><b>R\u00e9plique de haute qualit\u00e9 :<\/b> Conception authentique et souci du d\u00e9tail.<\/li>\n <li><b>Construction r\u00e9aliste :<\/b> Polym\u00e8re de haute technologie qui imite le bois.<\/li>\n <li><b>Hop-Up r\u00e9glable :<\/b> R\u00e9glage rapide et pr\u00e9cis via la fen\u00eatre d'\u00e9jection de la cartouche.<\/li>\n <li><b>S\u00e9lecteur de tir flexible :<\/b> Option pour les modes Safe, Semi et Full Auto.<\/li>\n <li><b>Performances puissantes :<\/b> Vitesse initiale de 350 fps (1,14 joules).<\/li>\n<\/ul>\n\n<p><b>L'ensemble comprend :<\/b><\/p>\n<ul>\n <li>CYMA Thompson Tommy Gun MP AEG<\/li>\n <li>Chargeur Hi-Cap<\/li>\n <li>Sangle de transport<\/li>\n <li>Manuel d'utilisation<\/li>\n<\/ul>","protected":false},"excerpt":{"rendered":"<p>CYMA CM.033 Tommy Gun EBB 6mm Airsoft R\u00e9plique de haute qualit\u00e9 avec des d\u00e9tails authentiques Le CYMA CM.033 Thompson M1A1 AEG est une r\u00e9plique de Tommy Gun de haute qualit\u00e9 qui \u00e9tablit de nouvelles normes de qualit\u00e9 et d&#8217;innovation dans le segment AEG. Avec le plus grand souci du d\u00e9tail et l&#8217;authenticit\u00e9, cette r\u00e9plique est [&#8230;]","protected":false},"featured_media":20980,"template":"","meta":[],"product_brand":[],"product_cat":[402],"product_tag":[],"class_list":{"0":"post-20983","1":"product","2":"type-product","3":"status-publish","4":"has-post-thumbnail","6":"product_cat-kulsprutor","7":"pa_brand-cyma","8":"pa_farg-svart","10":"first","11":"outofstock","12":"sale","13":"taxable","14":"shipping-taxable","15":"purchasable","16":"product-type-simple"},"_links":{"self":[{"href":"https:\/\/ak47.nu\/fr\/wp-json\/wp\/v2\/product\/20983","targetHints":{"allow":["GET"]}}],"collection":[{"href":"https:\/\/ak47.nu\/fr\/wp-json\/wp\/v2\/product"}],"about":[{"href":"https:\/\/ak47.nu\/fr\/wp-json\/wp\/v2\/types\/product"}],"wp:featuredmedia":[{"embeddable":true,"href":"https:\/\/ak47.nu\/fr\/wp-json\/wp\/v2\/media\/20980"}],"wp:attachment":[{"href":"https:\/\/ak47.nu\/fr\/wp-json\/wp\/v2\/media?parent=20983"}],"wp:term":[{"taxonomy":"product_brand","embeddable":true,"href":"https:\/\/ak47.nu\/fr\/wp-json\/wp\/v2\/product_brand?post=20983"},{"taxonomy":"product_cat","embeddable":true,"href":"https:\/\/ak47.nu\/fr\/wp-json\/wp\/v2\/product_cat?post=20983"},{"taxonomy":"product_tag","embeddable":true,"href":"https:\/\/ak47.nu\/fr\/wp-json\/wp\/v2\/product_tag?post=20983"}],"curies":[{"name":"wp","href":"https:\/\/api.w.org\/{rel}","templated":true}]}}