{"id":20993,"date":"2022-05-07T11:31:49","date_gmt":"2022-05-07T09:31:49","guid":{"rendered":"https:\/\/ak47.nu\/produkt\/cyma-p90-pdw-airsoft-cm-060b-aeg-6mm\/"},"modified":"2025-12-03T20:12:01","modified_gmt":"2025-12-03T19:12:01","slug":"cyma-p90-pdw-airsoft-cm-060b-aeg-6mm","status":"publish","type":"product","link":"https:\/\/ak47.nu\/fr\/produit\/airsoft\/el-drivna\/kulsprutor\/cyma-p90-pdw-airsoft-cm-060b-aeg-6mm\/","title":{"rendered":"CYMA P90 PDW Airsoft CM.060B AEG 6mm"},"content":{"rendered":"<h1>CYMA P90 PDW Airsoft CM.060B AEG 6mm<\/h1>\n<h2>R\u00e9plique authentique du P90 avec gearbox en m\u00e9tal<\/h2>\n<p>Cette r\u00e9plique m\u00e9ticuleusement fabriqu\u00e9e du P90 de CYMA offre une exp\u00e9rience airsoft de haute qualit\u00e9. Fabriqu\u00e9e avec un corps en polym\u00e8re robuste et un num\u00e9ro de s\u00e9rie unique.\n<\/p>\n<h3>Personnalisation Tactique<\/h3>\n<ul>\n <li>Trois rails Picatinny en m\u00e9tal pour le montage d'accessoires<\/li>\n <li>Permet l'utilisation d'optiques, de lampes de poche et de pointeurs laser<\/li>\n<\/ul>\n<h3>Caract\u00e9ristiques Internes<\/h3>\n<ul>\n <li>Gearbox en m\u00e9tal v.6<\/li>\n <li>Roulements \u00e0 billes en acier 6mm<\/li>\n <li>Cylindre de type 1<\/li>\n <li>Piston renforc\u00e9 avec manchon en aluminium<\/li>\n <li>T\u00eate de piston et t\u00eate de cylindre en nylon renforc\u00e9<\/li>\n <li>Les engrenages en acier interagissent avec un ressort de 120 m\/s<\/li>\n <li>Fournit environ 400 FPS<\/li>\n<\/ul>\n<h3>Accessoires Inclus<\/h3>\n<ul>\n <li>R\u00e9plique PDW<\/li>\n <li>Chargeur Low-Cap de 70 billes avec fausses cartouches<\/li>\n <li>Batterie Ni-Mh 9.6V 1100 mAh<\/li>\n <li>Chargeur de batterie<\/li>\n <li>BB speed loader<\/li>\n<\/ul>\n<h3>Sp\u00e9cifications<\/h3>\n<ul>\n <li>Poids : 2180 g<\/li>\n <li>Couleur : Noir<\/li>\n <li>Longueur : 480\/660 mm<\/li>\n <li>Mat\u00e9riau : Aluminium, polym\u00e8re<\/li>\n <li>Mode de tir : Auto, simple<\/li>\n <li>Longueur du canon interne : 260 mm<\/li>\n <li>Diam\u00e8tre interne du canon : 6,03 mm<\/li>\n <li>Mod\u00e8le de chargeur : Low cap<\/li>\n <li>Capacit\u00e9 du chargeur : 70 BBs<\/li>\n <li>Mat\u00e9riau du chargeur : Polym\u00e8re<\/li>\n <li>Vitesse initiale : 400 fps<\/li>\n <li>\u00c9nergie : 1,48 J<\/li>\n <li>Batterie : 9.6 V 1100 mAh NiMH<\/li>\n <li>Version de la gearbox : v.6<\/li>\n <li>Munitions : .25g, .23g<\/li>\n <li>Hop-up : R\u00e9glable<\/li>\n <li>P\u00e9riode de garantie : 12 mois<\/li>\n<\/ul>\n<p>Am\u00e9liorez votre arsenal airsoft avec ce CYMA P90 PDW fiable et personnalisable. Pour plus d'options airsoft de haute qualit\u00e9, consultez notre s\u00e9lection d'<a href=\"https:\/\/ak47.nu\/fr\/butik\/\">autres r\u00e9pliques airsoft<\/a>. Visitez notre <a href=\"https:\/\/ak47.nu\/fr\/airsoft\/\">cat\u00e9gorie airsoft<\/a> pour voir notre gamme compl\u00e8te. Pour en savoir plus sur nous, visitez <a href=\"https:\/\/ak47.nu\/fr\/\">notre site web<\/a>.<\/p>","protected":false},"excerpt":{"rendered":"<p>CYMA P90 PDW Airsoft CM.060B AEG 6mm R\u00e9plique authentique du P90 avec gearbox en m\u00e9tal Cette r\u00e9plique m\u00e9ticuleusement fabriqu\u00e9e du P90 de CYMA offre une exp\u00e9rience airsoft de haute qualit\u00e9. Fabriqu\u00e9e avec un corps en polym\u00e8re robuste et un num\u00e9ro de s\u00e9rie unique. Personnalisation Tactique Trois rails Picatinny en m\u00e9tal pour le montage d&#8217;accessoires Permet [&#8230;]","protected":false},"featured_media":20988,"template":"","meta":[],"product_brand":[],"product_cat":[402],"product_tag":[],"class_list":{"0":"post-20993","1":"product","2":"type-product","3":"status-publish","4":"has-post-thumbnail","6":"product_cat-kulsprutor","7":"pa_brand-cyma","9":"first","10":"outofstock","11":"sale","12":"taxable","13":"shipping-taxable","14":"purchasable","15":"product-type-simple"},"_links":{"self":[{"href":"https:\/\/ak47.nu\/fr\/wp-json\/wp\/v2\/product\/20993","targetHints":{"allow":["GET"]}}],"collection":[{"href":"https:\/\/ak47.nu\/fr\/wp-json\/wp\/v2\/product"}],"about":[{"href":"https:\/\/ak47.nu\/fr\/wp-json\/wp\/v2\/types\/product"}],"wp:featuredmedia":[{"embeddable":true,"href":"https:\/\/ak47.nu\/fr\/wp-json\/wp\/v2\/media\/20988"}],"wp:attachment":[{"href":"https:\/\/ak47.nu\/fr\/wp-json\/wp\/v2\/media?parent=20993"}],"wp:term":[{"taxonomy":"product_brand","embeddable":true,"href":"https:\/\/ak47.nu\/fr\/wp-json\/wp\/v2\/product_brand?post=20993"},{"taxonomy":"product_cat","embeddable":true,"href":"https:\/\/ak47.nu\/fr\/wp-json\/wp\/v2\/product_cat?post=20993"},{"taxonomy":"product_tag","embeddable":true,"href":"https:\/\/ak47.nu\/fr\/wp-json\/wp\/v2\/product_tag?post=20993"}],"curies":[{"name":"wp","href":"https:\/\/api.w.org\/{rel}","templated":true}]}}