{"id":21007,"date":"2022-05-07T11:31:56","date_gmt":"2022-05-07T09:31:56","guid":{"rendered":"https:\/\/ak47.nu\/produkt\/cyma-cm-041blure-limited-edition-mp5-replika-arisoft\/"},"modified":"2025-12-03T20:11:59","modified_gmt":"2025-12-03T19:11:59","slug":"cyma-cm-041blure-edition-limitee-mp5-replique-airsoft","status":"publish","type":"product","link":"https:\/\/ak47.nu\/fr\/produit\/airsoft\/el-drivna\/kulsprutor\/cyma-cm-041blure-edition-limitee-mp5-replique-airsoft\/","title":{"rendered":"CYMA CM.041Blure \u00c9dition Limit\u00e9e MP5 R\u00e9plique Airsoft"},"content":{"rendered":"<h1>CYMA CM.041Blure \u00c9dition Limit\u00e9e MP5 R\u00e9plique Airsoft<\/h1>\n<h2>R\u00e9plique Airsoft MP5 de Haute Qualit\u00e9 par CYMA<\/h2>\n<p>Le CYMA CM.041 SD6 est une r\u00e9plique impressionnante, une copie exacte du l\u00e9gendaire fusil MP5. Ce mod\u00e8le en \u00e9dition limit\u00e9e se distingue par sa haute qualit\u00e9 et sa construction r\u00e9aliste, marquant une avanc\u00e9e majeure dans les r\u00e9pliques d'airsoft des fabricants chinois. Chaque r\u00e9plique poss\u00e8de un num\u00e9ro de s\u00e9rie unique, ce qui en fait un objet de collection. D\u00e9couvrez notre gamme d'<a href=\"https:\/\/ak47.nu\/fr\/butik\/\">autres pistolets airsoft CYMA<\/a> pour trouver votre match parfait. Visitez notre cat\u00e9gorie <a href=\"https:\/\/ak47.nu\/fr\/airsoft\/\">Fusils Airsoft<\/a> pour plus d'options, et ne manquez pas nos derni\u00e8res offres sur <a href=\"https:\/\/ak47.nu\/fr\/\">notre site web<\/a>.<\/p>\n\n<h3>Qualit\u00e9 de Construction et Mat\u00e9riaux Exceptionnels<\/h3>\n<p>Le CM.041 surprend par sa qualit\u00e9 de construction exceptionnelle. Les parties sup\u00e9rieure et inf\u00e9rieure du corps s'embo\u00eetent parfaitement sans aucun jeu. Les mat\u00e9riaux utilis\u00e9s sont de la plus haute qualit\u00e9 : m\u00e9tal pour le corps et nylon durable pour la crosse et le r\u00e9cepteur inf\u00e9rieur - le m\u00eame mat\u00e9riau utilis\u00e9 dans les vraies armes \u00e0 feu. Cela conf\u00e8re \u00e0 la r\u00e9plique une sensation authentique et une durabilit\u00e9 \u00e0 long terme.<\/p>\n\n<h3>Bo\u00eete de Vitesses Renforc\u00e9e et Composants Internes<\/h3>\n<ul>\n <li>Bo\u00eete de vitesses renforc\u00e9e ver.2<\/li>\n <li>Engrenages en acier mont\u00e9s sur des roulements renforc\u00e9s de 7 mm<\/li>\n <li>Guide de ressort en m\u00e9tal avec roulement (compatible v.3) pour une fonction de ressort fluide<\/li>\n <li>Ressort de 120 m\/s fournissant environ 400 FPS<\/li>\n <li>Piston en polym\u00e8re avec dents en m\u00e9tal<\/li>\n <li>Cylindre de type \"1\" recouvert de nickel noir sur un substrat de cuivre pour une surface optimale<\/li>\n <li>Ensemble de t\u00eate de piston et de cylindre silencieux en aluminium avec anodisation bleue et t\u00eates de piston \u00e9quip\u00e9es de roulements<\/li>\n <\/ul>\n\n<h3>Moteur Haute Performance et Compatibilit\u00e9<\/h3>\n<p>Le moteur puissant avec un couple accru et des aimants en n\u00e9odyme assure des performances fiables. Le fonctionnement de la bo\u00eete de vitesses impressionnera l'utilisateur. De plus, le mod\u00e8le est enti\u00e8rement compatible avec les pi\u00e8ces et accessoires d'autres fabricants, offrant de grandes opportunit\u00e9s de personnalisation et de mises \u00e0 niveau.<\/p>\n\n<h3>Accessoires Inclus<\/h3>\n<p>L'ensemble comprend tout ce dont vous avez besoin pour d\u00e9marrer imm\u00e9diatement :<\/p>\n<ul>\n <li>R\u00e9plique CM.041 SD6<\/li>\n <li>Batterie Mini 8.4V 1200mAh<\/li>\n <li>Chargeur<\/li>\n <li>Chargeur Hi-cap pour 200 BBs<\/li>\n<\/ul>","protected":false},"excerpt":{"rendered":"<p>CYMA CM.041Blure \u00c9dition Limit\u00e9e MP5 R\u00e9plique Airsoft R\u00e9plique Airsoft MP5 de Haute Qualit\u00e9 par CYMA Le CYMA CM.041 SD6 est une r\u00e9plique impressionnante, une copie exacte du l\u00e9gendaire fusil MP5. Ce mod\u00e8le en \u00e9dition limit\u00e9e se distingue par sa haute qualit\u00e9 et sa construction r\u00e9aliste, marquant une avanc\u00e9e majeure dans les r\u00e9pliques d&#8217;airsoft des fabricants [&#8230;]","protected":false},"featured_media":20999,"template":"","meta":[],"product_brand":[],"product_cat":[402],"product_tag":[],"class_list":{"0":"post-21007","1":"product","2":"type-product","3":"status-publish","4":"has-post-thumbnail","6":"product_cat-kulsprutor","7":"pa_brand-cyma","9":"first","10":"outofstock","11":"sale","12":"taxable","13":"shipping-taxable","14":"purchasable","15":"product-type-simple"},"_links":{"self":[{"href":"https:\/\/ak47.nu\/fr\/wp-json\/wp\/v2\/product\/21007","targetHints":{"allow":["GET"]}}],"collection":[{"href":"https:\/\/ak47.nu\/fr\/wp-json\/wp\/v2\/product"}],"about":[{"href":"https:\/\/ak47.nu\/fr\/wp-json\/wp\/v2\/types\/product"}],"wp:featuredmedia":[{"embeddable":true,"href":"https:\/\/ak47.nu\/fr\/wp-json\/wp\/v2\/media\/20999"}],"wp:attachment":[{"href":"https:\/\/ak47.nu\/fr\/wp-json\/wp\/v2\/media?parent=21007"}],"wp:term":[{"taxonomy":"product_brand","embeddable":true,"href":"https:\/\/ak47.nu\/fr\/wp-json\/wp\/v2\/product_brand?post=21007"},{"taxonomy":"product_cat","embeddable":true,"href":"https:\/\/ak47.nu\/fr\/wp-json\/wp\/v2\/product_cat?post=21007"},{"taxonomy":"product_tag","embeddable":true,"href":"https:\/\/ak47.nu\/fr\/wp-json\/wp\/v2\/product_tag?post=21007"}],"curies":[{"name":"wp","href":"https:\/\/api.w.org\/{rel}","templated":true}]}}