{"id":21040,"date":"2022-05-07T11:48:56","date_gmt":"2022-05-07T09:48:56","guid":{"rendered":"https:\/\/ak47.nu\/produkt\/well-smg-r-4-6mm-full-auto-electric-power-airsoft\/"},"modified":"2025-12-03T20:05:53","modified_gmt":"2025-12-03T19:05:53","slug":"well-smg-r-4-6mm-full-auto-electrique-airsoft","status":"publish","type":"product","link":"https:\/\/ak47.nu\/fr\/produit\/airsoft\/el-drivna\/kulsprutor\/well-smg-r-4-6mm-full-auto-electrique-airsoft\/","title":{"rendered":"WELL SMG R-4 6mm Full Auto \u00c9lectrique Airsoft"},"content":{"rendered":"<h1>WELL - SMG R-4 6mm Full Auto \u00c9lectrique Airsoft<\/h1>\n<h2>R\u00e9plique R4 de Haute Qualit\u00e9 pour les Engagements CQB<\/h2>\n<p>Le R4-M est une nouvelle version, principalement en m\u00e9tal, de la r\u00e9plique de mitraillette bien connue. Gr\u00e2ce aux mat\u00e9riaux utilis\u00e9s, la r\u00e9plique est lourde et solide. L'ensemble du corps avec la poign\u00e9e pistolet, les barres de crosse, les rails RIS et les petits \u00e9l\u00e9ments comme le cache-flamme, les op\u00e9rateurs et les organes de vis\u00e9e sont en m\u00e9tal. D'autres \u00e9l\u00e9ments comme la plaque de couche, la poign\u00e9e verticale avant et le chargeur sont en polym\u00e8re.<\/p>\n<h3>Conception Compacte et Polyvalence<\/h3>\n<p>La r\u00e9plique est dot\u00e9e d'une poign\u00e9e avant rabattable et de rails de montage RIS, permettant l'installation de divers accessoires suppl\u00e9mentaires. L'un des avantages de la r\u00e9plique est sans aucun doute sa taille compacte - avec la crosse repli\u00e9e, elle mesure un peu plus de 360 mm de long. Cela fait du R4 une arme parfaite pour les engagements CQB et une bonne arme de poing avec une puissance de feu int\u00e9ressante. Trouvez des <a href=\"https:\/\/ak47.nu\/fr\/butik\/\">accessoires airsoft<\/a> correspondants dans notre gamme.<\/p>\n<h3>Bo\u00eete de vitesses AEP et Alimentation \u00c9lectrique<\/h3>\n<p>La r\u00e9plique est aliment\u00e9e par une bo\u00eete de vitesses AEP standard, bien connue des autres r\u00e9pliques du m\u00eame fabricant, la R4 SMG. Le R4 est aliment\u00e9 par un accumulateur stock\u00e9 au-dessus du canon et peut \u00eatre tir\u00e9 en modes de tir simple et enti\u00e8rement automatique. La r\u00e9plique est livr\u00e9e avec un chargeur basse capacit\u00e9 en polym\u00e8re d'une capacit\u00e9 de 30 billes. Explorez notre s\u00e9lection de <a href=\"https:\/\/ak47.nu\/fr\/airsoft\/\">SMG airsoft<\/a> d\u00e8s aujourd'hui !<\/p>\n<h3>L'ensemble comprend :<\/h3>\n<ul>\n <li>R\u00e9plique<\/li>\n <li>Chargeur<\/li>\n <li>Accumulateur<\/li>\n <li>Chargeur d'accumulateur (standard europ\u00e9en)<\/li>\n <li>Manuel d'utilisation<\/li>\n<\/ul>\n<h3>Sp\u00e9cifications techniques :<\/h3>\n<ul>\n <li>Nom : R4 (Version M\u00e9tal)<\/li>\n <li>Fabricant : Well<\/li>\n <li>Garantie : 12 mois<\/li>\n <li>V\u00e9locit\u00e9 : ~180 FPS<\/li>\n <li>Propulsion \/ Aliment\u00e9 par : \u00c9lectrique<\/li>\n <li>Version de la bo\u00eete de vitesses : Bo\u00eete de vitesses sp\u00e9ciale<\/li>\n <li>Type de tir : Simple, auto<\/li>\n <li>Fabriqu\u00e9 en : M\u00e9tal + plastique<\/li>\n <li>Longueur : 590\/360 mm<\/li>\n <li>Longueur du canon interne : 160 mm<\/li>\n <li>Poids : 2200 g<\/li>\n <li>Tension de la batterie : 7,2 V<\/li>\n <li>Capacit\u00e9 de la batterie : 450 mAh<\/li>\n <li>Batterie incluse : Ni-MH<\/li>\n <li>Type de chargeur : Chargeur basse capacit\u00e9<\/li>\n <li>Capacit\u00e9 du chargeur : 30 pi\u00e8ces<\/li>\n <li>Hop-Up : Oui, r\u00e9glable<\/li>\n <li>Blow Back : Non<\/li>\n<\/ul>\n<p>Visitez <a href=\"https:\/\/ak47.nu\/fr\/\">notre site web<\/a> pour plus de produits.<\/p>","protected":false},"excerpt":{"rendered":"<p>WELL &#8211; SMG R-4 6mm Full Auto \u00c9lectrique Airsoft R\u00e9plique R4 de Haute Qualit\u00e9 pour les Engagements CQB Le R4-M est une nouvelle version, principalement en m\u00e9tal, de la r\u00e9plique de mitraillette bien connue. Gr\u00e2ce aux mat\u00e9riaux utilis\u00e9s, la r\u00e9plique est lourde et solide. L&#8217;ensemble du corps avec la poign\u00e9e pistolet, les barres de crosse, [&#8230;]","protected":false},"featured_media":21035,"template":"","meta":[],"product_brand":[],"product_cat":[402],"product_tag":[],"class_list":{"0":"post-21040","1":"product","2":"type-product","3":"status-publish","4":"has-post-thumbnail","6":"product_cat-kulsprutor","7":"pa_brand-well","9":"first","10":"outofstock","11":"sale","12":"taxable","13":"shipping-taxable","14":"purchasable","15":"product-type-simple"},"_links":{"self":[{"href":"https:\/\/ak47.nu\/fr\/wp-json\/wp\/v2\/product\/21040","targetHints":{"allow":["GET"]}}],"collection":[{"href":"https:\/\/ak47.nu\/fr\/wp-json\/wp\/v2\/product"}],"about":[{"href":"https:\/\/ak47.nu\/fr\/wp-json\/wp\/v2\/types\/product"}],"wp:featuredmedia":[{"embeddable":true,"href":"https:\/\/ak47.nu\/fr\/wp-json\/wp\/v2\/media\/21035"}],"wp:attachment":[{"href":"https:\/\/ak47.nu\/fr\/wp-json\/wp\/v2\/media?parent=21040"}],"wp:term":[{"taxonomy":"product_brand","embeddable":true,"href":"https:\/\/ak47.nu\/fr\/wp-json\/wp\/v2\/product_brand?post=21040"},{"taxonomy":"product_cat","embeddable":true,"href":"https:\/\/ak47.nu\/fr\/wp-json\/wp\/v2\/product_cat?post=21040"},{"taxonomy":"product_tag","embeddable":true,"href":"https:\/\/ak47.nu\/fr\/wp-json\/wp\/v2\/product_tag?post=21040"}],"curies":[{"name":"wp","href":"https:\/\/api.w.org\/{rel}","templated":true}]}}