{"id":21107,"date":"2022-05-07T12:35:49","date_gmt":"2022-05-07T10:35:49","guid":{"rendered":"https:\/\/ak47.nu\/produkt\/original-glock-17-6mm-gas-magazine\/"},"modified":"2025-12-03T19:29:46","modified_gmt":"2025-12-03T18:29:46","slug":"chargeur-gaz-6mm-original-glock-17","status":"publish","type":"product","link":"https:\/\/ak47.nu\/fr\/produit\/tillbehor-2\/magasin\/chargeur-gaz-6mm-original-glock-17\/","title":{"rendered":"Chargeur Gaz 6mm Original GLOCK 17"},"content":{"rendered":"<h1>Chargeur Gaz 6mm Original GLOCK 17<\/h1>\n<h2>D\u00e9tails du chargeur Airsoft GLOCK 17<\/h2>\n<p>Chargeur CO2 original GLOCK 17 pour airsoft 6mm. Ce chargeur peut contenir 23 billes airsoft de 6mm et fonctionne au gaz vert.<\/p>\n<h3>Compatibilit\u00e9<\/h3>\n<ul>\n <li>Convient pour GLOCK 17 Gen4 2.6411<\/li>\n <li>Convient pour GLOCK 17 2.6412<\/li>\n<\/ul>\n<p>Am\u00e9liorez votre exp\u00e9rience d'airsoft avec ce chargeur fiable. Pour plus d'<a href=\"https:\/\/ak47.nu\/fr\/butik\/\">accessoires airsoft GLOCK<\/a>, visitez notre boutique. D\u00e9couvrez notre gamme de <a href=\"https:\/\/ak47.nu\/fr\/tillbehor-2\/magasin\/\">Chargeurs Airsoft<\/a>. Visitez <a href=\"https:\/\/ak47.nu\/fr\/\">notre site web<\/a> pour voir toute notre gamme de produits.<\/p>","protected":false},"excerpt":{"rendered":"<p>Chargeur Gaz 6mm Original GLOCK 17 D\u00e9tails du chargeur Airsoft GLOCK 17 Chargeur CO2 original GLOCK 17 pour airsoft 6mm. Ce chargeur peut contenir 23 billes airsoft de 6mm et fonctionne au gaz vert. Compatibilit\u00e9 Convient pour GLOCK 17 Gen4 2.6411 Convient pour GLOCK 17 2.6412 Am\u00e9liorez votre exp\u00e9rience d&#8217;airsoft avec ce chargeur fiable. Pour [&#8230;]","protected":false},"featured_media":21106,"template":"","meta":[],"product_brand":[],"product_cat":[464],"product_tag":[],"class_list":{"0":"post-21107","1":"product","2":"type-product","3":"status-publish","4":"has-post-thumbnail","6":"product_cat-magasin","7":"pa_brand-glock","9":"first","10":"outofstock","11":"sale","12":"taxable","13":"shipping-taxable","14":"purchasable","15":"product-type-simple"},"_links":{"self":[{"href":"https:\/\/ak47.nu\/fr\/wp-json\/wp\/v2\/product\/21107","targetHints":{"allow":["GET"]}}],"collection":[{"href":"https:\/\/ak47.nu\/fr\/wp-json\/wp\/v2\/product"}],"about":[{"href":"https:\/\/ak47.nu\/fr\/wp-json\/wp\/v2\/types\/product"}],"wp:featuredmedia":[{"embeddable":true,"href":"https:\/\/ak47.nu\/fr\/wp-json\/wp\/v2\/media\/21106"}],"wp:attachment":[{"href":"https:\/\/ak47.nu\/fr\/wp-json\/wp\/v2\/media?parent=21107"}],"wp:term":[{"taxonomy":"product_brand","embeddable":true,"href":"https:\/\/ak47.nu\/fr\/wp-json\/wp\/v2\/product_brand?post=21107"},{"taxonomy":"product_cat","embeddable":true,"href":"https:\/\/ak47.nu\/fr\/wp-json\/wp\/v2\/product_cat?post=21107"},{"taxonomy":"product_tag","embeddable":true,"href":"https:\/\/ak47.nu\/fr\/wp-json\/wp\/v2\/product_tag?post=21107"}],"curies":[{"name":"wp","href":"https:\/\/api.w.org\/{rel}","templated":true}]}}