{"id":21125,"date":"2022-05-07T12:36:12","date_gmt":"2022-05-07T10:36:12","guid":{"rendered":"https:\/\/ak47.nu\/produkt\/umarex-glock-17-airsoft-replica-spare-mag-gen5\/"},"modified":"2025-12-03T20:25:26","modified_gmt":"2025-12-03T19:25:26","slug":"umarex-glock-17-gen5-chargeur-airsoft-rechange","status":"publish","type":"product","link":"https:\/\/ak47.nu\/fr\/produit\/tillbehor-2\/magasin\/umarex-glock-17-gen5-chargeur-airsoft-rechange\/","title":{"rendered":"UMAREX GLOCK 17 Gen5 Chargeur Airsoft Rechange"},"content":{"rendered":"<h1>UMAREX - GLOCK 17 AIRSOFT REPLICA SPARE MAG - GEN5<\/h1>\n<h2>Chargeur de Rechange pour Pistolet GBB Glock 17 Gen.5 CO2<\/h2>\n<p>Ceci est un chargeur de rechange pour la r\u00e9plique de pistolet GBB Glock 17 Gen.5 CO2 (num\u00e9ro d'article : 2.6439) d'UMAREX. Si vous poss\u00e9dez une telle r\u00e9plique et que vous avez besoin d'un chargeur suppl\u00e9mentaire, c'est la solution id\u00e9ale. Avec un chargeur suppl\u00e9mentaire disponible, vous pouvez passer plus de temps \u00e0 vous concentrer sur votre jeu et moins de temps \u00e0 recharger. Visitez <a href=\"https:\/\/ak47.nu\/fr\/butik\/\">notre page airsoft<\/a> pour plus de produits airsoft.<\/p>\n<p>Le chargeur est con\u00e7u sp\u00e9cifiquement pour la r\u00e9plique de pistolet Glock 17 Gen.5 CO2, assurant un ajustement parfait et une fonction optimale. Avoir plus de chargeurs \u00e0 port\u00e9e de main est id\u00e9al pour les sessions d'airsoft plus longues ou les sc\u00e9narios o\u00f9 les changements de chargeur rapides sont cruciaux. Pour une plus large s\u00e9lection d'accessoires d'airsoft, consultez <a href=\"https:\/\/ak47.nu\/fr\/tillbehor-2\/magasin\/\">notre gamme airsoft<\/a>.<\/p>\n<p>Investissez dans un chargeur suppl\u00e9mentaire pour \u00eatre pr\u00eat \u00e0 toute situation sur le terrain d'airsoft. Vous pouvez trouver tous nos produits sur <a href=\"https:\/\/ak47.nu\/fr\/\">notre site web<\/a>.<\/p>\n<ul>\n <li><strong>Compatibilit\u00e9 :<\/strong> R\u00e9plique de pistolet GBB Glock 17 Gen.5 CO2 (num\u00e9ro d'article : 2.6439)<\/li>\n <li><strong>Type :<\/strong> Chargeur de rechange<\/li>\n<\/ul>","protected":false},"excerpt":{"rendered":"<p>UMAREX &#8211; GLOCK 17 AIRSOFT REPLICA SPARE MAG &#8211; GEN5 Chargeur de Rechange pour Pistolet GBB Glock 17 Gen.5 CO2 Ceci est un chargeur de rechange pour la r\u00e9plique de pistolet GBB Glock 17 Gen.5 CO2 (num\u00e9ro d&#8217;article : 2.6439) d&#8217;UMAREX. Si vous poss\u00e9dez une telle r\u00e9plique et que vous avez besoin d&#8217;un chargeur suppl\u00e9mentaire, [&#8230;]","protected":false},"featured_media":21121,"template":"","meta":[],"product_brand":[],"product_cat":[464],"product_tag":[],"class_list":{"0":"post-21125","1":"product","2":"type-product","3":"status-publish","4":"has-post-thumbnail","6":"product_cat-magasin","7":"pa_brand-umarex","9":"first","10":"outofstock","11":"sale","12":"taxable","13":"shipping-taxable","14":"purchasable","15":"product-type-simple"},"_links":{"self":[{"href":"https:\/\/ak47.nu\/fr\/wp-json\/wp\/v2\/product\/21125","targetHints":{"allow":["GET"]}}],"collection":[{"href":"https:\/\/ak47.nu\/fr\/wp-json\/wp\/v2\/product"}],"about":[{"href":"https:\/\/ak47.nu\/fr\/wp-json\/wp\/v2\/types\/product"}],"wp:featuredmedia":[{"embeddable":true,"href":"https:\/\/ak47.nu\/fr\/wp-json\/wp\/v2\/media\/21121"}],"wp:attachment":[{"href":"https:\/\/ak47.nu\/fr\/wp-json\/wp\/v2\/media?parent=21125"}],"wp:term":[{"taxonomy":"product_brand","embeddable":true,"href":"https:\/\/ak47.nu\/fr\/wp-json\/wp\/v2\/product_brand?post=21125"},{"taxonomy":"product_cat","embeddable":true,"href":"https:\/\/ak47.nu\/fr\/wp-json\/wp\/v2\/product_cat?post=21125"},{"taxonomy":"product_tag","embeddable":true,"href":"https:\/\/ak47.nu\/fr\/wp-json\/wp\/v2\/product_tag?post=21125"}],"curies":[{"name":"wp","href":"https:\/\/api.w.org\/{rel}","templated":true}]}}