{"id":21127,"date":"2022-05-07T12:36:16","date_gmt":"2022-05-07T10:36:16","guid":{"rendered":"https:\/\/ak47.nu\/produkt\/norica-n-a-c-1701-magasin-co2\/"},"modified":"2025-12-03T20:32:36","modified_gmt":"2025-12-03T19:32:36","slug":"norica-nac-1701-chargeur-co2","status":"publish","type":"product","link":"https:\/\/ak47.nu\/fr\/produit\/tillbehor-2\/magasin\/norica-nac-1701-chargeur-co2\/","title":{"rendered":"Norica N.A.C. 1701 Chargeur CO2 | 21 Billes"},"content":{"rendered":"<h1>Norica - N.A.C. 1701 Chargeur - CO2<\/h1>\n<h2>Chargeur pour Carabine CO2 N.A.C. 1701<\/h2>\n<p>Ce chargeur est sp\u00e9cialement con\u00e7u pour la carabine CO2 N.A.C. 1701. Avec une capacit\u00e9 de 21 billes, ce chargeur permet des s\u00e9ances de tir plus longues sans rechargement fr\u00e9quent. Parfait pour l'entra\u00eenement et le tir de loisir. S\u00e9curisez votre temps de tir avec ce chargeur fiable !<\/p>\n<h3>Caract\u00e9ristiques :<\/h3>\n<ul>\n <li><strong>Compatibilit\u00e9 :<\/strong> Con\u00e7u pour la carabine CO2 N.A.C. 1701.<\/li>\n <li><strong>Capacit\u00e9 :<\/strong> Contient 21 billes, r\u00e9duisant le besoin de recharger fr\u00e9quemment.<\/li>\n<\/ul>\n\n<p>Am\u00e9liorez votre exp\u00e9rience de tir avec ce chargeur. Trouvez des <a href=\"https:\/\/ak47.nu\/fr\/butik\/\">chargeurs similaires<\/a> et d'autres <a href=\"https:\/\/ak47.nu\/fr\/tillbehor-2\/magasin\/\">accessoires pour armes \u00e0 air comprim\u00e9<\/a> dans notre gamme. Visitez <a href=\"https:\/\/ak47.nu\/fr\/\">notre site web<\/a> pour voir toute la s\u00e9lection.<\/p>","protected":false},"excerpt":{"rendered":"<p>Uppt\u00e4ck Norica N.A.C. 1701 Magasin &#8211; CO2 f\u00f6r en enast\u00e5ende prestanda. Med denna h\u00f6gkvalitativa CO2-magasin fr\u00e5n Norica f\u00e5r du en p\u00e5litlig och kraftfull luftvapenupplevelse. Utforska v\u00e5rt sortiment och hitta det perfekta magasinet f\u00f6r dina behov. K\u00f6p Norica N.A.C. 1701 Magasin &#8211; CO2 nu f\u00f6r optimala resultat inom luftvapen.<\/p>","protected":false},"featured_media":21126,"template":"","meta":[],"product_brand":[],"product_cat":[464],"product_tag":[],"class_list":{"0":"post-21127","1":"product","2":"type-product","3":"status-publish","4":"has-post-thumbnail","6":"product_cat-magasin","7":"pa_brand-kwc","8":"pa_farg-svart","10":"first","11":"instock","12":"sale","13":"taxable","14":"shipping-taxable","15":"purchasable","16":"product-type-simple"},"_links":{"self":[{"href":"https:\/\/ak47.nu\/fr\/wp-json\/wp\/v2\/product\/21127","targetHints":{"allow":["GET"]}}],"collection":[{"href":"https:\/\/ak47.nu\/fr\/wp-json\/wp\/v2\/product"}],"about":[{"href":"https:\/\/ak47.nu\/fr\/wp-json\/wp\/v2\/types\/product"}],"wp:featuredmedia":[{"embeddable":true,"href":"https:\/\/ak47.nu\/fr\/wp-json\/wp\/v2\/media\/21126"}],"wp:attachment":[{"href":"https:\/\/ak47.nu\/fr\/wp-json\/wp\/v2\/media?parent=21127"}],"wp:term":[{"taxonomy":"product_brand","embeddable":true,"href":"https:\/\/ak47.nu\/fr\/wp-json\/wp\/v2\/product_brand?post=21127"},{"taxonomy":"product_cat","embeddable":true,"href":"https:\/\/ak47.nu\/fr\/wp-json\/wp\/v2\/product_cat?post=21127"},{"taxonomy":"product_tag","embeddable":true,"href":"https:\/\/ak47.nu\/fr\/wp-json\/wp\/v2\/product_tag?post=21127"}],"curies":[{"name":"wp","href":"https:\/\/api.w.org\/{rel}","templated":true}]}}