{"id":21137,"date":"2022-05-07T12:36:31","date_gmt":"2022-05-07T10:36:31","guid":{"rendered":"https:\/\/ak47.nu\/produkt\/original-gletcher-magasin-1-pce-clt-1911\/"},"modified":"2025-12-03T20:11:20","modified_gmt":"2025-12-03T19:11:20","slug":"chargeur-gletcher-clt-1911-1-piece","status":"publish","type":"product","link":"https:\/\/ak47.nu\/fr\/produit\/tillbehor-2\/magasin\/chargeur-gletcher-clt-1911-1-piece\/","title":{"rendered":"Chargeur Gletcher CLT 1911 - 1 pi\u00e8ce"},"content":{"rendered":"<h1>Chargeur d'origine Gletcher pour CLT 1911<\/h1>\n<h2>Chargeur pour Gletcher CLT 1911<\/h2>\n<p>Ce chargeur d'origine est sp\u00e9cialement con\u00e7u pour le Gletcher CLT 1911. L'emballage comprend un chargeur et une cl\u00e9 Allen. Assurez-vous d'acheter cet accessoire essentiel pour votre pistolet \u00e0 air comprim\u00e9.\nPour voir notre gamme d'autres produits, visitez notre <a href=\"https:\/\/ak47.nu\/fr\/butik\/\">boutique<\/a>. Vous pouvez \u00e9galement trouver plus de <a href=\"https:\/\/ak47.nu\/fr\/tillbehor-2\/magasin\/\">produits Gletcher<\/a> dans notre gamme. N'oubliez pas de consulter notre <a href=\"https:\/\/ak47.nu\/fr\/\">site web<\/a> pour les derni\u00e8res offres.<\/p>","protected":false},"excerpt":{"rendered":"<p>Chargeur d&#8217;origine Gletcher pour CLT 1911 Chargeur pour Gletcher CLT 1911 Ce chargeur d&#8217;origine est sp\u00e9cialement con\u00e7u pour le Gletcher CLT 1911. L&#8217;emballage comprend un chargeur et une cl\u00e9 Allen. Assurez-vous d&#8217;acheter cet accessoire essentiel pour votre pistolet \u00e0 air comprim\u00e9. Pour voir notre gamme d&#8217;autres produits, visitez notre boutique. Vous pouvez \u00e9galement trouver plus [&#8230;]","protected":false},"featured_media":21134,"template":"","meta":[],"product_brand":[],"product_cat":[464],"product_tag":[],"class_list":{"0":"post-21137","1":"product","2":"type-product","3":"status-publish","4":"has-post-thumbnail","6":"product_cat-magasin","7":"pa_brand-gletcher","9":"first","10":"outofstock","11":"sale","12":"taxable","13":"shipping-taxable","14":"purchasable","15":"product-type-simple"},"_links":{"self":[{"href":"https:\/\/ak47.nu\/fr\/wp-json\/wp\/v2\/product\/21137","targetHints":{"allow":["GET"]}}],"collection":[{"href":"https:\/\/ak47.nu\/fr\/wp-json\/wp\/v2\/product"}],"about":[{"href":"https:\/\/ak47.nu\/fr\/wp-json\/wp\/v2\/types\/product"}],"wp:featuredmedia":[{"embeddable":true,"href":"https:\/\/ak47.nu\/fr\/wp-json\/wp\/v2\/media\/21134"}],"wp:attachment":[{"href":"https:\/\/ak47.nu\/fr\/wp-json\/wp\/v2\/media?parent=21137"}],"wp:term":[{"taxonomy":"product_brand","embeddable":true,"href":"https:\/\/ak47.nu\/fr\/wp-json\/wp\/v2\/product_brand?post=21137"},{"taxonomy":"product_cat","embeddable":true,"href":"https:\/\/ak47.nu\/fr\/wp-json\/wp\/v2\/product_cat?post=21137"},{"taxonomy":"product_tag","embeddable":true,"href":"https:\/\/ak47.nu\/fr\/wp-json\/wp\/v2\/product_tag?post=21137"}],"curies":[{"name":"wp","href":"https:\/\/api.w.org\/{rel}","templated":true}]}}