{"id":21144,"date":"2022-05-07T12:36:35","date_gmt":"2022-05-07T10:36:35","guid":{"rendered":"https:\/\/ak47.nu\/produkt\/original-gletcher-magasin-1-pce-m1891-mosin-nagant\/"},"modified":"2025-12-03T20:11:25","modified_gmt":"2025-12-03T19:11:25","slug":"chargeur-gletcher-m1891-mosin-nagant","status":"publish","type":"product","link":"https:\/\/ak47.nu\/fr\/produit\/tillbehor-2\/magasin\/chargeur-gletcher-m1891-mosin-nagant\/","title":{"rendered":"Chargeur Gletcher M1891 Mosin-Nagant | GLETCHER"},"content":{"rendered":"<h1>Chargeur Gletcher Original - M1891 Mosin-Nagant<\/h1>\n<h2>Chargeur pour Gletcher M1891 Mosin-Nagant<\/h2>\n<p>Il s'agit d'un chargeur original con\u00e7u sp\u00e9cifiquement pour le Gletcher M1891 Mosin-Nagant. Parfait pour remplacer un chargeur perdu ou endommag\u00e9, ou simplement pour en avoir un de rechange \u00e0 port\u00e9e de main pendant l'utilisation. Le chargeur est fabriqu\u00e9 selon les m\u00eames normes \u00e9lev\u00e9es que les pi\u00e8ces d'origine, garantissant un fonctionnement sans probl\u00e8me et une fiabilit\u00e9.<\/p>\n<h3>Cl\u00e9 hexagonale int\u00e9gr\u00e9e<\/h3>\n<p>Une caract\u00e9ristique unique de ce chargeur est la cl\u00e9 hexagonale int\u00e9gr\u00e9e. Cet outil pratique est int\u00e9gr\u00e9 directement dans le chargeur, ce qui facilite les r\u00e9glages et l'entretien de votre Gletcher M1891 Mosin-Nagant directement sur place. Vous n'avez plus besoin de chercher des outils s\u00e9par\u00e9s.<\/p>\n<ul>\n  <li>Chargeur pour Gletcher M1891 Mosin-Nagant<\/li>\n  <li>Cl\u00e9 hexagonale int\u00e9gr\u00e9e<\/li>\n  <li>Vendu en paquet de 1 pi\u00e8ce<\/li>\n<\/ul>\n<p>Assurez-vous d'avoir toujours un <a href=\"https:\/\/ak47.nu\/fr\/butik\/\">chargeur Gletcher M1891 Mosin-Nagant<\/a> suppl\u00e9mentaire \u00e0 port\u00e9e de main. Visitez notre cat\u00e9gorie <a href=\"https:\/\/ak47.nu\/fr\/tillbehor-2\/magasin\/\">Pi\u00e8ces d\u00e9tach\u00e9es Gletcher<\/a> pour plus d'accessoires. <a href=\"https:\/\/ak47.nu\/fr\/\">Achetez maintenant<\/a> !<\/p>","protected":false},"excerpt":{"rendered":"<p>Chargeur Gletcher Original &#8211; M1891 Mosin-Nagant Chargeur pour Gletcher M1891 Mosin-Nagant Il s&#8217;agit d&#8217;un chargeur original con\u00e7u sp\u00e9cifiquement pour le Gletcher M1891 Mosin-Nagant. Parfait pour remplacer un chargeur perdu ou endommag\u00e9, ou simplement pour en avoir un de rechange \u00e0 port\u00e9e de main pendant l&#8217;utilisation. Le chargeur est fabriqu\u00e9 selon les m\u00eames normes \u00e9lev\u00e9es que [&#8230;]","protected":false},"featured_media":21138,"template":"","meta":[],"product_brand":[],"product_cat":[464],"product_tag":[],"class_list":{"0":"post-21144","1":"product","2":"type-product","3":"status-publish","4":"has-post-thumbnail","6":"product_cat-magasin","7":"pa_brand-gletcher","9":"first","10":"outofstock","11":"sale","12":"taxable","13":"shipping-taxable","14":"purchasable","15":"product-type-simple"},"_links":{"self":[{"href":"https:\/\/ak47.nu\/fr\/wp-json\/wp\/v2\/product\/21144","targetHints":{"allow":["GET"]}}],"collection":[{"href":"https:\/\/ak47.nu\/fr\/wp-json\/wp\/v2\/product"}],"about":[{"href":"https:\/\/ak47.nu\/fr\/wp-json\/wp\/v2\/types\/product"}],"wp:featuredmedia":[{"embeddable":true,"href":"https:\/\/ak47.nu\/fr\/wp-json\/wp\/v2\/media\/21138"}],"wp:attachment":[{"href":"https:\/\/ak47.nu\/fr\/wp-json\/wp\/v2\/media?parent=21144"}],"wp:term":[{"taxonomy":"product_brand","embeddable":true,"href":"https:\/\/ak47.nu\/fr\/wp-json\/wp\/v2\/product_brand?post=21144"},{"taxonomy":"product_cat","embeddable":true,"href":"https:\/\/ak47.nu\/fr\/wp-json\/wp\/v2\/product_cat?post=21144"},{"taxonomy":"product_tag","embeddable":true,"href":"https:\/\/ak47.nu\/fr\/wp-json\/wp\/v2\/product_tag?post=21144"}],"curies":[{"name":"wp","href":"https:\/\/api.w.org\/{rel}","templated":true}]}}