{"id":21147,"date":"2022-05-07T12:36:39","date_gmt":"2022-05-07T10:36:39","guid":{"rendered":"https:\/\/ak47.nu\/produkt\/original-glock-17-6mm-magazine\/"},"modified":"2025-12-03T19:29:40","modified_gmt":"2025-12-03T18:29:40","slug":"chargeur-glock-17-6mm-original","status":"publish","type":"product","link":"https:\/\/ak47.nu\/fr\/produit\/tillbehor-2\/magasin\/chargeur-glock-17-6mm-original\/","title":{"rendered":"Chargeur GLOCK 17 6mm Original | GLOCK"},"content":{"rendered":"<h1>Chargeur GLOCK 17 6mm Original<\/h1>\n<h2>Chargeur GLOCK 17 pour Airsoft 6mm<\/h2>\n<p>Il s'agit d'un chargeur CO2 GLOCK 17 original con\u00e7u pour les pistolets airsoft de 6 mm. Le chargeur contient 25 billes et 1 cartouche de CO2. Parfait pour maintenir votre pistolet airsoft GLOCK 17 en parfait \u00e9tat. Compatible avec les mod\u00e8les GLOCK 17 2.6414 et GLOCK 17 Gen4 2.6415.<\/p>\n<p><strong>Important :<\/strong> N'utilisez PAS ce chargeur avec les GLOCK 2.6412 et 2.6413, car cela pourrait causer des dommages. Assurez-vous d'utiliser le chargeur appropri\u00e9 pour votre mod\u00e8le sp\u00e9cifique afin d'\u00e9viter tout probl\u00e8me. Trouvez <a href=\"https:\/\/ak47.nu\/fr\/butik\/\">d'autres chargeurs ici<\/a>.<\/p>\n<h3>Caract\u00e9ristiques principales :<\/h3>\n<ul>\n <li><strong>Capacit\u00e9 :<\/strong> Contient 25 billes airsoft de 6 mm.<\/li>\n <li><strong>CO2 :<\/strong> Aliment\u00e9 par une cartouche de CO2 standard.<\/li>\n <li><strong>Compatibilit\u00e9 :<\/strong> Sp\u00e9cialement con\u00e7u pour les GLOCK 17 2.6414 et GLOCK 17 Gen4 2.6415.<\/li>\n <li><strong>Avertissement :<\/strong> Non compatible avec les GLOCK 2.6412 et 2.6413.<\/li>\n<\/ul>\n<p>Pour vous assurer d'avoir toujours acc\u00e8s \u00e0 des accessoires fiables et de haute qualit\u00e9, choisissez les chargeurs GLOCK originaux. Ce chargeur offre des performances optimales et une longue dur\u00e9e de vie \u00e0 votre pistolet airsoft. Consultez notre <a href=\"https:\/\/ak47.nu\/fr\/tillbehor-2\/magasin\/\">gamme d'accessoires airsoft<\/a> pour trouver tout ce dont vous avez besoin. Visitez notre <a href=\"https:\/\/ak47.nu\/fr\/\">site web<\/a> pour plus d'informations et d'autres produits.<\/p>","protected":false},"excerpt":{"rendered":"<p>K\u00f6p Original GLOCK 17 6mm Magazine online &#8211; B\u00e4sta priser och snabb leverans. H\u00e5ll din airsoft pistol ig\u00e5ng med detta h\u00f6gkvalitativa magasin. Perfekt f\u00f6r tr\u00e4ning och t\u00e4vlingar. Best\u00e4ll nu!<\/p>","protected":false},"featured_media":21146,"template":"","meta":[],"product_brand":[],"product_cat":[464],"product_tag":[],"class_list":{"0":"post-21147","1":"product","2":"type-product","3":"status-publish","4":"has-post-thumbnail","6":"product_cat-magasin","7":"pa_brand-glock","8":"pa_farg-svart","10":"first","11":"instock","12":"sale","13":"taxable","14":"shipping-taxable","15":"purchasable","16":"product-type-simple"},"_links":{"self":[{"href":"https:\/\/ak47.nu\/fr\/wp-json\/wp\/v2\/product\/21147","targetHints":{"allow":["GET"]}}],"collection":[{"href":"https:\/\/ak47.nu\/fr\/wp-json\/wp\/v2\/product"}],"about":[{"href":"https:\/\/ak47.nu\/fr\/wp-json\/wp\/v2\/types\/product"}],"wp:featuredmedia":[{"embeddable":true,"href":"https:\/\/ak47.nu\/fr\/wp-json\/wp\/v2\/media\/21146"}],"wp:attachment":[{"href":"https:\/\/ak47.nu\/fr\/wp-json\/wp\/v2\/media?parent=21147"}],"wp:term":[{"taxonomy":"product_brand","embeddable":true,"href":"https:\/\/ak47.nu\/fr\/wp-json\/wp\/v2\/product_brand?post=21147"},{"taxonomy":"product_cat","embeddable":true,"href":"https:\/\/ak47.nu\/fr\/wp-json\/wp\/v2\/product_cat?post=21147"},{"taxonomy":"product_tag","embeddable":true,"href":"https:\/\/ak47.nu\/fr\/wp-json\/wp\/v2\/product_tag?post=21147"}],"curies":[{"name":"wp","href":"https:\/\/api.w.org\/{rel}","templated":true}]}}