{"id":21182,"date":"2022-05-07T12:37:04","date_gmt":"2022-05-07T10:37:04","guid":{"rendered":"https:\/\/ak47.nu\/produkt\/ggh-0303-magazine-for-st8-usp-stti-replica-6mm-green-gas\/"},"modified":"2025-12-03T20:09:11","modified_gmt":"2025-12-03T19:09:11","slug":"stti-ggh-0303-chargeur-pour-replique-st8-usp","status":"publish","type":"product","link":"https:\/\/ak47.nu\/fr\/produit\/tillbehor-2\/magasin\/stti-ggh-0303-chargeur-pour-replique-st8-usp\/","title":{"rendered":"STTI GGH-0303 Chargeur pour R\u00e9plique ST8 USP"},"content":{"rendered":"<h1>STTI GGH-0303 Chargeur pour R\u00e9plique ST8 USP<\/h1>\n<h2>Chargeur Gaz Vert pour R\u00e9plique STTI<\/h2>\n<p>Ce chargeur est con\u00e7u pour s'adapter \u00e0 la r\u00e9plique GGH-0303 ST8 USP de STTI. Le chargeur est destin\u00e9 \u00e0 \u00eatre utilis\u00e9 avec du gaz vert. Num\u00e9ro de pi\u00e8ce : GGH-0303M.<\/p>\n<ul>\n <li>Convient \u00e0 la r\u00e9plique GGH-0303 ST8 USP<\/li>\n <li>Aliment\u00e9 par du gaz vert<\/li>\n <li>Num\u00e9ro de pi\u00e8ce : GGH-0303M<\/li>\n<\/ul>\n<p>Am\u00e9liorez votre r\u00e9plique avec ce <a href=\"https:\/\/ak47.nu\/fr\/butik\/\">chargeur STTI<\/a> pour une exp\u00e9rience de jeu am\u00e9lior\u00e9e. Consultez notre large gamme d'<a href=\"https:\/\/ak47.nu\/fr\/tillbehor-2\/magasin\/\">accessoires d'airsoft<\/a> pour optimiser votre \u00e9quipement. Visitez <a href=\"https:\/\/ak47.nu\/fr\/\">notre page d'accueil<\/a> pour d\u00e9couvrir les derniers produits et offres.<\/p>","protected":false},"excerpt":{"rendered":"<p>STTI GGH-0303 Chargeur pour R\u00e9plique ST8 USP Chargeur Gaz Vert pour R\u00e9plique STTI Ce chargeur est con\u00e7u pour s&#8217;adapter \u00e0 la r\u00e9plique GGH-0303 ST8 USP de STTI. Le chargeur est destin\u00e9 \u00e0 \u00eatre utilis\u00e9 avec du gaz vert. Num\u00e9ro de pi\u00e8ce : GGH-0303M. Convient \u00e0 la r\u00e9plique GGH-0303 ST8 USP Aliment\u00e9 par du gaz vert [&#8230;]","protected":false},"featured_media":21178,"template":"","meta":[],"product_brand":[],"product_cat":[464],"product_tag":[],"class_list":{"0":"post-21182","1":"product","2":"type-product","3":"status-publish","4":"has-post-thumbnail","6":"product_cat-magasin","7":"pa_brand-stti","9":"first","10":"outofstock","11":"sale","12":"taxable","13":"shipping-taxable","14":"purchasable","15":"product-type-simple"},"_links":{"self":[{"href":"https:\/\/ak47.nu\/fr\/wp-json\/wp\/v2\/product\/21182","targetHints":{"allow":["GET"]}}],"collection":[{"href":"https:\/\/ak47.nu\/fr\/wp-json\/wp\/v2\/product"}],"about":[{"href":"https:\/\/ak47.nu\/fr\/wp-json\/wp\/v2\/types\/product"}],"wp:featuredmedia":[{"embeddable":true,"href":"https:\/\/ak47.nu\/fr\/wp-json\/wp\/v2\/media\/21178"}],"wp:attachment":[{"href":"https:\/\/ak47.nu\/fr\/wp-json\/wp\/v2\/media?parent=21182"}],"wp:term":[{"taxonomy":"product_brand","embeddable":true,"href":"https:\/\/ak47.nu\/fr\/wp-json\/wp\/v2\/product_brand?post=21182"},{"taxonomy":"product_cat","embeddable":true,"href":"https:\/\/ak47.nu\/fr\/wp-json\/wp\/v2\/product_cat?post=21182"},{"taxonomy":"product_tag","embeddable":true,"href":"https:\/\/ak47.nu\/fr\/wp-json\/wp\/v2\/product_tag?post=21182"}],"curies":[{"name":"wp","href":"https:\/\/api.w.org\/{rel}","templated":true}]}}