{"id":21188,"date":"2022-05-07T12:37:07","date_gmt":"2022-05-07T10:37:07","guid":{"rendered":"https:\/\/ak47.nu\/produkt\/airsoft-swiss-arms-sas-12-extra-mag\/"},"modified":"2025-08-21T10:47:22","modified_gmt":"2025-08-21T08:47:22","slug":"airsoft-swiss-arms-sas-12-chargeur-supplementaire","status":"publish","type":"product","link":"https:\/\/ak47.nu\/fr\/produit\/tillbehor-2\/magasin\/airsoft-swiss-arms-sas-12-chargeur-supplementaire\/","title":{"rendered":"Airsoft Swiss Arms SAS 12 Chargeur Suppl\u00e9mentaire"},"content":{"rendered":"<h1>Airsoft Swiss Arms SAS 12 Chargeur Suppl\u00e9mentaire<\/h1>\n<h2>Chargeur Suppl\u00e9mentaire pour Votre Airsoft SAS 12<\/h2>\n<p>Il s'agit d'un chargeur suppl\u00e9mentaire con\u00e7u sp\u00e9cifiquement pour le fusil airsoft Swiss Arms SAS 12. Avec un chargeur suppl\u00e9mentaire \u00e0 port\u00e9e de main, vous pouvez passer plus de temps \u00e0 jouer et moins de temps \u00e0 recharger. Parfait pour les longues sessions de jeu ou les batailles d'airsoft intenses. Restez pr\u00eat et pr\u00e9par\u00e9 avec cet accessoire essentiel.<\/p>\n<p>Assurez-vous d'avoir toujours suffisamment de munitions disponibles. Ce chargeur suppl\u00e9mentaire est unMust pour les passionn\u00e9s d'airsoft s\u00e9rieux. Compatible avec <a href=\"https:\/\/ak47.nu\/fr\/butik\/\">Swiss Arms SAS 12<\/a>. Explorez notre large gamme d'<a href=\"https:\/\/ak47.nu\/fr\/tillbehor-2\/magasin\/\">accessoires d'airsoft<\/a> et assurez-vous d'avoir tout ce dont vous avez besoin pour une exp\u00e9rience de jeu r\u00e9ussie.<\/p>\n<p>Visitez <a href=\"https:\/\/ak47.nu\/fr\/\">notre page d'accueil<\/a> pour d\u00e9couvrir les derniers produits et offres en mati\u00e8re d'airsoft.<\/p>","protected":false},"excerpt":{"rendered":"<p>Airsoft Swiss Arms SAS 12 Chargeur Suppl\u00e9mentaire Chargeur Suppl\u00e9mentaire pour Votre Airsoft SAS 12 Il s&#8217;agit d&#8217;un chargeur suppl\u00e9mentaire con\u00e7u sp\u00e9cifiquement pour le fusil airsoft Swiss Arms SAS 12. Avec un chargeur suppl\u00e9mentaire \u00e0 port\u00e9e de main, vous pouvez passer plus de temps \u00e0 jouer et moins de temps \u00e0 recharger. Parfait pour les longues [&#8230;]","protected":false},"featured_media":21187,"template":"","meta":[],"product_brand":[],"product_cat":[464,450],"product_tag":[],"class_list":{"0":"post-21188","1":"product","2":"type-product","3":"status-publish","4":"has-post-thumbnail","6":"product_cat-magasin","7":"product_cat-tillbehor-2","8":"pa_brand-swiss-arms","10":"first","11":"instock","12":"sale","13":"taxable","14":"shipping-taxable","15":"purchasable","16":"product-type-simple"},"_links":{"self":[{"href":"https:\/\/ak47.nu\/fr\/wp-json\/wp\/v2\/product\/21188","targetHints":{"allow":["GET"]}}],"collection":[{"href":"https:\/\/ak47.nu\/fr\/wp-json\/wp\/v2\/product"}],"about":[{"href":"https:\/\/ak47.nu\/fr\/wp-json\/wp\/v2\/types\/product"}],"wp:featuredmedia":[{"embeddable":true,"href":"https:\/\/ak47.nu\/fr\/wp-json\/wp\/v2\/media\/21187"}],"wp:attachment":[{"href":"https:\/\/ak47.nu\/fr\/wp-json\/wp\/v2\/media?parent=21188"}],"wp:term":[{"taxonomy":"product_brand","embeddable":true,"href":"https:\/\/ak47.nu\/fr\/wp-json\/wp\/v2\/product_brand?post=21188"},{"taxonomy":"product_cat","embeddable":true,"href":"https:\/\/ak47.nu\/fr\/wp-json\/wp\/v2\/product_cat?post=21188"},{"taxonomy":"product_tag","embeddable":true,"href":"https:\/\/ak47.nu\/fr\/wp-json\/wp\/v2\/product_tag?post=21188"}],"curies":[{"name":"wp","href":"https:\/\/api.w.org\/{rel}","templated":true}]}}