{"id":21220,"date":"2022-05-07T12:37:27","date_gmt":"2022-05-07T10:37:27","guid":{"rendered":"https:\/\/ak47.nu\/produkt\/ggh-9502-magazine-for-beretta-stti-replica-6mm-green-gas\/"},"modified":"2026-04-01T22:37:41","modified_gmt":"2026-04-01T20:37:41","slug":"chargeur-ggh-9502-replique-beretta-stti","status":"publish","type":"product","link":"https:\/\/ak47.nu\/fr\/produit\/tillbehor-2\/magasin\/chargeur-ggh-9502-replique-beretta-stti\/","title":{"rendered":"Chargeur GGH-9502 pour R\u00e9plique Beretta STTI"},"content":{"rendered":"<h1>Chargeur GGH-9502 pour R\u00e9plique Beretta STTI<\/h1>\n<h2>Un chargeur fiable pour votre r\u00e9plique Beretta STTI<\/h2>\n<p>Ce <b>chargeur GGH-9502<\/b> est sp\u00e9cialement con\u00e7u pour s'adapter \u00e0 la r\u00e9plique Beretta STTI (6mm) et fonctionne au green gaz. Avec le num\u00e9ro de pi\u00e8ce GGH-9502M, vous pouvez \u00eatre s\u00fbr d'obtenir le chargeur appropri\u00e9 pour votre pistolet airsoft.<\/p>\n\n<h3>Fonctionnalit\u00e9s et avantages<\/h3>\n<p>Le chargeur est con\u00e7u pour fournir une alimentation en gaz fluide et fiable, contribuant \u00e0 une performance constante lors de l'utilisation. En choisissant ce chargeur, vous vous assurez que votre r\u00e9plique Beretta STTI fonctionne de mani\u00e8re optimale sur le terrain d'airsoft.<\/p>\n\n<ul>\n  <li>S'adapte parfaitement \u00e0 la r\u00e9plique Beretta GGH-9502 de STTI<\/li>\n  <li>Aliment\u00e9 au green gaz pour une performance fiable<\/li>\n  <li>Num\u00e9ro de pi\u00e8ce : GGH-9502M<\/li>\n<\/ul>\n\n<p>Vous recherchez d'autres <a href=\"https:\/\/ak47.nu\/fr\/butik\/\">chargeurs airsoft<\/a> ou peut-\u00eatre un nouveau <a href=\"https:\/\/ak47.nu\/fr\/tillbehor-2\/magasin\/\">pistolet airsoft<\/a> ? Explorez notre large gamme pour trouver ce dont vous avez besoin. Nous avons \u00e9galement une large s\u00e9lection d'<a href=\"https:\/\/ak47.nu\/fr\/\">accessoires airsoft<\/a> pour tous vos besoins.<\/p>","protected":false},"excerpt":{"rendered":"<p>Chargeur GGH-9502 pour R\u00e9plique Beretta STTI Un chargeur fiable pour votre r\u00e9plique Beretta STTI Ce chargeur GGH-9502 est sp\u00e9cialement con\u00e7u pour s&#8217;adapter \u00e0 la r\u00e9plique Beretta STTI (6mm) et fonctionne au green gaz. Avec le num\u00e9ro de pi\u00e8ce GGH-9502M, vous pouvez \u00eatre s\u00fbr d&#8217;obtenir le chargeur appropri\u00e9 pour votre pistolet airsoft. Fonctionnalit\u00e9s et avantages Le [&#8230;]","protected":false},"featured_media":21214,"template":"","meta":[],"product_brand":[],"product_cat":[464],"product_tag":[],"class_list":{"0":"post-21220","1":"product","2":"type-product","3":"status-publish","4":"has-post-thumbnail","6":"product_cat-magasin","7":"pa_brand-stti","9":"first","10":"outofstock","11":"sale","12":"taxable","13":"shipping-taxable","14":"purchasable","15":"product-type-simple"},"_links":{"self":[{"href":"https:\/\/ak47.nu\/fr\/wp-json\/wp\/v2\/product\/21220","targetHints":{"allow":["GET"]}}],"collection":[{"href":"https:\/\/ak47.nu\/fr\/wp-json\/wp\/v2\/product"}],"about":[{"href":"https:\/\/ak47.nu\/fr\/wp-json\/wp\/v2\/types\/product"}],"wp:featuredmedia":[{"embeddable":true,"href":"https:\/\/ak47.nu\/fr\/wp-json\/wp\/v2\/media\/21214"}],"wp:attachment":[{"href":"https:\/\/ak47.nu\/fr\/wp-json\/wp\/v2\/media?parent=21220"}],"wp:term":[{"taxonomy":"product_brand","embeddable":true,"href":"https:\/\/ak47.nu\/fr\/wp-json\/wp\/v2\/product_brand?post=21220"},{"taxonomy":"product_cat","embeddable":true,"href":"https:\/\/ak47.nu\/fr\/wp-json\/wp\/v2\/product_cat?post=21220"},{"taxonomy":"product_tag","embeddable":true,"href":"https:\/\/ak47.nu\/fr\/wp-json\/wp\/v2\/product_tag?post=21220"}],"curies":[{"name":"wp","href":"https:\/\/api.w.org\/{rel}","templated":true}]}}