{"id":21229,"date":"2022-05-07T12:37:33","date_gmt":"2022-05-07T10:37:33","guid":{"rendered":"https:\/\/ak47.nu\/produkt\/original-gletcher-magasin-1-pce-pma-6mm-airsoft\/"},"modified":"2025-08-21T10:46:57","modified_gmt":"2025-08-21T08:46:57","slug":"chargeur-gletcher-pma-airsoft-6mm","status":"publish","type":"product","link":"https:\/\/ak47.nu\/fr\/produit\/tillbehor-2\/magasin\/chargeur-gletcher-pma-airsoft-6mm\/","title":{"rendered":"Chargeur Gletcher PMA - Airsoft 6mm | GLETCHER"},"content":{"rendered":"<h1>Chargeur Gletcher PMA - Airsoft 6mm<\/h1>\n<h2>Chargeur pour Gletcher PMA airsoft 6mm<\/h2>\n<p>Ce chargeur est sp\u00e9cialement con\u00e7u pour les pistolets airsoft Gletcher PMA 6mm. Il est parfait pour ceux qui ont besoin d'un chargeur suppl\u00e9mentaire ou qui souhaitent remplacer un chargeur perdu ou endommag\u00e9. Le chargeur assure une alimentation fluide des billes airsoft 6mm, offrant une exp\u00e9rience de tir r\u00e9aliste et fiable. Compl\u00e9tez votre \u00e9quipement d'airsoft avec cet accessoire essentiel.<\/p>\n<h3>Inclus dans l'emballage :<\/h3>\n<ul>\n <li>1 pc Chargeur Gletcher PMA<\/li>\n <li>Cl\u00e9 Allen pour l'entretien et le r\u00e9glage<\/li>\n<\/ul>\n<p>Avec ce chargeur, vous pouvez rapidement et facilement changer de chargeur pendant les parties d'airsoft, vous donnant un avantage sur vos adversaires. La cl\u00e9 Allen incluse facilite l'entretien et le r\u00e9glage du chargeur pour des performances optimales. Assurez-vous d'\u00eatre toujours pr\u00eat avec ce chargeur fiable. D\u00e9couvrez notre large gamme d'<a href=\"https:\/\/ak47.nu\/fr\/butik\/\">accessoires airsoft<\/a> pour compl\u00e9ter davantage votre \u00e9quipement.<\/p>\n<p>Visitez notre <a href=\"https:\/\/ak47.nu\/fr\/tillbehor-2\/magasin\/\">cat\u00e9gorie Chargeurs Airsoft<\/a> pour trouver plus d'options et d'accessoires adapt\u00e9s \u00e0 vos besoins. Pour plus d'informations sur nos produits et offres, visitez notre <a href=\"https:\/\/ak47.nu\/fr\/\">page d'accueil<\/a>.<\/p>","protected":false},"excerpt":{"rendered":"<p>Chargeur Gletcher PMA &#8211; Airsoft 6mm Chargeur pour Gletcher PMA airsoft 6mm Ce chargeur est sp\u00e9cialement con\u00e7u pour les pistolets airsoft Gletcher PMA 6mm. Il est parfait pour ceux qui ont besoin d&#8217;un chargeur suppl\u00e9mentaire ou qui souhaitent remplacer un chargeur perdu ou endommag\u00e9. Le chargeur assure une alimentation fluide des billes airsoft 6mm, offrant [&#8230;]","protected":false},"featured_media":21221,"template":"","meta":[],"product_brand":[],"product_cat":[464,450],"product_tag":[],"class_list":{"0":"post-21229","1":"product","2":"type-product","3":"status-publish","4":"has-post-thumbnail","6":"product_cat-magasin","7":"product_cat-tillbehor-2","8":"pa_brand-gletcher","9":"pa_farg-svart","11":"first","12":"instock","13":"sale","14":"taxable","15":"shipping-taxable","16":"purchasable","17":"product-type-simple"},"_links":{"self":[{"href":"https:\/\/ak47.nu\/fr\/wp-json\/wp\/v2\/product\/21229","targetHints":{"allow":["GET"]}}],"collection":[{"href":"https:\/\/ak47.nu\/fr\/wp-json\/wp\/v2\/product"}],"about":[{"href":"https:\/\/ak47.nu\/fr\/wp-json\/wp\/v2\/types\/product"}],"wp:featuredmedia":[{"embeddable":true,"href":"https:\/\/ak47.nu\/fr\/wp-json\/wp\/v2\/media\/21221"}],"wp:attachment":[{"href":"https:\/\/ak47.nu\/fr\/wp-json\/wp\/v2\/media?parent=21229"}],"wp:term":[{"taxonomy":"product_brand","embeddable":true,"href":"https:\/\/ak47.nu\/fr\/wp-json\/wp\/v2\/product_brand?post=21229"},{"taxonomy":"product_cat","embeddable":true,"href":"https:\/\/ak47.nu\/fr\/wp-json\/wp\/v2\/product_cat?post=21229"},{"taxonomy":"product_tag","embeddable":true,"href":"https:\/\/ak47.nu\/fr\/wp-json\/wp\/v2\/product_tag?post=21229"}],"curies":[{"name":"wp","href":"https:\/\/api.w.org\/{rel}","templated":true}]}}