{"id":21240,"date":"2022-05-07T12:37:37","date_gmt":"2022-05-07T10:37:37","guid":{"rendered":"https:\/\/ak47.nu\/produkt\/original-gletcher-magasin-1-pce-brt-84-cst-304-gl-w3000-45mm-airgun\/"},"modified":"2025-08-21T10:46:51","modified_gmt":"2025-08-21T08:46:51","slug":"chargeur-gletcher-brt-84-cst-304-gl-w3000","status":"publish","type":"product","link":"https:\/\/ak47.nu\/fr\/produit\/tillbehor-2\/magasin\/chargeur-gletcher-brt-84-cst-304-gl-w3000\/","title":{"rendered":"Chargeur Gletcher - BRT 84 \/ CST 304 \/ GL W3000"},"content":{"rendered":"<h1>Chargeur d'origine Gletcher - BRT 84 \/ CST 304 \/ GL W3000<\/h1>\n<h2>Chargeur pour pistolets \u00e0 air Gletcher<\/h2>\n<p>Ce chargeur Gletcher d'origine est con\u00e7u pour s'adapter aux mod\u00e8les de pistolets \u00e0 air BRT 84, CST 304 et GL W3000 de 4,5 mm. Id\u00e9al pour recharger rapidement et facilement votre pistolet \u00e0 air pendant son utilisation. Vendu \u00e0 l'unit\u00e9.<\/p>\n<p>Avez-vous besoin de <a href=\"https:\/\/ak47.nu\/fr\/butik\/\">plus d'accessoires pour votre pistolet \u00e0 air Gletcher<\/a> ? D\u00e9couvrez notre gamme d'<a href=\"https:\/\/ak47.nu\/fr\/tillbehor-2\/magasin\/\">accessoires pour pistolets \u00e0 air<\/a> pour trouver tout ce dont vous avez besoin. Pour voir toute notre s\u00e9lection, visitez <a href=\"https:\/\/ak47.nu\/fr\/\">notre site web<\/a>.<\/p>","protected":false},"excerpt":{"rendered":"<p>Chargeur d&#8217;origine Gletcher &#8211; BRT 84 \/ CST 304 \/ GL W3000 Chargeur pour pistolets \u00e0 air Gletcher Ce chargeur Gletcher d&#8217;origine est con\u00e7u pour s&#8217;adapter aux mod\u00e8les de pistolets \u00e0 air BRT 84, CST 304 et GL W3000 de 4,5 mm. Id\u00e9al pour recharger rapidement et facilement votre pistolet \u00e0 air pendant son utilisation. [&#8230;]","protected":false},"featured_media":21239,"template":"","meta":[],"product_brand":[],"product_cat":[464,450],"product_tag":[],"class_list":{"0":"post-21240","1":"product","2":"type-product","3":"status-publish","4":"has-post-thumbnail","6":"product_cat-magasin","7":"product_cat-tillbehor-2","8":"pa_brand-gletcher","9":"pa_farg-svart","11":"first","12":"instock","13":"sale","14":"taxable","15":"shipping-taxable","16":"purchasable","17":"product-type-simple"},"_links":{"self":[{"href":"https:\/\/ak47.nu\/fr\/wp-json\/wp\/v2\/product\/21240","targetHints":{"allow":["GET"]}}],"collection":[{"href":"https:\/\/ak47.nu\/fr\/wp-json\/wp\/v2\/product"}],"about":[{"href":"https:\/\/ak47.nu\/fr\/wp-json\/wp\/v2\/types\/product"}],"wp:featuredmedia":[{"embeddable":true,"href":"https:\/\/ak47.nu\/fr\/wp-json\/wp\/v2\/media\/21239"}],"wp:attachment":[{"href":"https:\/\/ak47.nu\/fr\/wp-json\/wp\/v2\/media?parent=21240"}],"wp:term":[{"taxonomy":"product_brand","embeddable":true,"href":"https:\/\/ak47.nu\/fr\/wp-json\/wp\/v2\/product_brand?post=21240"},{"taxonomy":"product_cat","embeddable":true,"href":"https:\/\/ak47.nu\/fr\/wp-json\/wp\/v2\/product_cat?post=21240"},{"taxonomy":"product_tag","embeddable":true,"href":"https:\/\/ak47.nu\/fr\/wp-json\/wp\/v2\/product_tag?post=21240"}],"curies":[{"name":"wp","href":"https:\/\/api.w.org\/{rel}","templated":true}]}}