{"id":21247,"date":"2022-05-07T12:37:42","date_gmt":"2022-05-07T10:37:42","guid":{"rendered":"https:\/\/ak47.nu\/produkt\/original-gletcher-magasin-1-pce-1911-a-6mm-airsoft\/"},"modified":"2025-12-03T20:25:26","modified_gmt":"2025-12-03T19:25:26","slug":"chargeur-gletcher-1911-a-6mm-airsoft","status":"publish","type":"product","link":"https:\/\/ak47.nu\/fr\/produit\/tillbehor-2\/magasin\/chargeur-gletcher-1911-a-6mm-airsoft\/","title":{"rendered":"Chargeur Gletcher 1911-A - 6mm Airsoft"},"content":{"rendered":"<h1>Chargeur Gletcher 1911-A - 6mm Airsoft<\/h1>\n<h2>Chargeur pour Pistolet Airsoft Gletcher 1911-A<\/h2>\n<p>Ce chargeur est sp\u00e9cialement con\u00e7u pour le pistolet airsoft Gletcher 1911-A 6mm. Parfait pour ceux qui ont besoin d'un chargeur suppl\u00e9mentaire ou qui souhaitent remplacer un chargeur perdu ou endommag\u00e9.<\/p>\n<h3>Caract\u00e9ristiques et Avantages<\/h3>\n<ul>\n  <li><strong>Compatibilit\u00e9 :<\/strong> Sp\u00e9cifiquement con\u00e7u pour le pistolet airsoft Gletcher 1911-A 6mm.<\/li>\n  <li><strong>Inclus dans l'emballage :<\/strong> Vendu en paquet de 1 chargeur, qui comprend une cl\u00e9 hexagonale pour l'entretien et les ajustements.<\/li>\n  <li><strong>Chargeur suppl\u00e9mentaire :<\/strong> Parfait pour changer rapidement de chargeur pendant les matchs d'airsoft ou les s\u00e9ances d'entra\u00eenement.<\/li>\n<\/ul>\n<p>Avec ce chargeur, vous pouvez passer plus de temps \u00e0 jouer et moins de temps \u00e0 recharger. Compl\u00e9tez votre <a href=\"https:\/\/ak47.nu\/fr\/butik\/\">\u00e9quipement d'airsoft<\/a> avec cet accessoire essentiel. Visitez notre <a href=\"https:\/\/ak47.nu\/fr\/tillbehor-2\/magasin\/\">cat\u00e9gorie de chargeurs d'airsoft<\/a> pour voir plus d'options. Pour plus d'informations sur notre gamme de produits, visitez <a href=\"https:\/\/ak47.nu\/fr\/\">notre site web<\/a>.<\/p>","protected":false},"excerpt":{"rendered":"<p>Chargeur Gletcher 1911-A &#8211; 6mm Airsoft Chargeur pour Pistolet Airsoft Gletcher 1911-A Ce chargeur est sp\u00e9cialement con\u00e7u pour le pistolet airsoft Gletcher 1911-A 6mm. Parfait pour ceux qui ont besoin d&#8217;un chargeur suppl\u00e9mentaire ou qui souhaitent remplacer un chargeur perdu ou endommag\u00e9. Caract\u00e9ristiques et Avantages Compatibilit\u00e9 : Sp\u00e9cifiquement con\u00e7u pour le pistolet airsoft Gletcher 1911-A [&#8230;]","protected":false},"featured_media":21244,"template":"","meta":[],"product_brand":[],"product_cat":[464],"product_tag":[],"class_list":{"0":"post-21247","1":"product","2":"type-product","3":"status-publish","4":"has-post-thumbnail","6":"product_cat-magasin","7":"pa_brand-gletcher","8":"pa_farg-svart","10":"first","11":"outofstock","12":"sale","13":"taxable","14":"shipping-taxable","15":"purchasable","16":"product-type-simple"},"_links":{"self":[{"href":"https:\/\/ak47.nu\/fr\/wp-json\/wp\/v2\/product\/21247","targetHints":{"allow":["GET"]}}],"collection":[{"href":"https:\/\/ak47.nu\/fr\/wp-json\/wp\/v2\/product"}],"about":[{"href":"https:\/\/ak47.nu\/fr\/wp-json\/wp\/v2\/types\/product"}],"wp:featuredmedia":[{"embeddable":true,"href":"https:\/\/ak47.nu\/fr\/wp-json\/wp\/v2\/media\/21244"}],"wp:attachment":[{"href":"https:\/\/ak47.nu\/fr\/wp-json\/wp\/v2\/media?parent=21247"}],"wp:term":[{"taxonomy":"product_brand","embeddable":true,"href":"https:\/\/ak47.nu\/fr\/wp-json\/wp\/v2\/product_brand?post=21247"},{"taxonomy":"product_cat","embeddable":true,"href":"https:\/\/ak47.nu\/fr\/wp-json\/wp\/v2\/product_cat?post=21247"},{"taxonomy":"product_tag","embeddable":true,"href":"https:\/\/ak47.nu\/fr\/wp-json\/wp\/v2\/product_tag?post=21247"}],"curies":[{"name":"wp","href":"https:\/\/api.w.org\/{rel}","templated":true}]}}