{"id":21252,"date":"2022-05-07T12:37:46","date_gmt":"2022-05-07T10:37:46","guid":{"rendered":"https:\/\/ak47.nu\/produkt\/colt-junior-magasin-7bbs-airsoft-cybergun-185176-6mm\/"},"modified":"2025-08-21T10:46:41","modified_gmt":"2025-08-21T08:46:41","slug":"chargeur-airsoft-colt-junior-7bbs-6mm","status":"publish","type":"product","link":"https:\/\/ak47.nu\/fr\/produit\/tillbehor-2\/magasin\/chargeur-airsoft-colt-junior-7bbs-6mm\/","title":{"rendered":"Chargeur Airsoft Colt Junior 7BBS - 6mm | Cybergun"},"content":{"rendered":"<h1>Chargeur Airsoft Colt Junior 7BBS - Cybergun - 185176 - 6MM<\/h1>\n<h2>\u00c0 propos de Colt et de son h\u00e9ritage<\/h2>\n<p>En 1832, Samuel Colt, \u00e0 seulement 18 ans, commen\u00e7a \u00e0 d\u00e9velopper un m\u00e9canisme r\u00e9volutionnaire qui allait changer l'histoire des armes \u00e0 feu : le revolver. Cette innovation repr\u00e9sentait la synth\u00e8se parfaite des armes \u00e0 poivre et des armes \u00e0 silex rotatives, qui \u00e9taient \u00e0 l'\u00e9poque les seules armes \u00e0 feu \u00e0 r\u00e9p\u00e9tition. L'arme de Colt a surpass\u00e9 toutes les autres en termes de fiabilit\u00e9 et de vitesse, dominant rapidement le march\u00e9 en quelques d\u00e9cennies. D\u00e9couvrez d'autres <a href=\"https:\/\/ak47.nu\/fr\/butik\/\">produits Colt ici<\/a>.<\/p>\n<p>En 1836, Colt breveta le Paterson, le premier d'une longue s\u00e9rie de revolvers \u00e0 succ\u00e8s, dont le Colt Walker, le Colt 1848 Dragoon, le Colt Model 1851 Navy, le Colt Model 1860 Army et le l\u00e9gendaire Colt Model 1873 Single Action Army, \u00e9galement connu sous le nom de \"the Peacemaker\".<\/p>\n<p>M\u00eame apr\u00e8s la mort du fondateur en 1862, Colt Firearms Company a continu\u00e9 d'innover et n'a cess\u00e9 de fasciner les civils, les forces de police et les forces militaires du monde entier. Leur gamme comprend des armes bien connues telles que le Colt 1911, le Colt Python et les embl\u00e9matiques fusils M16 et leurs d\u00e9riv\u00e9s. Consultez notre large s\u00e9lection d'<a href=\"https:\/\/ak47.nu\/fr\/tillbehor-2\/magasin\/\">accessoires Airsoft<\/a>.<\/p>\n<h2>Caract\u00e9ristiques du chargeur Airsoft Colt Junior 7BBS<\/h2>\n<p>Ce chargeur de qualit\u00e9 de Cybergun est compatible avec les mod\u00e8les 180593 et 180592.  Visitez <a href=\"https:\/\/ak47.nu\/fr\/\">notre site web<\/a> pour voir toute notre gamme.<\/p>\n<h3>Sp\u00e9cifications :<\/h3>\n<ul>\n <li><strong>Compatible AirGun :<\/strong> Non<\/li>\n <li><strong>Compatible AirSoft :<\/strong> Oui<\/li>\n <li><strong>Marque :<\/strong> Colt<\/li>\n <li><strong>Couleur :<\/strong> Argent<\/li>\n <li><strong>Calibre :<\/strong> 6 mm<\/li>\n <li><strong>Propulsion :<\/strong> Gaz<\/li>\n <li><strong>Mat\u00e9riau :<\/strong> M\u00e9tal et plastique<\/li>\n <li><strong>BBs :<\/strong> Capacit\u00e9 7<\/li>\n<\/ul>","protected":false},"excerpt":{"rendered":"<p>K\u00f6p Colt Junior Magasin 7BBS f\u00f6r Airsoft fr\u00e5n Cybergun &#8211; Artikelnummer 185176 &#8211; 6MM. Hitta det b\u00e4sta urvalet av tillbeh\u00f6r och utrustning f\u00f6r airsoft hos oss. Best\u00e4ll nu och f\u00e5 snabb leverans!<\/p>","protected":false},"featured_media":21250,"template":"","meta":[],"product_brand":[],"product_cat":[464,450],"product_tag":[],"class_list":{"0":"post-21252","1":"product","2":"type-product","3":"status-publish","4":"has-post-thumbnail","6":"product_cat-magasin","7":"product_cat-tillbehor-2","8":"pa_brand-colt","10":"first","11":"outofstock","12":"sale","13":"taxable","14":"shipping-taxable","15":"purchasable","16":"product-type-simple"},"_links":{"self":[{"href":"https:\/\/ak47.nu\/fr\/wp-json\/wp\/v2\/product\/21252","targetHints":{"allow":["GET"]}}],"collection":[{"href":"https:\/\/ak47.nu\/fr\/wp-json\/wp\/v2\/product"}],"about":[{"href":"https:\/\/ak47.nu\/fr\/wp-json\/wp\/v2\/types\/product"}],"wp:featuredmedia":[{"embeddable":true,"href":"https:\/\/ak47.nu\/fr\/wp-json\/wp\/v2\/media\/21250"}],"wp:attachment":[{"href":"https:\/\/ak47.nu\/fr\/wp-json\/wp\/v2\/media?parent=21252"}],"wp:term":[{"taxonomy":"product_brand","embeddable":true,"href":"https:\/\/ak47.nu\/fr\/wp-json\/wp\/v2\/product_brand?post=21252"},{"taxonomy":"product_cat","embeddable":true,"href":"https:\/\/ak47.nu\/fr\/wp-json\/wp\/v2\/product_cat?post=21252"},{"taxonomy":"product_tag","embeddable":true,"href":"https:\/\/ak47.nu\/fr\/wp-json\/wp\/v2\/product_tag?post=21252"}],"curies":[{"name":"wp","href":"https:\/\/api.w.org\/{rel}","templated":true}]}}