{"id":21282,"date":"2022-05-07T12:37:59","date_gmt":"2022-05-07T10:37:59","guid":{"rendered":"https:\/\/ak47.nu\/produkt\/ggh-0401m-magazine-for-ggh-0401-src-replica-6mm-greengas\/"},"modified":"2025-08-21T10:46:24","modified_gmt":"2025-08-21T08:46:24","slug":"chargeur-ggh-0401m-pour-replique-src-ggh-0401","status":"publish","type":"product","link":"https:\/\/ak47.nu\/fr\/produit\/tillbehor-2\/magasin\/chargeur-ggh-0401m-pour-replique-src-ggh-0401\/","title":{"rendered":"Chargeur GGH-0401M pour R\u00e9plique SRC GGH-0401"},"content":{"rendered":"<h1>Chargeur GGH-0401M pour R\u00e9plique SRC GGH-0401<\/h1>\n\n<h2>Compatible avec la R\u00e9plique GGH-0401 de SRC<\/h2>\n<p>Ce chargeur est sp\u00e9cialement con\u00e7u pour s'adapter \u00e0 la r\u00e9plique GGH-0401 fabriqu\u00e9e par SRC. Gr\u00e2ce \u00e0 son ajustement pr\u00e9cis, le chargeur assure une alimentation fiable et fluide des billes pendant l'utilisation. Si vous poss\u00e9dez une GGH-0401 de SRC, ce chargeur est un choix id\u00e9al pour compl\u00e9ter votre \u00e9quipement. Pour trouver d'autres accessoires compatibles, visitez notre page <a href=\"https:\/\/ak47.nu\/fr\/tillbehor-2\/magasin\/\">accessoires airsoft<\/a>.<\/p>\n\n<h2>Capacit\u00e9 et Utilisation<\/h2>\n<p>Le chargeur est destin\u00e9 aux billes de 6 mm et a une capacit\u00e9 de 7 billes. Cela le rend appropri\u00e9 pour les sc\u00e9narios o\u00f9 vous voulez un chargeur plus l\u00e9ger ou o\u00f9 les r\u00e8gles limitent la capacit\u00e9 du chargeur. \u00c9quipez-vous de ce <a href=\"https:\/\/ak47.nu\/fr\/butik\/\">chargeur airsoft<\/a> et soyez pr\u00eat.<\/p>\n\n<h3>Principales Caract\u00e9ristiques :<\/h3>\n<ul>\n    <li>Compatible avec la r\u00e9plique GGH-0401 de SRC<\/li>\n    <li>Capacit\u00e9 : 7 billes<\/li>\n    <li>Con\u00e7u pour les billes de 6 mm<\/li>\n    <li>Fabriqu\u00e9 par SRC<\/li>\n<\/ul>\n\n<p>Num\u00e9ro de pi\u00e8ce : GGH-0401M. Pour voir notre gamme compl\u00e8te, visitez <a href=\"https:\/\/ak47.nu\/fr\/\">notre site web<\/a>.<\/p>","protected":false},"excerpt":{"rendered":"<p>Chargeur GGH-0401M pour R\u00e9plique SRC GGH-0401 Compatible avec la R\u00e9plique GGH-0401 de SRC Ce chargeur est sp\u00e9cialement con\u00e7u pour s&#8217;adapter \u00e0 la r\u00e9plique GGH-0401 fabriqu\u00e9e par SRC. Gr\u00e2ce \u00e0 son ajustement pr\u00e9cis, le chargeur assure une alimentation fiable et fluide des billes pendant l&#8217;utilisation. Si vous poss\u00e9dez une GGH-0401 de SRC, ce chargeur est un [&#8230;]","protected":false},"featured_media":21278,"template":"","meta":[],"product_brand":[],"product_cat":[464,450],"product_tag":[],"class_list":{"0":"post-21282","1":"product","2":"type-product","3":"status-publish","4":"has-post-thumbnail","6":"product_cat-magasin","7":"product_cat-tillbehor-2","8":"pa_brand-src","10":"first","11":"instock","12":"sale","13":"taxable","14":"shipping-taxable","15":"purchasable","16":"product-type-simple"},"_links":{"self":[{"href":"https:\/\/ak47.nu\/fr\/wp-json\/wp\/v2\/product\/21282","targetHints":{"allow":["GET"]}}],"collection":[{"href":"https:\/\/ak47.nu\/fr\/wp-json\/wp\/v2\/product"}],"about":[{"href":"https:\/\/ak47.nu\/fr\/wp-json\/wp\/v2\/types\/product"}],"wp:featuredmedia":[{"embeddable":true,"href":"https:\/\/ak47.nu\/fr\/wp-json\/wp\/v2\/media\/21278"}],"wp:attachment":[{"href":"https:\/\/ak47.nu\/fr\/wp-json\/wp\/v2\/media?parent=21282"}],"wp:term":[{"taxonomy":"product_brand","embeddable":true,"href":"https:\/\/ak47.nu\/fr\/wp-json\/wp\/v2\/product_brand?post=21282"},{"taxonomy":"product_cat","embeddable":true,"href":"https:\/\/ak47.nu\/fr\/wp-json\/wp\/v2\/product_cat?post=21282"},{"taxonomy":"product_tag","embeddable":true,"href":"https:\/\/ak47.nu\/fr\/wp-json\/wp\/v2\/product_tag?post=21282"}],"curies":[{"name":"wp","href":"https:\/\/api.w.org\/{rel}","templated":true}]}}