{"id":21301,"date":"2022-05-07T12:38:08","date_gmt":"2022-05-07T10:38:08","guid":{"rendered":"https:\/\/ak47.nu\/produkt\/original-gletcher-magasin-1-pce-pm\/"},"modified":"2025-08-21T10:46:12","modified_gmt":"2025-08-21T08:46:12","slug":"chargeur-gletcher-pm-1-pc","status":"publish","type":"product","link":"https:\/\/ak47.nu\/fr\/produit\/tillbehor-2\/magasin\/chargeur-gletcher-pm-1-pc\/","title":{"rendered":"Chargeur Gletcher PM - 1 pc | GLETCHER"},"content":{"rendered":"<h1>Chargeur Gletcher Original - PM<\/h1>\n\n<h2>Chargeur pour Gletcher PM<\/h2>\n<p>Ce chargeur Gletcher original est sp\u00e9cialement con\u00e7u pour le pistolet \u00e0 air Gletcher PM. Il est parfait pour recharger votre arme rapidement et facilement, minimisant ainsi les interruptions pendant votre s\u00e9ance de tir. Chaque emballage comprend un chargeur et une cl\u00e9 Allen pour l'entretien et les ajustements. Am\u00e9liorez votre exp\u00e9rience de tir avec ce chargeur fiable.<\/p>\n\n<h3>Caract\u00e9ristiques et avantages:<\/h3>\n<ul>\n <li><strong>Compatibilit\u00e9 :<\/strong> Fabriqu\u00e9 avec pr\u00e9cision pour le pistolet \u00e0 air Gletcher PM, assurant un fonctionnement impeccable.<\/li>\n <li><strong>Rechargement rapide :<\/strong> R\u00e9duit le temps de rechargement, vous permettant de vous concentrer davantage sur votre tir.<\/li>\n <li><strong>Paquet complet :<\/strong> Chaque paquet comprend un chargeur et une cl\u00e9 Allen.<\/li>\n<\/ul>\n\n<p>Investissez dans ce chargeur de haute qualit\u00e9 pour assurer une performance et une fiabilit\u00e9 optimales de votre pistolet \u00e0 air Gletcher PM. Ne manquez pas votre cible - <a href=\"https:\/\/ak47.nu\/fr\/butik\/\">Achetez votre chargeur suppl\u00e9mentaire d\u00e8s aujourd'hui<\/a> !<\/p>\n\n<p>Consultez notre gamme d'<a href=\"https:\/\/ak47.nu\/fr\/tillbehor-2\/magasin\/\">accessoires Gletcher PM<\/a> pour am\u00e9liorer davantage votre exp\u00e9rience de tir. Visitez <a href=\"https:\/\/ak47.nu\/fr\/\">notre site web<\/a> pour voir toute notre gamme.<\/p>","protected":false},"excerpt":{"rendered":"<p>Chargeur Gletcher Original &#8211; PM Chargeur pour Gletcher PM Ce chargeur Gletcher original est sp\u00e9cialement con\u00e7u pour le pistolet \u00e0 air Gletcher PM. Il est parfait pour recharger votre arme rapidement et facilement, minimisant ainsi les interruptions pendant votre s\u00e9ance de tir. Chaque emballage comprend un chargeur et une cl\u00e9 Allen pour l&#8217;entretien et les [&#8230;]","protected":false},"featured_media":21299,"template":"","meta":[],"product_brand":[],"product_cat":[464,450],"product_tag":[],"class_list":{"0":"post-21301","1":"product","2":"type-product","3":"status-publish","4":"has-post-thumbnail","6":"product_cat-magasin","7":"product_cat-tillbehor-2","8":"pa_brand-gletcher","10":"first","11":"instock","12":"sale","13":"taxable","14":"shipping-taxable","15":"purchasable","16":"product-type-simple"},"_links":{"self":[{"href":"https:\/\/ak47.nu\/fr\/wp-json\/wp\/v2\/product\/21301","targetHints":{"allow":["GET"]}}],"collection":[{"href":"https:\/\/ak47.nu\/fr\/wp-json\/wp\/v2\/product"}],"about":[{"href":"https:\/\/ak47.nu\/fr\/wp-json\/wp\/v2\/types\/product"}],"wp:featuredmedia":[{"embeddable":true,"href":"https:\/\/ak47.nu\/fr\/wp-json\/wp\/v2\/media\/21299"}],"wp:attachment":[{"href":"https:\/\/ak47.nu\/fr\/wp-json\/wp\/v2\/media?parent=21301"}],"wp:term":[{"taxonomy":"product_brand","embeddable":true,"href":"https:\/\/ak47.nu\/fr\/wp-json\/wp\/v2\/product_brand?post=21301"},{"taxonomy":"product_cat","embeddable":true,"href":"https:\/\/ak47.nu\/fr\/wp-json\/wp\/v2\/product_cat?post=21301"},{"taxonomy":"product_tag","embeddable":true,"href":"https:\/\/ak47.nu\/fr\/wp-json\/wp\/v2\/product_tag?post=21301"}],"curies":[{"name":"wp","href":"https:\/\/api.w.org\/{rel}","templated":true}]}}