{"id":35579,"date":"2022-05-23T10:54:35","date_gmt":"2022-05-23T08:54:35","guid":{"rendered":"https:\/\/ak47.nu\/produkt\/airgun-replica-of-ak101-45mm-gas-kalashnikov-128303\/"},"modified":"2025-12-03T20:32:49","modified_gmt":"2025-12-03T19:32:49","slug":"replique-airgun-ak101-4-5mm-kalachnikov","status":"publish","type":"product","link":"https:\/\/ak47.nu\/fr\/produit\/luftvapen\/co2-airguns\/automatkarbiner-co2-airguns\/replique-airgun-ak101-4-5mm-kalachnikov\/","title":{"rendered":"R\u00e9plique Airgun AK101 4,5mm - Kalachnikov"},"content":{"rendered":"<h1>R\u00e9plique Airgun AK101 4,5mm - Kalachnikov<\/h1>\n<h2>Kalachnikov AK101 : Une r\u00e9plique fiable pour les passionn\u00e9s<\/h2>\n<p>D\u00e9couvrez la l\u00e9gendaire s\u00e9rie AK avec cette r\u00e9plique d'airgun 4,5 mm de l'AK101 de Kalachnikov. Inspir\u00e9 par l'h\u00e9ritage de Mikha\u00efl Kalachnikov, ce fusil \u00e0 air comprim\u00e9 combine r\u00e9alisme et convivialit\u00e9.  \u00cates-vous un fan de la version 6 mm des r\u00e9pliques de Kalachnikov ? Alors vous allez adorer la version 4,5 mm !<\/p>\n<h3>Caract\u00e9ristiques et avantages<\/h3>\n<ul>\n <li><strong>Aliment\u00e9 au CO2 :<\/strong> Pour une source d'\u00e9nergie constante et fiable.<\/li>\n <li><strong>4,3 Joules :<\/strong> Offre une exp\u00e9rience de tir pr\u00e9cise.<\/li>\n <li><strong>Semi-automatique :<\/strong> Permet des tirs rapides et pr\u00e9cis.<\/li>\n <li><strong>Haut r\u00e9alisme :<\/strong> Fabriqu\u00e9 en m\u00e9tal et en polym\u00e8re pour une sensation authentique.<\/li>\n <li><strong>Facile \u00e0 utiliser et \u00e0 entretenir :<\/strong> Parfait pour les d\u00e9butants et les tireurs exp\u00e9riment\u00e9s.<\/li>\n<\/ul>\n<p>Cette r\u00e9plique d'AK101 est un mod\u00e8le non-blowback aliment\u00e9 au CO2 et d\u00e9livre une force de 4,3 joules. Il est \u00e0 la fois pr\u00e9cis et facile \u00e0 entretenir, ce qui en fait un excellent choix pour tous ceux qui recherchent une exp\u00e9rience de tir fiable et r\u00e9aliste. Avec les modes de tir s\u00fbr et semi-automatique, vous pouvez personnaliser le fusil en fonction de vos besoins.<\/p>\n<h3>Sp\u00e9cifications<\/h3>\n<ul>\n <li>Munitions : BB en acier<\/li>\n <li>Calibre : 4,5 mm<\/li>\n <li>Mat\u00e9riau : Polym\u00e8re, M\u00e9tal<\/li>\n <li>Poids : 3,15 kg<\/li>\n <li>Longueur de l'arme : 712 mm<\/li>\n <li>Puissance : 4,3 Joules<\/li>\n<\/ul>\n<p>Ce fusil \u00e0 air comprim\u00e9 offre une grande sensation et une exp\u00e9rience de tir engageante. Ne manquez pas la chance de poss\u00e9der un morceau de l'h\u00e9ritage l\u00e9gendaire de Kalachnikov. D\u00e9couvrez d\u00e8s aujourd'hui notre large s\u00e9lection de <a href=\"https:\/\/ak47.nu\/fr\/butik\/\">r\u00e9pliques authentiques de Kalachnikov<\/a> ! Pour plus d'options, consultez notre cat\u00e9gorie <a href=\"https:\/\/ak47.nu\/fr\/luftvapen\/co2-airguns\/automatkarbiner-co2-airguns\/\">fusils \u00e0 air comprim\u00e9<\/a> ou visitez notre <a href=\"https:\/\/ak47.nu\/fr\/\">page d'accueil<\/a> pour d\u00e9couvrir notre gamme compl\u00e8te.<\/p>","protected":false},"excerpt":{"rendered":"<p>K\u00f6p en h\u00f6gkvalitativ AK101 4,5mm gasluftgev\u00e4r &#8211; Kalashnikov &#8211; 128303. Perfekt replika av den ikoniska AK101-modellen.<\/p>","protected":false},"featured_media":35559,"template":"","meta":[],"product_brand":[],"product_cat":[434],"product_tag":[],"class_list":{"0":"post-35579","1":"product","2":"type-product","3":"status-publish","4":"has-post-thumbnail","6":"product_cat-automatkarbiner-co2-airguns","7":"pa_brand-kalashnikov","9":"first","10":"outofstock","11":"taxable","12":"shipping-taxable","13":"purchasable","14":"product-type-simple"},"_links":{"self":[{"href":"https:\/\/ak47.nu\/fr\/wp-json\/wp\/v2\/product\/35579","targetHints":{"allow":["GET"]}}],"collection":[{"href":"https:\/\/ak47.nu\/fr\/wp-json\/wp\/v2\/product"}],"about":[{"href":"https:\/\/ak47.nu\/fr\/wp-json\/wp\/v2\/types\/product"}],"wp:featuredmedia":[{"embeddable":true,"href":"https:\/\/ak47.nu\/fr\/wp-json\/wp\/v2\/media\/35559"}],"wp:attachment":[{"href":"https:\/\/ak47.nu\/fr\/wp-json\/wp\/v2\/media?parent=35579"}],"wp:term":[{"taxonomy":"product_brand","embeddable":true,"href":"https:\/\/ak47.nu\/fr\/wp-json\/wp\/v2\/product_brand?post=35579"},{"taxonomy":"product_cat","embeddable":true,"href":"https:\/\/ak47.nu\/fr\/wp-json\/wp\/v2\/product_cat?post=35579"},{"taxonomy":"product_tag","embeddable":true,"href":"https:\/\/ak47.nu\/fr\/wp-json\/wp\/v2\/product_tag?post=35579"}],"curies":[{"name":"wp","href":"https:\/\/api.w.org\/{rel}","templated":true}]}}