{"id":35736,"date":"2022-05-24T09:43:36","date_gmt":"2022-05-24T07:43:36","guid":{"rendered":"https:\/\/ak47.nu\/produkt\/airsoft-we-p-virus-pistol-replica-gbb\/"},"modified":"2025-12-03T20:32:53","modified_gmt":"2025-12-03T19:32:53","slug":"replique-airsoft-we-p-virus-pistolet-gbb","status":"publish","type":"product","link":"https:\/\/ak47.nu\/fr\/produit\/airsoft\/grongas\/pistoler-grongas\/replique-airsoft-we-p-virus-pistolet-gbb\/","title":{"rendered":"R\u00e9plique Airsoft WE Pistolet P-Virus GBB"},"content":{"rendered":"<h1>R\u00e9plique Airsoft WE Pistolet P-Virus GBB<\/h1>\n<h2>R\u00e9plique de Pistolet \u00e0 Gaz Blowback de Haute Qualit\u00e9<\/h2>\n<p>La r\u00e9plique de pistolet WE P-Virus b\u00e9n\u00e9ficie d'une construction presque enti\u00e8rement en m\u00e9tal, offrant un poids r\u00e9aliste et une durabilit\u00e9 exceptionnelle. Le cadre, la glissi\u00e8re, le canon externe, le chargeur et tous les manipulateurs sont fabriqu\u00e9s en m\u00e9tal. Les recouvrements de poign\u00e9e sont en polym\u00e8re, avec une surface textur\u00e9e et antid\u00e9rapante pour un confort accru et une prise en main s\u00fbre. La r\u00e9plique est parfaitement \u00e9quilibr\u00e9e, assurant une manipulation facile et un acc\u00e8s ais\u00e9 \u00e0 tous les s\u00e9lecteurs. Le loquet de culasse et le bouton de d\u00e9verrouillage du chargeur sont facilement actionnables avec le pouce. Une caract\u00e9ristique notable est la pr\u00e9sence d'un bouton de d\u00e9verrouillage de s\u00e9curit\u00e9 enti\u00e8rement fonctionnel et d'une d\u00e9tente \u00e0 double action.<\/p>\n<p>Le canon est filet\u00e9 avec un filetage \u00e0 droite de 14 mm, accueillant le cache-flamme en acier de type Strike. Un rail de montage RIS de 22 mm est situ\u00e9 sous le canon, permettant la fixation de divers accessoires tels que des pointeurs laser ou des lampes tactiques. Le r\u00e9glage du syst\u00e8me hop-up est situ\u00e9 directement sur la chambre et est accessible en retirant la glissi\u00e8re - aucun outil n'est n\u00e9cessaire, il suffit de tourner la potence de blocage.<\/p>\n<h3>Action de Recul R\u00e9aliste (Blowback)<\/h3>\n<p>\u00c9quip\u00e9 d'un syst\u00e8me de blowback, <a href=\"https:\/\/ak47.nu\/fr\/butik\/\">ce pistolet airsoft<\/a> simule une action r\u00e9aliste - la glissi\u00e8re recule apr\u00e8s chaque tir, se bloquant en arri\u00e8re lorsque le chargeur est vide. L'insertion d'un chargeur charg\u00e9 n\u00e9cessite de lib\u00e9rer le verrou de culasse, ce qui refl\u00e8te le fonctionnement d'une v\u00e9ritable arme \u00e0 feu. Cela am\u00e9liore l'exp\u00e9rience du tireur, ajoutant au r\u00e9alisme et au plaisir d'utiliser la r\u00e9plique. Le chargeur m\u00e9tallique allong\u00e9 contient 40 BBs.<\/p>\n<ul>\n <li>Calibre: 6mm<\/li>\n <li>Vitesse [FPS]: ~300<\/li>\n <li>Propulsion: Gaz - Green Gaz<\/li>\n <li>Mode de Tir: Simple<\/li>\n <li>Longueur [mm]: 240<\/li>\n <li>Type de Chargeur: Low-Cap<\/li>\n <li>Capacit\u00e9 du Chargeur: 40<\/li>\n <li>Hop-Up: Oui<\/li>\n <li>Blow Back: Oui<\/li>\n <li>Mat\u00e9riau: Plastique + M\u00e9tal<\/li>\n<\/ul>\n<p>L'ensemble comprend: la r\u00e9plique, le chargeur et le manuel. D\u00e9couvrez notre s\u00e9lection de <a href=\"https:\/\/ak47.nu\/fr\/airsoft\/\">pistolets airsoft<\/a> ou visitez notre <a href=\"https:\/\/ak47.nu\/fr\/\">page d'accueil<\/a> pour plus d'options.<\/p>","protected":false},"excerpt":{"rendered":"<p>R\u00e9plique Airsoft WE Pistolet P-Virus GBB R\u00e9plique de Pistolet \u00e0 Gaz Blowback de Haute Qualit\u00e9 La r\u00e9plique de pistolet WE P-Virus b\u00e9n\u00e9ficie d&#8217;une construction presque enti\u00e8rement en m\u00e9tal, offrant un poids r\u00e9aliste et une durabilit\u00e9 exceptionnelle. Le cadre, la glissi\u00e8re, le canon externe, le chargeur et tous les manipulateurs sont fabriqu\u00e9s en m\u00e9tal. Les recouvrements [&#8230;]","protected":false},"featured_media":35704,"template":"","meta":[],"product_brand":[],"product_cat":[411],"product_tag":[],"class_list":{"0":"post-35736","1":"product","2":"type-product","3":"status-publish","4":"has-post-thumbnail","6":"product_cat-pistoler-grongas","7":"pa_brand-we","9":"first","10":"instock","11":"sale","12":"taxable","13":"shipping-taxable","14":"purchasable","15":"product-type-simple"},"_links":{"self":[{"href":"https:\/\/ak47.nu\/fr\/wp-json\/wp\/v2\/product\/35736","targetHints":{"allow":["GET"]}}],"collection":[{"href":"https:\/\/ak47.nu\/fr\/wp-json\/wp\/v2\/product"}],"about":[{"href":"https:\/\/ak47.nu\/fr\/wp-json\/wp\/v2\/types\/product"}],"wp:featuredmedia":[{"embeddable":true,"href":"https:\/\/ak47.nu\/fr\/wp-json\/wp\/v2\/media\/35704"}],"wp:attachment":[{"href":"https:\/\/ak47.nu\/fr\/wp-json\/wp\/v2\/media?parent=35736"}],"wp:term":[{"taxonomy":"product_brand","embeddable":true,"href":"https:\/\/ak47.nu\/fr\/wp-json\/wp\/v2\/product_brand?post=35736"},{"taxonomy":"product_cat","embeddable":true,"href":"https:\/\/ak47.nu\/fr\/wp-json\/wp\/v2\/product_cat?post=35736"},{"taxonomy":"product_tag","embeddable":true,"href":"https:\/\/ak47.nu\/fr\/wp-json\/wp\/v2\/product_tag?post=35736"}],"curies":[{"name":"wp","href":"https:\/\/api.w.org\/{rel}","templated":true}]}}