{"id":35925,"date":"2022-05-31T15:50:40","date_gmt":"2022-05-31T13:50:40","guid":{"rendered":"https:\/\/ak47.nu\/produkt\/we-galaxy-pistol-replica-purple-gbb-6mm-airsoft\/"},"modified":"2025-08-21T10:43:55","modified_gmt":"2025-08-21T08:43:55","slug":"we-galaxy-replique-de-pistolet-violet-gbb-6mm-airsoft","status":"publish","type":"product","link":"https:\/\/ak47.nu\/fr\/produit\/airsoft\/grongas\/pistoler-grongas\/we-galaxy-replique-de-pistolet-violet-gbb-6mm-airsoft\/","title":{"rendered":"WE Galaxy R\u00e9plique de Pistolet - Violet Airsoft | WE"},"content":{"rendered":"<h1>WE Galaxy R\u00e9plique de Pistolet - Violet - Gbb - 6mm Airsoft<\/h1>\n<h2>R\u00e9plique Airsoft Polyvalente pour For\u00eat, CQB et Speedsoft<\/h2>\n<p>Cette r\u00e9plique remarquable du fabricant ta\u00efwanais WE est faite de m\u00e9tal et de polym\u00e8re de haute qualit\u00e9. Le WE Galaxy n'est pas une vraie arme \u00e0 feu, mais l'accent est mis sur une r\u00e9plique polyvalente adapt\u00e9e aux jeux de for\u00eat, CQB ou speedsoft.<\/p>\n<h3>Haute Pr\u00e9cision et Port\u00e9e<\/h3>\n<p>Le canon int\u00e9rieur fixe est plac\u00e9 dans le corps, qui sert \u00e9galement de canon ext\u00e9rieur avec un filetage CCW de 14 mm. Le corps maintient \u00e9galement le verrou interne, offrant une excellente mise au point et une excellente port\u00e9e. Des viseurs en fibre optique et des rails RIS suppl\u00e9mentaires pour le montage d'accessoires tels que des optiques ou un \u00e9clairage sont inclus. D\u00e9couvrez notre gamme d'<a href=\"https:\/\/ak47.nu\/fr\/butik\/\">autres pistolets airsoft<\/a> pour trouver le mod\u00e8le qui vous convient.<\/p>\n<h3>Blowback \u00c9conomique et Conception Ergonomique<\/h3>\n<p>Gr\u00e2ce au verrou l\u00e9ger, la r\u00e9plique est extr\u00eamement \u00e9conomique malgr\u00e9 le syst\u00e8me de blowback. La partie inf\u00e9rieure du corps est con\u00e7ue d'apr\u00e8s la s\u00e9rie G bien connue et appr\u00e9ci\u00e9e pour son ergonomie, ce qui la rend facile \u00e0 manipuler m\u00eame pour les utilisateurs de r\u00e9pliques classiques. Pour plus d'informations sur les jeux d'airsoft, consultez notre <a href=\"https:\/\/ak47.nu\/fr\/airsoft\/\">cat\u00e9gorie airsoft<\/a>.<\/p>\n<h3>Tir Simple et Continu, Plus Fonctions de S\u00e9curit\u00e9<\/h3>\n<p>Le pistolet Galaxy offre des options de tir simple et continu gr\u00e2ce \u00e0 un s\u00e9lecteur discr\u00e8tement plac\u00e9. Pour plus de s\u00e9curit\u00e9, il existe un fusible cach\u00e9 \u00e0 c\u00f4t\u00e9 de la g\u00e2chette. Nouveau dans le domaine de l'airsoft ? Visitez <a href=\"https:\/\/ak47.nu\/fr\/\">notre page d'accueil<\/a> pour en savoir plus.<\/p>\n<h3>L'ensemble comprend :<\/h3>\n<ul>\n <li>R\u00e9plique<\/li>\n <li>Chargeur 24 BB<\/li>\n <li>2x rails RIS<\/li>\n <li>Vis de montage<\/li>\n <li>Cl\u00e9 Allen<\/li>\n <li>Instructions<\/li>\n<\/ul>\n<h3>Sp\u00e9cifications :<\/h3>\n<ul>\n <li>Mat\u00e9riau : M\u00e9tal + Plastique<\/li>\n <li>Alimentation : Gaz vert<\/li>\n <li>Poids : 900g<\/li>\n <li>Couleur : Violet \/ Noir<\/li>\n<\/ul>","protected":false},"excerpt":{"rendered":"<p>WE Galaxy R\u00e9plique de Pistolet &#8211; Violet &#8211; Gbb &#8211; 6mm Airsoft R\u00e9plique Airsoft Polyvalente pour For\u00eat, CQB et Speedsoft Cette r\u00e9plique remarquable du fabricant ta\u00efwanais WE est faite de m\u00e9tal et de polym\u00e8re de haute qualit\u00e9. Le WE Galaxy n&#8217;est pas une vraie arme \u00e0 feu, mais l&#8217;accent est mis sur une r\u00e9plique polyvalente [&#8230;]","protected":false},"featured_media":35889,"template":"","meta":[],"product_brand":[],"product_cat":[368,410,411],"product_tag":[],"class_list":{"0":"post-35925","1":"product","2":"type-product","3":"status-publish","4":"has-post-thumbnail","6":"product_cat-airsoft","7":"product_cat-grongas","8":"product_cat-pistoler-grongas","9":"pa_brand-we","11":"first","12":"instock","13":"sale","14":"taxable","15":"shipping-taxable","16":"purchasable","17":"product-type-simple"},"_links":{"self":[{"href":"https:\/\/ak47.nu\/fr\/wp-json\/wp\/v2\/product\/35925","targetHints":{"allow":["GET"]}}],"collection":[{"href":"https:\/\/ak47.nu\/fr\/wp-json\/wp\/v2\/product"}],"about":[{"href":"https:\/\/ak47.nu\/fr\/wp-json\/wp\/v2\/types\/product"}],"wp:featuredmedia":[{"embeddable":true,"href":"https:\/\/ak47.nu\/fr\/wp-json\/wp\/v2\/media\/35889"}],"wp:attachment":[{"href":"https:\/\/ak47.nu\/fr\/wp-json\/wp\/v2\/media?parent=35925"}],"wp:term":[{"taxonomy":"product_brand","embeddable":true,"href":"https:\/\/ak47.nu\/fr\/wp-json\/wp\/v2\/product_brand?post=35925"},{"taxonomy":"product_cat","embeddable":true,"href":"https:\/\/ak47.nu\/fr\/wp-json\/wp\/v2\/product_cat?post=35925"},{"taxonomy":"product_tag","embeddable":true,"href":"https:\/\/ak47.nu\/fr\/wp-json\/wp\/v2\/product_tag?post=35925"}],"curies":[{"name":"wp","href":"https:\/\/api.w.org\/{rel}","templated":true}]}}