{"id":36672,"date":"2022-07-19T09:25:25","date_gmt":"2022-07-19T07:25:25","guid":{"rendered":"https:\/\/ak47.nu\/produkt\/abbey-predator-ultra-gas-700ml\/"},"modified":"2026-04-22T19:00:31","modified_gmt":"2026-04-22T17:00:31","slug":"abbey-predator-ultra-gas-700ml","status":"publish","type":"product","link":"https:\/\/ak47.nu\/fr\/produit\/tillbehor-2\/drivmedel-tillbehor-2\/grongas-drivmedel-tillbehor-2\/abbey-predator-ultra-gas-700ml\/","title":{"rendered":"Abbey Predator Ultra Gas - 700ml | Gaz Haute Pression"},"content":{"rendered":"<h1>Abbey Predator Ultra Gas - 700ml<\/h1><h2>Gaz haute pression pour r\u00e9pliques d'airsoft<\/h2><p>Le gaz Abbey Predator Ultra est un gaz vert tr\u00e8s efficace, id\u00e9al pour alimenter vos r\u00e9pliques d'airsoft. Ce gaz haute pression est particuli\u00e8rement recommand\u00e9 pour une utilisation avec des r\u00e9pliques \u00e9quip\u00e9es d'un syst\u00e8me Blow Back, offrant une performance fiable et puissante \u00e0 chaque fois. Veuillez noter qu'il n'est pas recommand\u00e9 pour une utilisation avec des pistolets d'airsoft en plastique.<\/p><p>La bouteille est \u00e9quip\u00e9e d'une buse en polym\u00e8re qui minimise le risque d'endommagement de la valve pendant le processus de chargement, assurant une utilisation fluide et sans probl\u00e8me. Avec une capacit\u00e9 de 700 ml et un poids de 470 g, vous obtenez un gaz fiable et efficace pour vos besoins en airsoft. Am\u00e9liorez votre exp\u00e9rience d'airsoft avec <a href=\"https:\/\/ak47.nu\/fr\/butik\/\">Abbey Predator Ultra Gas<\/a>. D\u00e9couvrez plus d'<a href=\"https:\/\/ak47.nu\/fr\/tillbehor-2\/drivmedel-tillbehor-2\/\">accessoires d'airsoft<\/a> sur notre site web et ne manquez pas notre large gamme de produits sur <a href=\"https:\/\/ak47.nu\/fr\/\">la page d'accueil<\/a>.<\/p><h3>Sp\u00e9cifications :<\/h3><ul><li><strong>Type :<\/strong> Gaz vert haute pression<\/li><li><strong>Capacit\u00e9 :<\/strong> 700 ml<\/li><li><strong>Poids :<\/strong> 470 g<\/li><li><strong>Buse :<\/strong> Buse en polym\u00e8re pour un chargement s\u00fbr<\/li><li><strong>Recommandation :<\/strong> Convient aux r\u00e9pliques avec syst\u00e8me Blow Back<\/li><\/ul>","protected":false},"excerpt":{"rendered":"<p>K\u00f6p Abbey Predator Ultra Gas &#8211; 700ml f\u00f6r b\u00e4sta prestanda<\/p>","protected":false},"featured_media":36668,"template":"","meta":[],"product_brand":[],"product_cat":[456],"product_tag":[],"class_list":{"0":"post-36672","1":"product","2":"type-product","3":"status-publish","4":"has-post-thumbnail","6":"product_cat-grongas-drivmedel-tillbehor-2","7":"pa_brand-abbey","9":"first","10":"instock","11":"sale","12":"taxable","13":"shipping-taxable","14":"purchasable","15":"product-type-simple"},"_links":{"self":[{"href":"https:\/\/ak47.nu\/fr\/wp-json\/wp\/v2\/product\/36672","targetHints":{"allow":["GET"]}}],"collection":[{"href":"https:\/\/ak47.nu\/fr\/wp-json\/wp\/v2\/product"}],"about":[{"href":"https:\/\/ak47.nu\/fr\/wp-json\/wp\/v2\/types\/product"}],"wp:featuredmedia":[{"embeddable":true,"href":"https:\/\/ak47.nu\/fr\/wp-json\/wp\/v2\/media\/36668"}],"wp:attachment":[{"href":"https:\/\/ak47.nu\/fr\/wp-json\/wp\/v2\/media?parent=36672"}],"wp:term":[{"taxonomy":"product_brand","embeddable":true,"href":"https:\/\/ak47.nu\/fr\/wp-json\/wp\/v2\/product_brand?post=36672"},{"taxonomy":"product_cat","embeddable":true,"href":"https:\/\/ak47.nu\/fr\/wp-json\/wp\/v2\/product_cat?post=36672"},{"taxonomy":"product_tag","embeddable":true,"href":"https:\/\/ak47.nu\/fr\/wp-json\/wp\/v2\/product_tag?post=36672"}],"curies":[{"name":"wp","href":"https:\/\/api.w.org\/{rel}","templated":true}]}}