{"id":36868,"date":"2022-08-12T09:11:28","date_gmt":"2022-08-12T07:11:28","guid":{"rendered":"https:\/\/ak47.nu\/produkt\/well-p90-smg-d90-h-aeg-6mm-airsoft\/"},"modified":"2025-12-03T20:33:01","modified_gmt":"2025-12-03T19:33:01","slug":"well-p90-d90-h-aeg-6mm-airsoft-replique-pistolet-mitrailleur","status":"publish","type":"product","link":"https:\/\/ak47.nu\/fr\/produit\/airsoft\/el-drivna\/kulsprutor\/well-p90-d90-h-aeg-6mm-airsoft-replique-pistolet-mitrailleur\/","title":{"rendered":"WELL P90 D90-H AEG 6mm Airsoft | R\u00e9plique de Pistolet Mitrailleur"},"content":{"rendered":"<h1>WELL - P90 SMG - D90-H - AEG - 6MM Airsoft<\/h1>\n<h2>R\u00e9plique de Pistolet Mitrailleur D90H Compacte et Pr\u00e9cise<\/h2>\n<p>La r\u00e9plique du D90H est fabriqu\u00e9e, comme l'original, presque enti\u00e8rement en plastique durable. Son design compact et sa petite taille en font un outil extr\u00eamement pratique, id\u00e9al comme arme principale pour les combats \u00e0 courte et moyenne port\u00e9e. Le canon allong\u00e9, qui atteint loin derri\u00e8re la d\u00e9tente (ce qui est typique des armes bullpup), assure une pr\u00e9cision accrue du tir. Le simple fait d'utiliser le syst\u00e8me bullpup augmente le confort de l'utilisateur - la r\u00e9plique est courte, facile \u00e0 man\u0153uvrer et tr\u00e8s stable tout en restant pr\u00e9cise. Vous recherchez une arme airsoft fiable ? <a href=\"https:\/\/ak47.nu\/fr\/butik\/\">Explorez notre gamme de fusils airsoft<\/a> !<\/p>\n\n<h2>Avantages de la Conception Bullpup et Cadence de Tir \u00c9lev\u00e9e<\/h2>\n<p>Le chargeur tr\u00e9mie peut contenir 300 billes, ce qui, combin\u00e9 \u00e0 la pr\u00e9cision, \u00e0 la possibilit\u00e9 de tir continu et \u00e0 la cadence de tir th\u00e9orique de 400 coups par minute, fait de cette r\u00e9plique un outil parfait pour les jeux CQB. Lors de l'utilisation de billes de 0,12 gramme, la vitesse initiale atteint 180 FPS. Il est \u00e9galement possible d'utiliser des billes plus lourdes de 0,20 g, ce qui se traduira par une l\u00e9g\u00e8re diminution de la port\u00e9e et une augmentation de la pr\u00e9cision des tirs. Am\u00e9liorez votre exp\u00e9rience airsoft avec des accessoires de haute qualit\u00e9. <a href=\"https:\/\/ak47.nu\/fr\/airsoft\/\">Consultez notre s\u00e9lection d'accessoires airsoft<\/a>.<\/p>\n\n<h2>\u00c9quipement et Accessoires<\/h2>\n<p>La r\u00e9plique est \u00e9quip\u00e9e d'un rail RIS plac\u00e9 sur le dessus, au-dessus du chargeur. Il vous permet de fixer le viseur inclus dans le kit sur la r\u00e9plique, ou m\u00eame la lampe de poche tactique incluse dans le kit. En plus du chargeur, du viseur avec support, de la lampe de poche et de la batterie, le kit avec la r\u00e9plique comprend \u00e9galement une sangle de transport et un silencieux. Bienvenue sur https:\/\/ak47.nu\/ pour trouver tout ce dont vous avez besoin !<\/p>\n\n<h2>Ensemble Complet pour l'Entra\u00eenement et les Jeux<\/h2>\n<p>Le kit est livr\u00e9 avec un pi\u00e8ge \u00e0 balles qui permet un entra\u00eenement au tir facile, m\u00eame dans des pi\u00e8ces ferm\u00e9es. Cela fait du D90-H un excellent choix pour les d\u00e9butants et les passionn\u00e9s d'airsoft exp\u00e9riment\u00e9s qui cherchent \u00e0 am\u00e9liorer leur pr\u00e9cision et leur tactique.<\/p>\n\n<h3>Le kit comprend :<\/h3>\n<ul>\n<li>R\u00e9plique<\/li>\n<li>Chargeur<\/li>\n<li>Batterie<\/li>\n<li>Chargeur<\/li>\n<li>Silencieux<\/li>\n<li>Sangle de transport<\/li>\n<li>Collimateur<\/li>\n<li>Lampe de poche<\/li>\n<li>Pi\u00e8ge \u00e0 balles<\/li>\n<\/ul>\n\n<h3>D\u00e9tails :<\/h3>\n<ul>\n<li>R\u00e9plique de pistolet mitrailleur P90<\/li>\n<li>Vitesse : ~180 FPS<\/li>\n<li>Entra\u00eenement : \u00c9lectrique<\/li>\n<li>Poids : 1112g<\/li>\n<li>Mat\u00e9riau : Plastique<\/li>\n<\/ul>","protected":false},"excerpt":{"rendered":"<p>K\u00f6p WELL P90 SMG D90-H AEG 6MM Airsoft &#8211; B\u00e4sta priser och h\u00f6g kvalitet. Utforska v\u00e5rt sortiment av WELL P90 SMG D90-H AEG 6MM Airsoft f\u00f6r en fantastisk spelupplevelse. Best\u00e4ll idag och njut av snabb leverans och p\u00e5litlig service.<\/p>","protected":false},"featured_media":36832,"template":"","meta":[],"product_brand":[],"product_cat":[402],"product_tag":[],"class_list":{"0":"post-36868","1":"product","2":"type-product","3":"status-publish","4":"has-post-thumbnail","6":"product_cat-kulsprutor","7":"pa_brand-well","9":"first","10":"outofstock","11":"taxable","12":"shipping-taxable","13":"purchasable","14":"product-type-simple"},"_links":{"self":[{"href":"https:\/\/ak47.nu\/fr\/wp-json\/wp\/v2\/product\/36868","targetHints":{"allow":["GET"]}}],"collection":[{"href":"https:\/\/ak47.nu\/fr\/wp-json\/wp\/v2\/product"}],"about":[{"href":"https:\/\/ak47.nu\/fr\/wp-json\/wp\/v2\/types\/product"}],"wp:featuredmedia":[{"embeddable":true,"href":"https:\/\/ak47.nu\/fr\/wp-json\/wp\/v2\/media\/36832"}],"wp:attachment":[{"href":"https:\/\/ak47.nu\/fr\/wp-json\/wp\/v2\/media?parent=36868"}],"wp:term":[{"taxonomy":"product_brand","embeddable":true,"href":"https:\/\/ak47.nu\/fr\/wp-json\/wp\/v2\/product_brand?post=36868"},{"taxonomy":"product_cat","embeddable":true,"href":"https:\/\/ak47.nu\/fr\/wp-json\/wp\/v2\/product_cat?post=36868"},{"taxonomy":"product_tag","embeddable":true,"href":"https:\/\/ak47.nu\/fr\/wp-json\/wp\/v2\/product_tag?post=36868"}],"curies":[{"name":"wp","href":"https:\/\/api.w.org\/{rel}","templated":true}]}}