{"id":36952,"date":"2022-08-30T10:59:26","date_gmt":"2022-08-30T08:59:26","guid":{"rendered":"https:\/\/ak47.nu\/produkt\/swiss-arms-navy-pistol-airsoft-6mm-fjader\/"},"modified":"2025-12-03T20:33:03","modified_gmt":"2025-12-03T19:33:03","slug":"swiss-arms-navy-pistol-airsoft-6mm-fjader","status":"publish","type":"product","link":"https:\/\/ak47.nu\/fr\/produit\/airsoft\/fjader\/pistoler-fjader\/swiss-arms-navy-pistol-airsoft-6mm-fjader\/","title":{"rendered":"Swiss Arms &#8211; Navy Pistol &#8211; Airsoft &#8211; 6mm &#8211; Fj\u00e4der"},"content":{"rendered":"<p>Swiss Arms vapen passar perfekt till den stereotyp som vi alla har av saker schweiziska, eftersom precision och kvalitet &auml;r f&ouml;retagets grundl&auml;ggande v&auml;rden. Alla f&ouml;retagets produkter har utformats f&ouml;r att optimera prestanda, vilket &auml;r fallet f&ouml;r alla tillbeh&ouml;r.<\/p>\n<p>Idag betraktas Swiss Arms ofta som det f&ouml;retag med de mest presterande vapnen och det bredaste utbudet av tillbeh&ouml;r p&aring; marknaden.<\/p>\n<p>Navy-pistolen &auml;r vapen fr&aring;n U.S. Navy Seals specialstyrkor. Den erbjuder stor tillf&ouml;rlitlighet, solid prestanda och mycket bra tr&auml;ffs&auml;kerhet. Denna replika har de officiella Swiss Arms-m&auml;rkningarna och best&aring;r av en ABS kropp och en metallslide.<\/p>\n<p><strong>Detaljer<\/strong><br \/>Replika med polymerkropp och metallslide<br \/>Fj&auml;der replika perfekt f&ouml;r nyb&ouml;rjare<br \/>Har sikte med l&aring;g profil f&ouml;r att h&aring;lla din siktlinje n&auml;ra pipan och i linje med dina utstr&auml;ckta armar<\/p>\n<p>M&auml;rke: Swiss Arms<br \/>F&auml;rg: Svart<br \/>Kaliber: 6 mm<br \/>Drivsystem: Fj&auml;der<br \/>Vikt: 510 g<br \/>Kraft (i Joule): 0.5<br \/>FPS (0,20gr): 240<br \/>Hop-up: Fast<br \/>L&auml;gen: Safe, Single shot<br \/>Material: ABS<br \/>L&auml;ngd: 198 mm<br \/>Magasin kapacitet: 12<\/p>","protected":false},"excerpt":{"rendered":"<p>K\u00f6p Swiss Arms Navy Pistol &#8211; Airsoft &#8211; 6mm &#8211; Fj\u00e4der online. Perfekt f\u00f6r airsoftspel och tr\u00e4ning. H\u00f6gkvalitativt vapen fr\u00e5n Swiss Arms med fj\u00e4dermekanism f\u00f6r en realistisk k\u00e4nsla. Best\u00e4ll nu och f\u00e5 snabb leverans!<\/p>","protected":false},"featured_media":36944,"template":"","meta":[],"product_brand":[],"product_cat":[418],"product_tag":[],"class_list":{"0":"post-36952","1":"product","2":"type-product","3":"status-publish","4":"has-post-thumbnail","6":"product_cat-pistoler-fjader","7":"pa_brand-swiss-arms","8":"pa_farg-svart","10":"first","11":"outofstock","12":"taxable","13":"shipping-taxable","14":"purchasable","15":"product-type-simple"},"_links":{"self":[{"href":"https:\/\/ak47.nu\/fr\/wp-json\/wp\/v2\/product\/36952","targetHints":{"allow":["GET"]}}],"collection":[{"href":"https:\/\/ak47.nu\/fr\/wp-json\/wp\/v2\/product"}],"about":[{"href":"https:\/\/ak47.nu\/fr\/wp-json\/wp\/v2\/types\/product"}],"wp:featuredmedia":[{"embeddable":true,"href":"https:\/\/ak47.nu\/fr\/wp-json\/wp\/v2\/media\/36944"}],"wp:attachment":[{"href":"https:\/\/ak47.nu\/fr\/wp-json\/wp\/v2\/media?parent=36952"}],"wp:term":[{"taxonomy":"product_brand","embeddable":true,"href":"https:\/\/ak47.nu\/fr\/wp-json\/wp\/v2\/product_brand?post=36952"},{"taxonomy":"product_cat","embeddable":true,"href":"https:\/\/ak47.nu\/fr\/wp-json\/wp\/v2\/product_cat?post=36952"},{"taxonomy":"product_tag","embeddable":true,"href":"https:\/\/ak47.nu\/fr\/wp-json\/wp\/v2\/product_tag?post=36952"}],"curies":[{"name":"wp","href":"https:\/\/api.w.org\/{rel}","templated":true}]}}