{"id":37125,"date":"2022-09-05T09:29:29","date_gmt":"2022-09-05T07:29:29","guid":{"rendered":"https:\/\/ak47.nu\/produkt\/gfc-tactical-speed-pouch-for-single-pistol-magasin-svart\/"},"modified":"2025-08-21T10:42:22","modified_gmt":"2025-08-21T08:42:22","slug":"gfc-tactical-speed-pouch-chargeur-pistolet-noir","status":"publish","type":"product","link":"https:\/\/ak47.nu\/fr\/produit\/tillbehor-2\/ovriga-tillbehor\/gfc-tactical-speed-pouch-chargeur-pistolet-noir\/","title":{"rendered":"GFC Tactical Speed Pouch Chargeur Pistolet - Noir"},"content":{"rendered":"<h1>GFC Tactical Speed Pouch pour Chargeur de Pistolet - Noir<\/h1>\n<h2>Acc\u00e8s Rapide et Conception L\u00e9g\u00e8re<\/h2>\n<p><strong>Speed Pouch pour chargeur de pistolet unique - Noir<\/strong>. Une speed pouch pour un seul chargeur de pistolet fabriqu\u00e9e en nylon durable. Veuillez noter que le chargeur n'est pas inclus.<\/p>\n<h3>Construction Compatible MOLLE et \u00c9lastique<\/h3>\n<p>Cette speed pouch est partiellement faite de mat\u00e9riau \u00e9lastique, permettant un acc\u00e8s rapide au chargeur. Le mat\u00e9riau r\u00e9duit \u00e9galement le poids et l'espace occup\u00e9 sur votre \u00e9quipement. Gr\u00e2ce au <a href=\"https:\/\/ak47.nu\/fr\/tillbehor-2\/ovriga-tillbehor\/\">syst\u00e8me MOLLE<\/a>, vous pouvez facilement attacher la pouch \u00e0 votre autre \u00e9quipement. Parfait pour ceux qui veulent un moyen simple et facile de ranger leurs chargeurs.<\/p>\n<p>Am\u00e9liorez votre \u00e9quipement avec cette <a href=\"https:\/\/ak47.nu\/fr\/butik\/\">GFC Tactical Speed Pouch<\/a> pratique. La construction durable et la conception intelligente en font un compagnon fiable sur le terrain. Pour plus de produits de haute qualit\u00e9, visitez notre <a href=\"https:\/\/ak47.nu\/fr\/\">site web<\/a>.<\/p>\n<ul>\n <li><strong>Mat\u00e9riau:<\/strong> Nylon durable et mat\u00e9riau \u00e9lastique<\/li>\n <li><strong>Compatibilit\u00e9:<\/strong> Syst\u00e8me MOLLE<\/li>\n <li><strong>Couleur:<\/strong> Noir<\/li>\n <li><strong>Fonction:<\/strong> Acc\u00e8s rapide au chargeur<\/li>\n<\/ul>","protected":false},"excerpt":{"rendered":"<p>K\u00f6p GFC Tactical Speed Pouch f\u00f6r single pistol magasin i svart &#8211; Perfekt f\u00f6r snabb och smidig \u00e5tkomst av ditt magasin. Uppt\u00e4ck v\u00e5rt breda sortiment av vapentillbeh\u00f6r hos GFC Tactical.<\/p>","protected":false},"featured_media":37109,"template":"","meta":[],"product_brand":[],"product_cat":[475,450],"product_tag":[],"class_list":{"0":"post-37125","1":"product","2":"type-product","3":"status-publish","4":"has-post-thumbnail","6":"product_cat-ovriga-tillbehor","7":"product_cat-tillbehor-2","8":"pa_brand-gfc-tactical","10":"first","11":"instock","12":"sale","13":"taxable","14":"shipping-taxable","15":"purchasable","16":"product-type-simple"},"_links":{"self":[{"href":"https:\/\/ak47.nu\/fr\/wp-json\/wp\/v2\/product\/37125","targetHints":{"allow":["GET"]}}],"collection":[{"href":"https:\/\/ak47.nu\/fr\/wp-json\/wp\/v2\/product"}],"about":[{"href":"https:\/\/ak47.nu\/fr\/wp-json\/wp\/v2\/types\/product"}],"wp:featuredmedia":[{"embeddable":true,"href":"https:\/\/ak47.nu\/fr\/wp-json\/wp\/v2\/media\/37109"}],"wp:attachment":[{"href":"https:\/\/ak47.nu\/fr\/wp-json\/wp\/v2\/media?parent=37125"}],"wp:term":[{"taxonomy":"product_brand","embeddable":true,"href":"https:\/\/ak47.nu\/fr\/wp-json\/wp\/v2\/product_brand?post=37125"},{"taxonomy":"product_cat","embeddable":true,"href":"https:\/\/ak47.nu\/fr\/wp-json\/wp\/v2\/product_cat?post=37125"},{"taxonomy":"product_tag","embeddable":true,"href":"https:\/\/ak47.nu\/fr\/wp-json\/wp\/v2\/product_tag?post=37125"}],"curies":[{"name":"wp","href":"https:\/\/api.w.org\/{rel}","templated":true}]}}